{"id":4288,"date":"2022-12-09T16:38:23","date_gmt":"2022-12-09T21:38:23","guid":{"rendered":"https:\/\/www.ceceresantana.com\/es\/?page_id=4288"},"modified":"2023-03-31T15:41:56","modified_gmt":"2023-03-31T19:41:56","slug":"abogados-de-lesiones-cerebrales-tbi","status":"publish","type":"page","link":"https:\/\/www.ceceresantana.com\/es\/abogados-de-lesiones-cerebrales-tbi\/","title":{"rendered":"Abogados de lesiones cerebrales (TBI)"},"content":{"rendered":"<h1>Abogados de lesiones cerebrales (TBI)<\/h1>\n<p><img loading=\"lazy\" decoding=\"async\" class=\"alignright wp-image-4289 size-medium\" src=\"https:\/\/www.ceceresantana.com\/es\/wp-content\/uploads\/2022\/12\/attorneys-for-traumatic-brain-injury-300x200.jpg\" alt=\"attorneys-for-traumatic-brain-injury\" width=\"300\" height=\"200\" srcset=\"https:\/\/www.ceceresantana.com\/es\/wp-content\/uploads\/2022\/12\/attorneys-for-traumatic-brain-injury-300x200.jpg 300w, https:\/\/www.ceceresantana.com\/es\/wp-content\/uploads\/2022\/12\/attorneys-for-traumatic-brain-injury-1024x682.jpg 1024w, https:\/\/www.ceceresantana.com\/es\/wp-content\/uploads\/2022\/12\/attorneys-for-traumatic-brain-injury-768x512.jpg 768w, https:\/\/www.ceceresantana.com\/es\/wp-content\/uploads\/2022\/12\/attorneys-for-traumatic-brain-injury-600x400.jpg 600w, https:\/\/www.ceceresantana.com\/es\/wp-content\/uploads\/2022\/12\/attorneys-for-traumatic-brain-injury.jpg 1280w\" sizes=\"auto, (max-width: 300px) 100vw, 300px\" \/><\/p>\n<p>Los accidentes graves pueden ocurrir en cualquier lugar, ya en el trabajo, conduciendo su autom\u00f3vil o de vacaciones. En algunos incidentes, los accidentes pueden ser suficientemente graves como para causar lesiones cerebrales. Para las personas en Fort Lauderdale lesionadas como resultado de la acci\u00f3n de otra persona, las demandas por da\u00f1os cerebrales pueden ayudarlos a pagar los gastos m\u00e9dicos, la p\u00e9rdida de salarios y el dolor y el sufrimiento causado \u200b\u200bpor estas lesiones catastr\u00f3ficas. El equipo de Cecere Santana a menudo ayuda a los clientes a presentar un reclamo y negocio acuerdos en casos de lesiones cerebrales traum\u00e1ticas.<\/p>\n<p><span style=\"font-size: 1rem\">Lesi\u00f3n cerebral traum\u00e1tica (TBI) es un t\u00e9rmino que se refiere a las lesiones relacionadas con el cuero cabelludo, el cerebro y el cr\u00e1neo. Pueden ocurrir como resultado de una sacudida o golpe violento en la cabeza o debido a una lesi\u00f3n penetrante.<\/span><\/p>\n<h2>Tipos de lesi\u00f3n cerebral traum\u00e1tica<\/h2>\n<p>Las lesiones cerebrales se conocen como \u201clesiones invisibles\u201d. Aunque no puede ver inmediatamente los efectos de la lesi\u00f3n, el da\u00f1o est\u00e1 ah\u00ed. El tipo y la duraci\u00f3n de la atenci\u00f3n m\u00e9dica que puede necesitar depende de una variedad de factores, tales como:<\/p>\n<ul>\n<li>La ubicaci\u00f3n de la lesi\u00f3n<\/li>\n<li>La gravedad del da\u00f1o<\/li>\n<li>C\u00f3mo se adquiri\u00f3<\/li>\n<\/ul>\n<h3>Conmociones cerebrales<\/h3>\n<p>Las conmociones cerebrales son causadas por un impacto en la cabeza, sacudidas o un cambio repentino en el movimiento, como un latigazo cervical. En el condado de Broward, este tipo de da\u00f1o a menudo ocurre en accidentes automovil\u00edsticos y de resbalones y ca\u00eddas. No siempre se pueden ver en las pruebas de imagen, pero deben tratarse como lesiones graves. Las conmociones cerebrales pueden causar p\u00e9rdida de memoria, desorientaci\u00f3n, dolores de cabeza y problemas de concentraci\u00f3n. Si sufre una segunda conmoci\u00f3n cerebral antes de que sane la primera, existe la posibilidad de sufrir el s\u00edndrome del segundo impacto.<\/p>\n<h3>Contusiones Cerebrales<\/h3>\n<p>Conocido com\u00fanmente como hematoma, una contusi\u00f3n ocurre cuando un vaso sangu\u00edneo o capilar se filtra hacia el \u00e1rea circundante. Sin embargo, cuando se produce un hematoma en el cerebro, la presi\u00f3n de la fuga no tiene ad\u00f3nde ir. La p\u00e9rdida del conocimiento, la angustia emocional, la agitaci\u00f3n y la confusi\u00f3n son s\u00edntomas de una lesi\u00f3n leve a moderada de este tipo. Si es grave, la inflamaci\u00f3n suele desarrollarse entre 48 y 72 horas despu\u00e9s de la lesi\u00f3n, lo que puede reducir los niveles de ox\u00edgeno del cerebro. Las tomograf\u00edas computarizadas pueden diagnosticar de manera r\u00e1pida y precisa este tipo de lesi\u00f3n.<\/p>\n<h3>Lesiones cerebrales penetrantes<\/h3>\n<p>Cuando una fuerza externa u objeto de alg\u00fan tipo perfora el cr\u00e1neo y entra en contacto con el cerebro, la fuerza puede causar da\u00f1os graves. Los s\u00edntomas pueden variar desde sangrado abundante de los o\u00eddos o la cabeza, convulsiones, p\u00e9rdida del conocimiento, movimiento o sensibilidad en las extremidades hasta el coma. Dependiendo de su condici\u00f3n, se pueden usar an\u00e1lisis de sangre, una resonancia magn\u00e9tica o una tomograf\u00eda computarizada para determinar la gravedad de la lesi\u00f3n.<\/p>\n<h3>Lesiones cerebrales lesi\u00f3n,<\/h3>\n<p>Cuando hay un bloqueo del flujo sangu\u00edneo, el cerebro no recibe suficiente ox\u00edgeno para funcionar correctamente. De cuatro a cinco minutos despu\u00e9s del bloqueo, las c\u00e9lulas cerebrales comienzan a morir y se produce una lesi\u00f3n. Los traumatismos, como un derrame cerebral o un ataque al coraz\u00f3n, pueden causar este tipo de lesi\u00f3n.<\/p>\n<h3>Causas de las lesiones cerebrales traum\u00e1ticas<\/h3>\n<p>Hay una amplia gama de situaciones que pueden resultar en un trauma cerebral en los condados de Broward y Miami-Dade.<\/p>\n<ul>\n<li>Los accidentes de bicicleta van aumento a medida que m\u00e1s personas intentan ahorrar gasolina, reducir las emisiones y vivir de manera m\u00e1s saludable. La falta de equipo de protecci\u00f3n adecuado, como cascos, podr\u00eda provocar una lesi\u00f3n TBI en una colisi\u00f3n con otra bicicleta, objeto o veh\u00edculo.<\/li>\n<li>La negligencia m\u00e9dica causada por errores de medicaci\u00f3n o anestesia puede resultar en da\u00f1o cerebral y deterioro cognitivo que los afecta por el resto de sus vidas.<\/li>\n<li>Los accidentes relacionados con veh\u00edculos, como las colisiones de autom\u00f3viles, camiones y motocicletas, pueden tener consecuencias que alteran la vida. Tu vida o la de un ser querido puede cambiar en un momento.<\/li>\n<li>Los accidentes en el lugar de trabajo, como resbalones y ca\u00eddas en condiciones peligrosas, pueden provocar una lesi\u00f3n cerebral y traum\u00e1tica.<\/li>\n<\/ul>\n<p>Los abogados especializados en da\u00f1o cerebral del sur de Florida pueden ayudarlo a garantizar que obtenga la atenci\u00f3n m\u00e9dica que necesita y velar por su mejor inter\u00e9s mientras se enfoca en curarse.<\/p>\n<h2>P\u00f3ngase en contacto con nosotros hoy<\/h2>\n<p><a href=\"https:\/\/www.ceceresantana.com\/\"><span class=\"ver\" aria-describedby=\"tippy-908\">Cecere<\/span> <span class=\"spellver\" title=\"Santa na, Santa-na, Santona, Sant\u00f3n, Saltana, Sentina, Samotana, Sonatina, Santas, Santa, Sent\u00edan, Sientan, Santonas, Kantiana, Mantuana, Sentaba, Satina, Sinton\u00eda, Sotana, Antena, Cantona, Hontana, Mantona, Montana, Santera, Sentada, Sentara, Sultana, Ventana\">Santana<\/span><\/a> tiene experiencia representando a clientes con lesiones cerebrales traum\u00e1ticas, causadas por mala conducta o negligencia de otra parte. <span class=\"ver\">Nuestros abogados<\/span> de <span class=\"spellver\">TBI<\/span> <span class=\"spellver\" title=\"Foro, Frota, Frote, Froto, Frot\u00e9, Frot\u00f3, Forra, Forre, Forro, Forr\u00e9, Forr\u00f3, Foto, Orto, Fort\u00edn, Fuet, F\u00edat, Aorta, Corta, Corto, Foral, Foros, Norte, Torta, Faro\">Fort<\/span> <span class=\"spellver\" title=\"Lauredal, Lid\u00e9rale, Lauredales, Lid\u00e9rala, Lid\u00e9ralo, Lid\u00e9rele, Ladrille, Ladrador, Ladrilla, Ladrillo\">Lauderdale<\/span> se aseguran de que conozca sus derechos, comprenda sus opciones y luche por la compensaci\u00f3n m\u00e1xima a la que tiene derecho. <a href=\"https:\/\/www.ceceresantana.com\/contact-us\/\"><span class=\"spellver\" title=\"Cont\u00e1ctenlos, Contactemos, Cont\u00e1ctelos, Cont\u00e1ctenlo, Contacten, Contactes, Contactos, Cont\u00e1ctenlas, Cont\u00e1ctenles, Cont\u00e1ctenla, Con\u00e9ctenos, Cont\u00e1ctalos, Cont\u00e1ctelas, Cont\u00e1cteles, Cont\u00e1ctenle, Conc\u00edtenos, Con\u00e9ctennos, Cont\u00e1ctelo, Con\u00e9ctanos\">Cont\u00e1ctenos<\/span> hoy<\/a> para programar una consulta gratis. Podemos reunirnos con usted en el hospital, el hogar o el trabajo.<\/p>\n<p style=\"text-align: right\"><span style=\"color: #999999\"><em>Featured Image: Shutterstock \/ BlurryMe<\/em><\/span><\/p>\n<p>Visite su oficina <span class=\"ver\" title=\"This is the future subjunctive, a tense which has become obsolete in modern Spanish. We suggest you use the present subjunctive instead (or perhaps the future).\">Cecere<\/span> <span class=\"spellver\" title=\"Santa na, Santa-na, Santona, Sant\u00f3n, Saltana, Sentina, Samotana, Sonatina, Santas, Santa, Sent\u00edan, Sientan, Santonas, Kantiana, Mantuana, Sentaba, Satina, Sinton\u00eda, Sotana, Antena, Cantona, Hontana, Mantona, Montana, Santera, Sentada, Sentara, Sultana, Ventana\">Santana<\/span> m\u00e1s cercana hoy.<\/p>\n<p><a href=\"https:\/\/www.ceceresantana.com\/office-locations\/plantation\/\">Plantaci\u00f3n, Florida<\/a><\/p>\n<p><a href=\"https:\/\/www.ceceresantana.com\/office-locations\/coral-gables-office\/\">Coral <span class=\"spellver\">Gables,<\/span> Florida<\/a><\/p>\n<p><a href=\"https:\/\/www.ceceresantana.com\/office-locations\/west-palm-beach-office\/\"><span class=\"spellver\" title=\"Test, Esta, Este, Esto, Est\u00e1, Est\u00e9, Cesta, Cesto, Gesta, Gesto, Leste, Mesta, Mesto, Oeste, Peste, Resta, Resto, Testa, Veste, Post\">West<\/span> <span class=\"spellver\" title=\"Palma, Palmo, Pala, Palo\">Palm<\/span> <span class=\"modupdated\">Playa<\/span>, Florida<\/a><\/p>\n<!-- AddThis Advanced Settings generic via filter on the_content --><!-- AddThis Share Buttons generic via filter on the_content -->","protected":false},"excerpt":{"rendered":"<p>Abogados de lesiones cerebrales (TBI) Los accidentes graves pueden ocurrir en cualquier lugar, ya en el trabajo, conduciendo su autom\u00f3vil o de vacaciones. En algunos incidentes, los accidentes pueden ser suficientemente graves como para causar lesiones cerebrales. Para las personas en Fort Lauderdale lesionadas como resultado de la acci\u00f3n de otra persona, las demandas por &hellip; <\/p>\n<p class=\"link-more\"><a href=\"https:\/\/www.ceceresantana.com\/es\/abogados-de-lesiones-cerebrales-tbi\/\" class=\"more-link\">Continue reading<span class=\"screen-reader-text\"> &#8220;Abogados de lesiones cerebrales (TBI)&#8221;<\/span><\/a><\/p>\n<p><!-- AddThis Advanced Settings generic via filter on get_the_excerpt --><!-- AddThis Share Buttons generic via filter on get_the_excerpt --><\/p>\n","protected":false},"author":1,"featured_media":4289,"parent":0,"menu_order":0,"comment_status":"closed","ping_status":"closed","template":"","meta":{"_acf_changed":false,"footnotes":""},"class_list":["post-4288","page","type-page","status-publish","has-post-thumbnail"],"acf":[],"aioseo_notices":[],"_links":{"self":[{"href":"https:\/\/www.ceceresantana.com\/es\/wp-json\/wp\/v2\/pages\/4288","targetHints":{"allow":["GET"]}}],"collection":[{"href":"https:\/\/www.ceceresantana.com\/es\/wp-json\/wp\/v2\/pages"}],"about":[{"href":"https:\/\/www.ceceresantana.com\/es\/wp-json\/wp\/v2\/types\/page"}],"author":[{"embeddable":true,"href":"https:\/\/www.ceceresantana.com\/es\/wp-json\/wp\/v2\/users\/1"}],"replies":[{"embeddable":true,"href":"https:\/\/www.ceceresantana.com\/es\/wp-json\/wp\/v2\/comments?post=4288"}],"version-history":[{"count":0,"href":"https:\/\/www.ceceresantana.com\/es\/wp-json\/wp\/v2\/pages\/4288\/revisions"}],"wp:featuredmedia":[{"embeddable":true,"href":"https:\/\/www.ceceresantana.com\/es\/wp-json\/wp\/v2\/media\/4289"}],"wp:attachment":[{"href":"https:\/\/www.ceceresantana.com\/es\/wp-json\/wp\/v2\/media?parent=4288"}],"curies":[{"name":"wp","href":"https:\/\/api.w.org\/{rel}","templated":true}]}}