{"id":4013,"date":"2020-11-13T13:18:48","date_gmt":"2020-11-13T18:18:48","guid":{"rendered":"https:\/\/www.ceceresantana.com\/es\/?page_id=4013"},"modified":"2023-04-05T23:43:50","modified_gmt":"2023-04-06T03:43:50","slug":"reclamacion-de-tormenta-eta","status":"publish","type":"page","link":"https:\/\/www.ceceresantana.com\/es\/reclamacion-de-tormenta-eta\/","title":{"rendered":"Reclamaci\u00f3n de Tormenta Eta"},"content":{"rendered":"<div class=\"wpb-content-wrapper\"><p>[vc_row][vc_column][vc_column_text]<\/p>\n<h1>Cecere Santana Listo Para Ayudarle con Reclamaci\u00f3n de Tormenta Eta<\/h1>\n<p>La tormenta tropical Eta ya pas\u00f3 por el sur de la Florida y ocasion\u00f3 da\u00f1os a casas y negocios causados por las lluvias torrenciales y fuertes vientos. Hasta el momento todo parece indicar que caus\u00f3 serias inundaciones y da\u00f1os en los condados de Broward, Miami-Dade y Monroe, incluyendo las ciudades de Hollywood, Pembroke Pines, Miramar, Fort Lauderdale, Miami y los Cayos de la Florida.<\/p>\n<p>Las compa\u00f1\u00edas de seguro pronto comenzar\u00e1n a evaluar millones de casos, y su meta principal ser\u00e1 cerrar estas reclamaciones lo antes posible y pagar el m\u00ednimo por los da\u00f1os causados. Los abogados de Cecere Santana pueden ayudarle a navegar este proceso tan dif\u00edcil y obtenerle el dinero que usted merece para reparar su hogar o negocio y regresar a la normalidad.<\/p>\n<p>Los abogados Michael Cecere y Erick Santana trabajaron previamente como tasadores de seguro a cargo de reclamaciones de huracanes para la compa\u00f1\u00eda State Farm. Ellos conocen y entienden como trabajan las compa\u00f1\u00edas de seguro y cuentan con m\u00e1s de 25 a\u00f1os de experiencia trabajando en este tipo de reclamaciones.<\/p>\n<p>Nuestros abogados pueden obtener el m\u00e1ximo de compensaci\u00f3n para usted, incluyendo reparaciones a su casa o edificio, reemplazo de propiedad y en algunos casos gastos de hospedaje mientras su vivienda est\u00e1 bajo reparaci\u00f3n.<\/p>\n<p>Nosotros nos encargamos de la presentaci\u00f3n de la reclamaci\u00f3n, documentaci\u00f3n del caso, negociaciones, estimado de da\u00f1os y juicio, si es necesario.<\/p>\n<p>Permita que nuestra experiencia, conocimientos y recursos trabajen a su favor. Haremos todo lo posible para obtener el m\u00e1ximo valor por su reclamaci\u00f3n por la tormenta Eta.<\/p>\n<p>M\u00e1s importante a\u00fan, usted no paga honorarios ni costos hasta que no se gane el caso, y en algunos casos, la compa\u00f1\u00eda de seguro puede pagar nuestros honorarios.<\/p>\n<h4>Ll\u00e1menos Ahora Para una Consulta Gratis.<\/h4>\n<h4>Toll-Free: <a class=\"yellow-link\" href=\"tel:8007535529\">(800) 753-5529<\/a><\/h4>\n<h4>Broward: <a class=\"yellow-link\" href=\"tel:9546539969\">(954) 653-9969<\/a><\/h4>\n<h4>Miami-Dade: <a class=\"yellow-link\" href=\"tel:3052597100\">(305) 259-7100<\/a><\/h4>\n<h4>Palm Beach: <a class=\"yellow-link\" href=\"tel:5612751010\">(561) 275-1010<\/a><\/h4>\n<p>[\/vc_column_text][\/vc_column][\/vc_row]<\/p>\n<\/div><!-- AddThis Advanced Settings generic via filter on the_content --><!-- AddThis Share Buttons generic via filter on the_content -->","protected":false},"excerpt":{"rendered":"<p>[vc_row][vc_column][vc_column_text] Cecere Santana Listo Para Ayudarle con Reclamaci\u00f3n de Tormenta Eta La tormenta tropical Eta ya pas\u00f3 por el sur de la Florida y ocasion\u00f3 da\u00f1os a casas y negocios causados por las lluvias torrenciales y fuertes vientos. Hasta el momento todo parece indicar que caus\u00f3 serias inundaciones y da\u00f1os en los condados de Broward, &hellip; <\/p>\n<p class=\"link-more\"><a href=\"https:\/\/www.ceceresantana.com\/es\/reclamacion-de-tormenta-eta\/\" class=\"more-link\">Continue reading<span class=\"screen-reader-text\"> &#8220;Reclamaci\u00f3n de Tormenta Eta&#8221;<\/span><\/a><\/p>\n<p><!-- AddThis Advanced Settings generic via filter on get_the_excerpt --><!-- AddThis Share Buttons generic via filter on get_the_excerpt --><\/p>\n","protected":false},"author":1,"featured_media":0,"parent":0,"menu_order":0,"comment_status":"closed","ping_status":"closed","template":"","meta":{"_acf_changed":false,"footnotes":""},"class_list":["post-4013","page","type-page","status-publish"],"acf":[],"aioseo_notices":[],"_links":{"self":[{"href":"https:\/\/www.ceceresantana.com\/es\/wp-json\/wp\/v2\/pages\/4013","targetHints":{"allow":["GET"]}}],"collection":[{"href":"https:\/\/www.ceceresantana.com\/es\/wp-json\/wp\/v2\/pages"}],"about":[{"href":"https:\/\/www.ceceresantana.com\/es\/wp-json\/wp\/v2\/types\/page"}],"author":[{"embeddable":true,"href":"https:\/\/www.ceceresantana.com\/es\/wp-json\/wp\/v2\/users\/1"}],"replies":[{"embeddable":true,"href":"https:\/\/www.ceceresantana.com\/es\/wp-json\/wp\/v2\/comments?post=4013"}],"version-history":[{"count":0,"href":"https:\/\/www.ceceresantana.com\/es\/wp-json\/wp\/v2\/pages\/4013\/revisions"}],"wp:attachment":[{"href":"https:\/\/www.ceceresantana.com\/es\/wp-json\/wp\/v2\/media?parent=4013"}],"curies":[{"name":"wp","href":"https:\/\/api.w.org\/{rel}","templated":true}]}}