{"id":2715,"date":"2020-04-24T15:54:49","date_gmt":"2020-04-24T19:54:49","guid":{"rendered":"https:\/\/www.ceceresantana.com\/es\/?page_id=2715"},"modified":"2023-03-31T15:59:05","modified_gmt":"2023-03-31T19:59:05","slug":"interrupcion-de-negocio","status":"publish","type":"page","link":"https:\/\/www.ceceresantana.com\/es\/areas-de-practica\/interrupcion-de-negocio\/","title":{"rendered":"Interrupci\u00f3n de Negocio"},"content":{"rendered":"<div class=\"wpb-content-wrapper\"><p>[vc_row el_class=&#8221;practice-area-master-row&#8221;][vc_column][vc_column_text]<\/p>\n<h1>Abogados de Interrupci\u00f3n de Negocio en Fort Lauderdale<\/h1>\n<p>[\/vc_column_text][vc_column_text]<\/p>\n<h3>\u00bfP\u00e9rdidas Financieras en su Negocio por el Coronavirus? Usted Puede Recibir Compensaci\u00f3n.<\/h3>\n<p>La pandemia del coronavirus ha sido la causa de que muchos negocios hayan tenido que disminuir sus servicios o cerrar por completo. El impacto causado por el coronavirus afectar\u00e1 a personas y negocios a largo plazo. <strong>Si su negocio ha sufrido p\u00e9rdidas financieras a causa del impacto del coronavirus, usted puede ser elegible para recibir compensaci\u00f3n a trav\u00e9s de su p\u00f3liza de seguro para Propietarios de Negocios<\/strong>.<\/p>\n<p>Normalmente, las p\u00f3lizas de seguro para Propietarios de Negocios proveen cobertura para interrupci\u00f3n del negocio cuando la propiedad asegurada ha sufrido un da\u00f1o directo. Adicionalmente, las p\u00f3lizas para negocios tambi\u00e9n ofrecen cobertura para cuando el gobierno le impide acceso al negocio a causa de un da\u00f1o cubierto por la p\u00f3liza. Por el momento, las compa\u00f1\u00edas de seguro han dicho que van a rechazar las reclamaciones por interrupci\u00f3n de negocios, pero los abogados en Cecere Santana estamos dispuestos a luchar por cada una de estas reclamaciones. Ahora es el momento de confirmar si su p\u00f3liza cuenta con cobertura para interrupciones de negocios y como esta cobertura le puede ayudar a sobrevivir estos momentos dif\u00edciles. Los abogados en Cecere Santana est\u00e1n listos para revisar su p\u00f3liza y asistirle, la consulta es gratis. Si tiene cobertura, lo ayudaremos a presentar su reclamaci\u00f3n.<br \/>\nT\u00edpicamente existen cuatro tipos de coberturas de Interrupci\u00f3n de Negocios en la mayor\u00eda de las p\u00f3lizas de Propietarios de Negocios:<\/p>\n<h4>COBERTURA POR INGRESOS DE NEGOCIOS<\/h4>\n<p>Los ingresos de un negocio es la utilidad neta o perdidas antes de impuestos y gastos operacionales, incluyendo la n\u00f3mina. El monto de la cantidad que usted recibir\u00e1 es basado en el volumen de ventas previas (al coronavirus) y gastos, basado en el estado financiero de su negocio.<\/p>\n<h4>COBERTURA POR GASTOS ADICIONALES<\/h4>\n<p>Gastos adicionales se clasifican como costos que van m\u00e1s all\u00e1 de sus gastos mensuales, y que fueron usados para restaurar su negocio ya sea en la localidad original o temporaria.<\/p>\n<h4>COBERTURA POR INTERRUPCI\u00d3N DE NEGOCIO<\/h4>\n<p>Esta cobertura cubre los ingresos perdidos a causa de da\u00f1os a la propiedad o p\u00e9rdidas en la localidad del abastecedor o due\u00f1o del negocio.<\/p>\n<h4>COBERTURA DE AUTORIDAD CIVIL<\/h4>\n<p>Esta cobertura pagar\u00eda por la p\u00e9rdida de ingresos o gastos adicionales a causa de que el gobierno le impida acceso a su negocio por motivos cubiertos en la p\u00f3liza.<br \/>\nMuchos factores contribuyen al \u00e9xito del proceso de una reclamaci\u00f3n por interrupci\u00f3n de negocios. Es importante documentar detalladamente la reclamaci\u00f3n y contar con un equipo legal con experiencia que lo pueda asesorar.<br \/>\nEl equipo de abogados en <a href=\"https:\/\/www.ceceresantana.com\/\">Cecere Santana<\/a> cuenta con vasta experiencia en reclamaciones a compa\u00f1\u00edas de seguros y nuestros honorarios son por contingencia. <strong>Si usted no recibe compensaci\u00f3n, usted no nos debe honorarios por nuestro tiempo o gastos relacionados al caso.<\/strong><\/p>\n<p>Si es necesario presentar una demanda contra la compa\u00f1\u00eda de seguros, la compa\u00f1\u00eda de seguro, en muchos casos, ser\u00e1 responsable por la mayor\u00eda, si no todos, los gastos y honorarios legales relacionados a la reclamaci\u00f3n.<br \/>\nPermita que un abogado con experiencia le revise su p\u00f3liza y lo ayude a presentar su reclamaci\u00f3n.<\/p>\n<p><strong>Ll\u00e1menos hoy para una consulta gratis y una evaluaci\u00f3n en espa\u00f1ol de su p\u00f3liza<\/strong>:<br \/>\nBroward: <a href=\"tel:954-653-9969\">(954) 653-9969<\/a>, Miami-Dade: <a href=\"tel:305-259-7100\">(305) 259-7100<\/a> and Palm Beach: <a href=\"tel:561-275-1010\">(561) 275-1010<\/a>.<\/p>\n<p>Para m\u00e1s informaci\u00f3n sobre las regulaciones que afectan a los negocios a causa del coronavirus visite:<br \/>\n<a href=\"https:\/\/floridahealthcovid19.gov\/businesses\/\" target=\"_blank\" rel=\"noopener noreferrer\">https:\/\/floridahealthcovid19.gov\/businesses\/<\/a>.[\/vc_column_text][\/vc_column][\/vc_row]<\/p>\n<\/div><!-- AddThis Advanced Settings generic via filter on the_content --><!-- AddThis Share Buttons generic via filter on the_content -->","protected":false},"excerpt":{"rendered":"<p>[vc_row el_class=&#8221;practice-area-master-row&#8221;][vc_column][vc_column_text] Abogados de Interrupci\u00f3n de Negocio en Fort Lauderdale [\/vc_column_text][vc_column_text] \u00bfP\u00e9rdidas Financieras en su Negocio por el Coronavirus? Usted Puede Recibir Compensaci\u00f3n. La pandemia del coronavirus ha sido la causa de que muchos negocios hayan tenido que disminuir sus servicios o cerrar por completo. El impacto causado por el coronavirus afectar\u00e1 a personas y &hellip; <\/p>\n<p class=\"link-more\"><a href=\"https:\/\/www.ceceresantana.com\/es\/areas-de-practica\/interrupcion-de-negocio\/\" class=\"more-link\">Continue reading<span class=\"screen-reader-text\"> &#8220;Interrupci\u00f3n de Negocio&#8221;<\/span><\/a><\/p>\n<p><!-- AddThis Advanced Settings generic via filter on get_the_excerpt --><!-- AddThis Share Buttons generic via filter on get_the_excerpt --><\/p>\n","protected":false},"author":1,"featured_media":0,"parent":1645,"menu_order":0,"comment_status":"closed","ping_status":"closed","template":"","meta":{"_acf_changed":false,"footnotes":""},"class_list":["post-2715","page","type-page","status-publish"],"acf":[],"aioseo_notices":[],"_links":{"self":[{"href":"https:\/\/www.ceceresantana.com\/es\/wp-json\/wp\/v2\/pages\/2715","targetHints":{"allow":["GET"]}}],"collection":[{"href":"https:\/\/www.ceceresantana.com\/es\/wp-json\/wp\/v2\/pages"}],"about":[{"href":"https:\/\/www.ceceresantana.com\/es\/wp-json\/wp\/v2\/types\/page"}],"author":[{"embeddable":true,"href":"https:\/\/www.ceceresantana.com\/es\/wp-json\/wp\/v2\/users\/1"}],"replies":[{"embeddable":true,"href":"https:\/\/www.ceceresantana.com\/es\/wp-json\/wp\/v2\/comments?post=2715"}],"version-history":[{"count":0,"href":"https:\/\/www.ceceresantana.com\/es\/wp-json\/wp\/v2\/pages\/2715\/revisions"}],"up":[{"embeddable":true,"href":"https:\/\/www.ceceresantana.com\/es\/wp-json\/wp\/v2\/pages\/1645"}],"wp:attachment":[{"href":"https:\/\/www.ceceresantana.com\/es\/wp-json\/wp\/v2\/media?parent=2715"}],"curies":[{"name":"wp","href":"https:\/\/api.w.org\/{rel}","templated":true}]}}