{"id":226,"date":"2017-09-19T08:35:11","date_gmt":"2017-09-19T12:35:11","guid":{"rendered":"http:\/\/web-2018.vmgagencysites.com\/?page_id=226"},"modified":"2023-05-24T17:31:36","modified_gmt":"2023-05-24T21:31:36","slug":"contactenos","status":"publish","type":"page","link":"https:\/\/www.ceceresantana.com\/es\/contactenos\/","title":{"rendered":"Cont\u00e1ctenos"},"content":{"rendered":"<div class=\"wpb-content-wrapper\"><p>[vc_row][vc_column][vc_column_text el_class=&#8221;mb0&#8243;]<\/p>\n<h1>Cont\u00e1ctenos<\/h1>\n<p>[\/vc_column_text][\/vc_column][\/vc_row][vc_row css=&#8221;.vc_custom_1556649051225{padding-top: 0px !important;padding-bottom: 0px !important;}&#8221;][vc_column width=&#8221;1\/2&#8243;][vc_column_text]<\/p>\n<div class=\"location\">\n<h4><a class=\"yellow-link\" href=\"\/es\/oficinas\/oficina-en-plantation\/\">Oficina en Plantation<\/a><\/h4>\n<p><a class=\"black-link\" href=\"https:\/\/goo.gl\/maps\/E82TmVyXk8UwDAYcA\" target=\"_blank\" rel=\"noopener noreferrer\">8211 W Broward Blvd #460<br \/>\nPlantation, FL 33324<\/a><br \/>\n<a class=\"dir yellow-link\" href=\"https:\/\/www.google.com\/maps\/dir\/\/8211+W+Broward+Blvd+%23460,+Plantation,+FL+33324\/@26.1217189,-80.2608921,17z\/data=!4m9!4m8!1m0!1m5!1m1!1s0x88d907c660b7893f:0xdf90b09c8dde05d4!2m2!1d-80.2587034!2d26.1217189!3e0\" target=\"_blank\" rel=\"noopener noreferrer\">Mapa y Direcciones<\/a><br \/>\nTel: <a class=\"black-link\" href=\"tel:9546539969\">954-653-9969<\/a><\/p>\n<\/div>\n<p>[\/vc_column_text][\/vc_column][vc_column width=&#8221;1\/2&#8243;][vc_column_text]<\/p>\n<div class=\"location\">\n<h4><a class=\"yellow-link\" href=\"\/es\/oficinas\/oficina-en-coral-gables\/\">Oficina en Coral Gables<\/a><\/h4>\n<p><a class=\"black-link\" href=\"https:\/\/goo.gl\/maps\/SMNSxmiFTzj86biE8\" target=\"_blank\" rel=\"noopener noreferrer\">2332 Galiano St. 2nd Floor<br \/>\nCoral Gables, FL 33134<\/a><br \/>\n<a class=\"dir yellow-link\" href=\"https:\/\/www.google.com\/maps\/dir\/\/2332+Galiano+St,+Coral+Gables,+FL+33134\/@25.7503608,-80.2591318,17z\/data=!4m9!4m8!1m0!1m5!1m1!1s0x88d9b7982df3ee3d:0x9f24c0215ed9532d!2m2!1d-80.2569431!2d25.7503608!3e0\" target=\"_blank\" rel=\"noopener noreferrer\">Mapa y Direcciones<\/a><br \/>\nTel: <a class=\"black-link\" href=\"tel:3052597100\">305-259-7100<\/a><\/p>\n<\/div>\n<p>[\/vc_column_text][\/vc_column][\/vc_row][vc_row css=&#8221;.vc_custom_1556663456956{padding-top: 0px !important;}&#8221;][vc_column][vc_column_text el_class=&#8221;mb0&#8243;]<iframe loading=\"lazy\" style=\"border: 0;\" src=\"https:\/\/www.google.com\/maps\/embed?pb=!1m14!1m8!1m3!1d14329.201186081584!2d-80.258652!3d26.12175!3m2!1i1024!2i768!4f13.1!3m3!1m2!1s0x0:0xa54370e9d3d0e6fd!2sCecere+Santana,+PA!5e0!3m2!1sen!2sca!4v1548867550223\" width=\"100%\" height=\"300\" frameborder=\"0\" allowfullscreen=\"allowfullscreen\"><\/iframe>[\/vc_column_text][\/vc_column][\/vc_row][vc_row css=&#8221;.vc_custom_1556663363009{padding-top: 0px !important;padding-bottom: 0px !important;}&#8221;][vc_column][vc_column_text el_class=&#8221;mb0&#8243;]<\/p>\n<h4 class=\"red\">Lo visitamos gratis en su hogar o en el hospital.<\/h4>\n<p><b>Ll\u00e1menos ahora<\/b><\/p>\n<p><b>Gratis<\/b>: <a class=\"black-link\" href=\"tel:800-753-5295\">800 75 FL LAW<\/a><br \/>\n<b>Broward<\/b>: <a class=\"black-link\" href=\"tel:954-653-9969\">954-653-9969<\/a><br \/>\n<b>Miami-Dade<\/b>: <a class=\"black-link\" href=\"tel:305-259-7100\">305-259-7100<\/a><br \/>\n<b>Fax<\/b>: <a class=\"black-link\" href=\"tel:954-653-9979\">954-653-9979<\/a>[\/vc_column_text][\/vc_column][\/vc_row][vc_row css=&#8221;.vc_custom_1556663398687{padding-top: 0px !important;}&#8221;][vc_column]<script>\nvar gform;gform||(document.addEventListener(\"gform_main_scripts_loaded\",function(){gform.scriptsLoaded=!0}),document.addEventListener(\"gform\/theme\/scripts_loaded\",function(){gform.themeScriptsLoaded=!0}),window.addEventListener(\"DOMContentLoaded\",function(){gform.domLoaded=!0}),gform={domLoaded:!1,scriptsLoaded:!1,themeScriptsLoaded:!1,isFormEditor:()=>\"function\"==typeof InitializeEditor,callIfLoaded:function(o){return!(!gform.domLoaded||!gform.scriptsLoaded||!gform.themeScriptsLoaded&&!gform.isFormEditor()||(gform.isFormEditor()&&console.warn(\"The use of gform.initializeOnLoaded() is deprecated in the form editor context and will be removed in Gravity Forms 3.1.\"),o(),0))},initializeOnLoaded:function(o){gform.callIfLoaded(o)||(document.addEventListener(\"gform_main_scripts_loaded\",()=>{gform.scriptsLoaded=!0,gform.callIfLoaded(o)}),document.addEventListener(\"gform\/theme\/scripts_loaded\",()=>{gform.themeScriptsLoaded=!0,gform.callIfLoaded(o)}),window.addEventListener(\"DOMContentLoaded\",()=>{gform.domLoaded=!0,gform.callIfLoaded(o)}))},hooks:{action:{},filter:{}},addAction:function(o,r,e,t){gform.addHook(\"action\",o,r,e,t)},addFilter:function(o,r,e,t){gform.addHook(\"filter\",o,r,e,t)},doAction:function(o){gform.doHook(\"action\",o,arguments)},applyFilters:function(o){return gform.doHook(\"filter\",o,arguments)},removeAction:function(o,r){gform.removeHook(\"action\",o,r)},removeFilter:function(o,r,e){gform.removeHook(\"filter\",o,r,e)},addHook:function(o,r,e,t,n){null==gform.hooks[o][r]&&(gform.hooks[o][r]=[]);var d=gform.hooks[o][r];null==n&&(n=r+\"_\"+d.length),gform.hooks[o][r].push({tag:n,callable:e,priority:t=null==t?10:t})},doHook:function(r,o,e){var t;if(e=Array.prototype.slice.call(e,1),null!=gform.hooks[r][o]&&((o=gform.hooks[r][o]).sort(function(o,r){return o.priority-r.priority}),o.forEach(function(o){\"function\"!=typeof(t=o.callable)&&(t=window[t]),\"action\"==r?t.apply(null,e):e[0]=t.apply(null,e)})),\"filter\"==r)return e[0]},removeHook:function(o,r,t,n){var e;null!=gform.hooks[o][r]&&(e=(e=gform.hooks[o][r]).filter(function(o,r,e){return!!(null!=n&&n!=o.tag||null!=t&&t!=o.priority)}),gform.hooks[o][r]=e)}});\n<\/script>\n\n                <div class='gf_browser_gecko gform_wrapper gform_legacy_markup_wrapper gform-theme--no-framework' data-form-theme='legacy' data-form-index='0' id='gform_wrapper_1' ><form method='post' enctype='multipart\/form-data'  id='gform_1'  action='\/es\/wp-json\/wp\/v2\/pages\/226' data-formid='1' novalidate><div class='gf_invisible ginput_recaptchav3' data-sitekey='6LeMIqQUAAAAAN2K19-WfCPKSdcSkfEvuk3ARVZD' data-tabindex='0'><input id=\"input_9e4ac593f2b5cde8e633ad1c4ff5c880\" class=\"gfield_recaptcha_response\" type=\"hidden\" name=\"input_9e4ac593f2b5cde8e633ad1c4ff5c880\" value=\"\"\/><\/div>\n                        <div class='gform-body gform_body'><ul id='gform_fields_1' class='gform_fields left_label form_sublabel_below description_below validation_below'><li id=\"field_1_14\" class=\"gfield gfield--type-honeypot gform_validation_container field_sublabel_below gfield--has-description field_description_below field_validation_below gfield_visibility_visible\"  ><label class='gfield_label gform-field-label' for='input_1_14'>Email<\/label><div class='ginput_container'><input name='input_14' id='input_1_14' type='text' value='' autocomplete='new-password'\/><\/div><div class='gfield_description' id='gfield_description_1_14'>This field is for validation purposes and should be left unchanged.<\/div><\/li><li id=\"field_1_12\" class=\"gfield gfield--type-html gfield--width-full gfield_html gfield_html_formatted gfield_no_follows_desc field_sublabel_below gfield--no-description field_description_below field_validation_below gfield_visibility_visible\"  ><h4>Para programar su consulta gratuita, por favor complete el siguiente formulario.<\/h4><\/li><li id=\"field_1_2\" class=\"gfield gfield--type-text gfield_contains_required field_sublabel_below gfield--no-description field_description_below field_validation_below gfield_visibility_visible\"  ><label class='gfield_label gform-field-label' for='input_1_2'>Nombre: (Requerido)<span class=\"gfield_required\"><span class=\"gfield_required gfield_required_text\">(Required)<\/span><\/span><\/label><div class='ginput_container ginput_container_text'><input name='input_2' id='input_1_2' type='text' value='' class='large'    placeholder='Nombre: (Requerido)' aria-required=\"true\" aria-invalid=\"false\"   \/><\/div><\/li><li id=\"field_1_3\" class=\"gfield gfield--type-email gfield_contains_required field_sublabel_below gfield--no-description field_description_below field_validation_below gfield_visibility_visible\"  ><label class='gfield_label gform-field-label' for='input_1_3'>Correo Electronico: (Requerido)<span class=\"gfield_required\"><span class=\"gfield_required gfield_required_text\">(Required)<\/span><\/span><\/label><div class='ginput_container ginput_container_email'>\n                            <input name='input_3' id='input_1_3' type='email' value='' class='large'   placeholder='Correo Electronico: (Requerido)' aria-required=\"true\" aria-invalid=\"false\"  \/>\n                        <\/div><\/li><li id=\"field_1_5\" class=\"gfield gfield--type-phone gfield--width-full gfield_contains_required field_sublabel_below gfield--no-description field_description_below field_validation_below gfield_visibility_visible\"  ><label class='gfield_label gform-field-label' for='input_1_5'>Numero de Tel\u00e9fono: (Requerido)<span class=\"gfield_required\"><span class=\"gfield_required gfield_required_text\">(Required)<\/span><\/span><\/label><div class='ginput_container ginput_container_phone'><input name='input_5' id='input_1_5' type='tel' value='' class='large'  placeholder='Numero de Tel\u00e9fono: (Requerido)' aria-required=\"true\" aria-invalid=\"false\"   \/><\/div><\/li><li id=\"field_1_4\" class=\"gfield gfield--type-phone field_sublabel_below gfield--no-description field_description_below field_validation_below gfield_visibility_visible\"  ><label class='gfield_label gform-field-label' for='input_1_4'>N\u00famero de tel\u00e9fono alternativo (Opcional):<\/label><div class='ginput_container ginput_container_phone'><input name='input_4' id='input_1_4' type='tel' value='' class='large'    aria-invalid=\"false\"   \/><\/div><\/li><li id=\"field_1_6\" class=\"gfield gfield--type-address field_sublabel_below gfield--no-description field_description_below field_validation_below gfield_visibility_visible\"  ><label class='gfield_label gform-field-label gfield_label_before_complex' >Direcci\u00f3n:<\/label>    \n                    <div class='ginput_complex ginput_container has_street has_street2 has_city has_state has_zip ginput_container_address gform-grid-row' id='input_1_6' >\n                         <span class='ginput_full address_line_1 ginput_address_line_1 gform-grid-col' id='input_1_6_1_container' >\n                                        <input type='text' name='input_6.1' id='input_1_6_1' value=''   placeholder='Su Direcci\u00f3n' aria-required='false'    \/>\n                                        <label for='input_1_6_1' id='input_1_6_1_label' class='gform-field-label gform-field-label--type-sub '>Direcci\u00f3n<\/label>\n                                    <\/span><span class='ginput_full address_line_2 ginput_address_line_2 gform-grid-col' id='input_1_6_2_container' >\n                                        <input type='text' name='input_6.2' id='input_1_6_2' value=''   placeholder='Direcci\u00f3n 2'  aria-required='false'   \/>\n                                        <label for='input_1_6_2' id='input_1_6_2_label' class='gform-field-label gform-field-label--type-sub '>Direcci\u00f3n 2<\/label>\n                                    <\/span><span class='ginput_left address_city ginput_address_city gform-grid-col' id='input_1_6_3_container' >\n                                    <input type='text' name='input_6.3' id='input_1_6_3' value=''   placeholder='Su Ciudad' aria-required='false'    \/>\n                                    <label for='input_1_6_3' id='input_1_6_3_label' class='gform-field-label gform-field-label--type-sub '>Ciudad<\/label>\n                                 <\/span><span class='ginput_right address_state ginput_address_state gform-grid-col' id='input_1_6_4_container' >\n                                        <input type='text' name='input_6.4' id='input_1_6_4' value=''     placeholder='Su Estado' aria-required='false'    \/>\n                                        <label for='input_1_6_4' id='input_1_6_4_label' class='gform-field-label gform-field-label--type-sub '>Estado<\/label>\n                                      <\/span><span class='ginput_left address_zip ginput_address_zip gform-grid-col' id='input_1_6_5_container' >\n                                    <input type='text' name='input_6.5' id='input_1_6_5' value=''   placeholder='Su C\u00f3digo Postal' aria-required='false'    \/>\n                                    <label for='input_1_6_5' id='input_1_6_5_label' class='gform-field-label gform-field-label--type-sub '>C\u00f3digo Postal<\/label>\n                                <\/span><input type='hidden' class='gform_hidden' name='input_6.6' id='input_1_6_6' value='' \/>\n                    <div class='gf_clear gf_clear_complex'><\/div>\n                <\/div><\/li><li id=\"field_1_11\" class=\"gfield gfield--type-textarea field_sublabel_below gfield--no-description field_description_below field_validation_below gfield_visibility_visible\"  ><label class='gfield_label gform-field-label' for='input_1_11'>Comentarios \/ Preguntas<\/label><div class='ginput_container ginput_container_textarea'><textarea name='input_11' id='input_1_11' class='textarea medium'      aria-invalid=\"false\"   rows='10' cols='50'><\/textarea><\/div><\/li><li id=\"field_1_13\" class=\"gfield gfield--type-html gfield--width-full gfield_html gfield_html_formatted gfield_no_follows_desc field_sublabel_below gfield--no-description field_description_below field_validation_below gfield_visibility_visible\"  >Por favor no incluya ninguna informaci\u00f3n confidencial o sensible en este formulario. Este formulario env\u00eda informaci\u00f3n por no cifrado de correo electr\u00f3nico que no es seguro.<\/li><\/ul><\/div>\n        <div class='gform-footer gform_footer left_label'> <input type='submit' id='gform_submit_button_1' class='gform_button button' onclick='gform.submission.handleButtonClick(this);' data-submission-type='submit' value='CONTACTENOS AHORA'  \/> \n            <input type='hidden' class='gform_hidden' name='gform_submission_method' data-js='gform_submission_method_1' value='postback' \/>\n            <input type='hidden' class='gform_hidden' name='gform_theme' data-js='gform_theme_1' id='gform_theme_1' value='legacy' \/>\n            <input type='hidden' class='gform_hidden' name='gform_style_settings' data-js='gform_style_settings_1' id='gform_style_settings_1' value='[]' \/>\n            <input type='hidden' class='gform_hidden' name='is_submit_1' value='1' \/>\n            <input type='hidden' class='gform_hidden' name='gform_submit' value='1' \/>\n            \n            <input type='hidden' class='gform_hidden' name='gform_currency' data-currency='USD' value='+Zg3rXSjFQ1lb2cTY4agRU23yvdbE1JJ8OiH\/S0PGYsQDYDcl6z14I6gJHbFdfzw1TapIgFFdQyNhKKOT+dxZomoMcWyHIjrC9GWyHI2MhsNnag=' \/>\n            <input type='hidden' class='gform_hidden' name='gform_unique_id' value='' \/>\n            <input type='hidden' class='gform_hidden' name='state_1' value='WyJbXSIsIjQ1OGUyNmVlYjdjNDFiOGMzZjg2OTI0ZTExMzk0NzU0Il0=' \/>\n            <input type='hidden' autocomplete='off' class='gform_hidden' name='gform_target_page_number_1' id='gform_target_page_number_1' value='0' \/>\n            <input type='hidden' autocomplete='off' class='gform_hidden' name='gform_source_page_number_1' id='gform_source_page_number_1' value='1' \/>\n            <input type='hidden' name='gform_field_values' value='' \/>\n            \n        <\/div>\n                        <\/form>\n                        <\/div><script>\ngform.initializeOnLoaded( function() {gformInitSpinner( 1, 'https:\/\/www.ceceresantana.com\/es\/wp-content\/plugins\/gravityforms\/images\/spinner.svg', true );jQuery('#gform_ajax_frame_1').on('load',function(){var contents = jQuery(this).contents().find('*').html();var is_postback = contents.indexOf('GF_AJAX_POSTBACK') >= 0;if(!is_postback){return;}var form_content = jQuery(this).contents().find('#gform_wrapper_1');var is_confirmation = jQuery(this).contents().find('#gform_confirmation_wrapper_1').length > 0;var is_redirect = contents.indexOf('gformRedirect(){') >= 0;var is_form = form_content.length > 0 && ! is_redirect && ! is_confirmation;var mt = parseInt(jQuery('html').css('margin-top'), 10) + parseInt(jQuery('body').css('margin-top'), 10) + 100;if(is_form){jQuery('#gform_wrapper_1').html(form_content.html());if(form_content.hasClass('gform_validation_error')){jQuery('#gform_wrapper_1').addClass('gform_validation_error');} else {jQuery('#gform_wrapper_1').removeClass('gform_validation_error');}setTimeout( function() { \/* delay the scroll by 50 milliseconds to fix a bug in chrome *\/  }, 50 );if(window['gformInitDatepicker']) {gformInitDatepicker();}if(window['gformInitPriceFields']) {gformInitPriceFields();}var current_page = jQuery('#gform_source_page_number_1').val();gformInitSpinner( 1, 'https:\/\/www.ceceresantana.com\/es\/wp-content\/plugins\/gravityforms\/images\/spinner.svg', true );jQuery(document).trigger('gform_page_loaded', [1, current_page]);window['gf_submitting_1'] = false;}else if(!is_redirect){var confirmation_content = jQuery(this).contents().find('.GF_AJAX_POSTBACK').html();if(!confirmation_content){confirmation_content = contents;}jQuery('#gform_wrapper_1').replaceWith(confirmation_content);jQuery(document).trigger('gform_confirmation_loaded', [1]);window['gf_submitting_1'] = false;wp.a11y.speak(jQuery('#gform_confirmation_message_1').text());}else{jQuery('#gform_1').append(contents);if(window['gformRedirect']) {gformRedirect();}}jQuery(document).trigger(\"gform_pre_post_render\", [{ formId: \"1\", currentPage: \"current_page\", abort: function() { this.preventDefault(); } }]);        if (event && event.defaultPrevented) {                return;        }        const gformWrapperDiv = document.getElementById( \"gform_wrapper_1\" );        if ( gformWrapperDiv ) {            const visibilitySpan = document.createElement( \"span\" );            visibilitySpan.id = \"gform_visibility_test_1\";            gformWrapperDiv.insertAdjacentElement( \"afterend\", visibilitySpan );        }        const visibilityTestDiv = document.getElementById( \"gform_visibility_test_1\" );        let postRenderFired = false;        function triggerPostRender() {            if ( postRenderFired ) {                return;            }            postRenderFired = true;            gform.core.triggerPostRenderEvents( 1, current_page );            if ( visibilityTestDiv ) {                visibilityTestDiv.parentNode.removeChild( visibilityTestDiv );            }        }        function debounce( func, wait, immediate ) {            var timeout;            return function() {                var context = this, args = arguments;                var later = function() {                    timeout = null;                    if ( !immediate ) func.apply( context, args );                };                var callNow = immediate && !timeout;                clearTimeout( timeout );                timeout = setTimeout( later, wait );                if ( callNow ) func.apply( context, args );            };        }        const debouncedTriggerPostRender = debounce( function() {            triggerPostRender();        }, 200 );        if ( visibilityTestDiv && visibilityTestDiv.offsetParent === null ) {            const observer = new MutationObserver( ( mutations ) => {                mutations.forEach( ( mutation ) => {                    if ( mutation.type === 'attributes' && visibilityTestDiv.offsetParent !== null ) {                        debouncedTriggerPostRender();                        observer.disconnect();                    }                });            });            observer.observe( document.body, {                attributes: true,                childList: false,                subtree: true,                attributeFilter: [ 'style', 'class' ],            });        } else {            triggerPostRender();        }    } );} );\n<\/script>\n[\/vc_column][\/vc_row]<\/p>\n<\/div><!-- AddThis Advanced Settings generic via filter on the_content --><!-- AddThis Share Buttons generic via filter on the_content -->","protected":false},"excerpt":{"rendered":"<p>[vc_row][vc_column][vc_column_text el_class=&#8221;mb0&#8243;] Cont\u00e1ctenos [\/vc_column_text][\/vc_column][\/vc_row][vc_row css=&#8221;.vc_custom_1556649051225{padding-top: 0px !important;padding-bottom: 0px !important;}&#8221;][vc_column width=&#8221;1\/2&#8243;][vc_column_text] Oficina en Plantation 8211 W Broward Blvd #460 Plantation, FL 33324 Mapa y Direcciones Tel: 954-653-9969 [\/vc_column_text][\/vc_column][vc_column width=&#8221;1\/2&#8243;][vc_column_text] Oficina en Coral Gables 2332 Galiano St. 2nd Floor Coral Gables, FL 33134 Mapa y Direcciones Tel: 305-259-7100 [\/vc_column_text][\/vc_column][\/vc_row][vc_row css=&#8221;.vc_custom_1556663456956{padding-top: 0px !important;}&#8221;][vc_column][vc_column_text el_class=&#8221;mb0&#8243;][\/vc_column_text][\/vc_column][\/vc_row][vc_row css=&#8221;.vc_custom_1556663363009{padding-top: 0px !important;padding-bottom: 0px &hellip; <\/p>\n<p class=\"link-more\"><a href=\"https:\/\/www.ceceresantana.com\/es\/contactenos\/\" class=\"more-link\">Continue reading<span class=\"screen-reader-text\"> &#8220;Cont\u00e1ctenos&#8221;<\/span><\/a><\/p>\n<p><!-- AddThis Advanced Settings generic via filter on get_the_excerpt --><!-- AddThis Share Buttons generic via filter on get_the_excerpt --><\/p>\n","protected":false},"author":1,"featured_media":0,"parent":0,"menu_order":0,"comment_status":"closed","ping_status":"closed","template":"","meta":{"_acf_changed":false,"footnotes":""},"class_list":["post-226","page","type-page","status-publish"],"acf":[],"aioseo_notices":[],"_links":{"self":[{"href":"https:\/\/www.ceceresantana.com\/es\/wp-json\/wp\/v2\/pages\/226","targetHints":{"allow":["GET"]}}],"collection":[{"href":"https:\/\/www.ceceresantana.com\/es\/wp-json\/wp\/v2\/pages"}],"about":[{"href":"https:\/\/www.ceceresantana.com\/es\/wp-json\/wp\/v2\/types\/page"}],"author":[{"embeddable":true,"href":"https:\/\/www.ceceresantana.com\/es\/wp-json\/wp\/v2\/users\/1"}],"replies":[{"embeddable":true,"href":"https:\/\/www.ceceresantana.com\/es\/wp-json\/wp\/v2\/comments?post=226"}],"version-history":[{"count":0,"href":"https:\/\/www.ceceresantana.com\/es\/wp-json\/wp\/v2\/pages\/226\/revisions"}],"wp:attachment":[{"href":"https:\/\/www.ceceresantana.com\/es\/wp-json\/wp\/v2\/media?parent=226"}],"curies":[{"name":"wp","href":"https:\/\/api.w.org\/{rel}","templated":true}]}}