{"id":1695,"date":"2019-04-19T15:42:14","date_gmt":"2019-04-19T19:42:14","guid":{"rendered":"https:\/\/www.ceceresantana.com\/?page_id=1695"},"modified":"2024-12-05T16:52:54","modified_gmt":"2024-12-05T21:52:54","slug":"veredictos","status":"publish","type":"page","link":"https:\/\/www.ceceresantana.com\/es\/veredictos\/","title":{"rendered":"Veredictos"},"content":{"rendered":"<div class=\"wpb-content-wrapper\"><p>[vc_row el_class=&#8221;verdicts-master-row&#8221;][vc_column][vc_column_text]<\/p>\n<div id=\"top-list\"><\/div>\n<h1>Veredictos<\/h1>\n<p>[\/vc_column_text][vc_column_text css=&#8221;.vc_custom_1733435568247{margin-top: 0px !important;}&#8221; el_class=&#8221;mb0&#8243;]<\/p>\n<h4><\/h4>\n<ul>\n<li><strong>$12,022,950.00<\/strong> \u2013 veredicto otorgado a victima seriamente lesionada en accidente de tr\u00e1nsito.<\/li>\n<li><strong>$9,300,000<\/strong> \u2013 otorgado en veredicto a v\u00edctima de <a href=\"https:\/\/www.ceceresantana.com\/es\/areas-de-practica\/accidentes-automovilisticos\/\">accidente de motocicleta<\/a> que sufri\u00f3 fractura en el cr\u00e1neo y lesi\u00f3n en el cerebro<\/li>\n<li><strong>$2,650,000<\/strong> &#8211; por muerte a causa de un accidente de auto<\/li>\n<li><strong>$2,250,000<\/strong> \u2013 lesiones a causa de un accidente de motocicleta<\/li>\n<li><strong>$1,000,000<\/strong> \u2013 lesi\u00f3n en la cabeza en un accidente de tr\u00e1fico que ocurri\u00f3 en la autopista I-95<\/li>\n<li><strong>$875,000<\/strong> \u2013 lesiones al cuello, espalda y la cabeza a un pasajero en autob\u00fas p\u00fablico.<\/li>\n<li><strong>$873,000<\/strong> \u2013 accidente automovil\u00edstico<\/li>\n<li><strong>$800,000<\/strong> &#8211; por lesiones a la cabeza y al cuello a causa de una ca\u00edda.<\/li>\n<li><strong>$600,000<\/strong> \u2013 lesiones a la cabeza en accidente automovil\u00edstico<\/li>\n<li><strong>$450,000<\/strong> \u2013 fractura de tobillo por resbal\u00f3n y ca\u00edda en un complejo de apartamentos<\/li>\n<li><strong>$450,000<\/strong> \u2013 accidente automovil\u00edstico<\/li>\n<li><strong>$425,000<\/strong> \u2013 lesiones en costillas y espina dorsal a causa de accidente automovil\u00edstico en I-95<\/li>\n<li><strong>$400,000<\/strong> \u2013 lesiones al tobillo y abdomen por accidente de bicicleta con un peat\u00f3n<\/li>\n<li><strong>$378,000<\/strong> \u2013 lesi\u00f3n en el cuello al salir de una tienda, vendedor baj\u00f3 la puerta de seguridad sobre la cabeza<\/li>\n<li><strong>$320,000<\/strong> \u2013 accidente automovil\u00edstico con lesiones en el cuello y la espalda<\/li>\n<li><strong>$300,000<\/strong> \u2013 accidente automovil\u00edstico por parte trasera.<\/li>\n<li><strong>$260,000<\/strong> \u2013 lesiones derivadas de accidente de motocicleta<\/li>\n<li><strong>$250,000<\/strong> \u2013 lesiones a la espalda y hombre a causa de accidente en I-95<\/li>\n<li><strong>$250,000<\/strong> \u2013 accidente automovil\u00edstico<\/li>\n<li><strong>$225,000<\/strong> \u2013 negligencia en la seguridad, la p\u00e9rdida de la visi\u00f3n en un ojo<\/li>\n<li><strong>$225,000<\/strong> \u2013 lesiones en el cuello y en la espalda por un accidente automovil\u00edstico que ocurri\u00f3 en la autopista Florida Turnpike a causa de un conductor embriagado<\/li>\n<li><strong>$200,000<\/strong> \u2013 accidente automovil\u00edstico<\/li>\n<li><strong>$200,000<\/strong> \u2013 lesi\u00f3n en la cabeza debido al resbalar y caer en la cubierta de la piscina del acusado<\/li>\n<li><strong>$171,500<\/strong> \u2013 lesi\u00f3n en el cuello debido a un accidente automovil\u00edstico<\/li>\n<li><strong>$160,000<\/strong> \u2013 lesiones a la rodilla por accidente automovil\u00edstico en el Turnpike<\/li>\n<li><strong>$150,000<\/strong> \u2013 lesiones al pelvis y la espalda por accidente automovil\u00edstico<\/li>\n<li><strong>$150,000<\/strong> \u2013 accidente automovil\u00edstico resulatando en cirug\u00eda de hombro<\/li>\n<li><strong>$150,000<\/strong> \u2013 accidente de tr\u00e1nsito con lesiones al cuello, la espalda y los hombros.<\/li>\n<li><strong>$138,000<\/strong> \u2013 reclamaci\u00f3n de da\u00f1os a la propiedad, ruptura de tuber\u00edas<\/li>\n<li><strong>$125,000<\/strong> \u2013 lesiones al cuello, espalda y rodilla por accidente automovil\u00edstico<\/li>\n<li><strong>$125,000<\/strong> \u2013 compensaci\u00f3n laboral, fractura lumbar<\/li>\n<li><strong>$125,000<\/strong> \u2013 workers\u2019 compensation, leg injury<\/li>\n<li><strong>$125,000<\/strong> \u2013 compensaci\u00f3n laboral, lesi\u00f3n en la pierna<\/li>\n<li><strong>$125,000<\/strong> \u2013 lesi\u00f3n en el hombro en un accidente de resbal\u00f3n y ca\u00edda<\/li>\n<li><strong>$122,500<\/strong> \u2013 lesi\u00f3n al tobillo a causa de una ca\u00edda en un estacionamiento<\/li>\n<li><strong>$110,000<\/strong> \u2013 lesi\u00f3n en el cuello por un accidente automovil\u00edstico<\/li>\n<li><strong>$110,000<\/strong> \u2013 accidente automovil\u00edstico con fractura facial<\/li>\n<li><strong>$100,000<\/strong> \u2013 peat\u00f3n golpeado por un veh\u00edculo<\/li>\n<li><strong>$100,000<\/strong> \u2013 reclamo de propiedad, da\u00f1os por tormenta e inundaciones<\/li>\n<li><strong>$100,000<\/strong> \u2013 resbal\u00f3n y ca\u00edda, brazo fracturado<\/li>\n<li><strong>$100,000<\/strong> \u2013 accidente automovil\u00edstico<\/li>\n<li><strong>$100,000<\/strong> \u2013 accidente de auto resultando en una operaci\u00f3n de rodilla<\/li>\n<li><strong>$100,000<\/strong> \u2013 accidente de auto con m\u00faltiples lesiones<\/li>\n<li><strong>$100,000<\/strong> \u2013 accidente de tr\u00e1nsito con lesiones en el cuello y la espalda<\/li>\n<\/ul>\n<p>[\/vc_column_text][vc_column_text]<\/p>\n<h1><\/h1>\n<h2>Da\u00f1os a la Propiedad<\/h2>\n<p>[\/vc_column_text][vc_column_text css=&#8221;&#8221; el_class=&#8221;mb0&#8243;]<\/p>\n<ul>\n<li><strong>$175,000<\/strong> \u2013 reclamaci\u00f3n de condominio por da\u00f1os de hurac\u00e1n. Resultado luego que la compa\u00f1\u00eda de seguro rechaz\u00f3 la reclamaci\u00f3n y ofreci\u00f3 $0 en compensaci\u00f3n.<\/li>\n<li><strong>$138,000<\/strong> \u2013 reclamaci\u00f3n por tuber\u00eda rota<\/li>\n<li><strong>$100,000<\/strong> \u2013 reclamaci\u00f3n por da\u00f1os de inundaci\u00f3n<\/li>\n<li><strong>$99,000<\/strong> \u2013 reclamaci\u00f3n por tuber\u00eda rota, compa\u00f1\u00eda de seguro neg\u00f3 pagar al principio<\/li>\n<li><strong>$95,000<\/strong> \u2013 reclamaci\u00f3n por hurac\u00e1n, compa\u00f1\u00eda de seguro ofreci\u00f3<\/li>\n<li><strong>$6,800<\/strong> \u2013 originalmente<\/li>\n<li><strong>$95,000<\/strong> \u2013 reclamaci\u00f3n por hurac\u00e1n, estimado de compa\u00f1\u00eda de seguro fue de $10,397<\/li>\n<li><strong>$55,000<\/strong> \u2013 reclamaci\u00f3n por hurac\u00e1n, compa\u00f1\u00eda de seguro ofreci\u00f3<\/li>\n<li><strong>$11,000<\/strong> \u2013 originalmente<\/li>\n<\/ul>\n<p><a href=\"#top-list\"><strong>Volver Arriba<\/strong><\/a>[\/vc_column_text][\/vc_column][\/vc_row][vc_row css=&#8221;.vc_custom_1729891178804{padding-top: 0px !important;}&#8221;][vc_column][vc_column_text css=&#8221;&#8221;]<\/p>\n<h2 style=\"text-align: center;\">Testimonios de <a href=\"https:\/\/www.ceceresantana.com\/es\">Cecere Santana<\/a><\/h2>\n<p>[\/vc_column_text][vc_column_text]<div class=\"strong-view strong-view-id-3 unstyled wpmtst-unstyled strong-pager\" data-count=\"6\" data-pager-var=\"strong_pager_id_3\" data-state=\"idle\"><div class=\"strong-content strong-paginated strong-normal columns-1\"><div class=\"wpmtst-testimonial testimonial post-1782\"><div class=\"wpmtst-testimonial-inner testimonial-inner\"><h3 class=\"wpmtst-testimonial-heading testimonial-heading\">-Miriam R.<\/h3><div  class=\"wpmtst-testimonial-content testimonial-content\"><div class=\"maybe-clear\"><\/div><p><span>Muy satisfecha. Fue una experiencia buen\u00edsima.<\/span><br \/>\n-Miriam R.<\/p><\/div><div class=\"clear\"><\/div><\/div><\/div><div class=\"wpmtst-testimonial testimonial post-1783\"><div class=\"wpmtst-testimonial-inner testimonial-inner\"><h3 class=\"wpmtst-testimonial-heading testimonial-heading\">Pilar D.<\/h3><div  class=\"wpmtst-testimonial-content testimonial-content\"><div class=\"maybe-clear\"><\/div><p><span>Muy buen servicio y r\u00e1pido..<\/span><br \/>\n-Pilar D.<\/p><\/div><div class=\"clear\"><\/div><\/div><\/div><div class=\"wpmtst-testimonial testimonial post-1785\"><div class=\"wpmtst-testimonial-inner testimonial-inner\"><h3 class=\"wpmtst-testimonial-heading testimonial-heading\">-Zoila S.<\/h3><div  class=\"wpmtst-testimonial-content testimonial-content\"><div class=\"maybe-clear\"><\/div><p><span>Todo lo hicieron muy bien, quedo satisfecha. Mi experiencia con la firma ha sido muy buena.<\/span><br \/>\n-Zoila S.<\/p><\/div><div class=\"clear\"><\/div><\/div><\/div><div class=\"wpmtst-testimonial testimonial post-1786\"><div class=\"wpmtst-testimonial-inner testimonial-inner\"><h3 class=\"wpmtst-testimonial-heading testimonial-heading\">-Sandro S.<\/h3><div  class=\"wpmtst-testimonial-content testimonial-content\"><div class=\"maybe-clear\"><\/div><p><span>Lealtad, Claridad, y Seguridad<\/span><br \/>\n-Sandro S.<\/p><\/div><div class=\"clear\"><\/div><\/div><\/div><div class=\"wpmtst-testimonial testimonial post-1787\"><div class=\"wpmtst-testimonial-inner testimonial-inner\"><h3 class=\"wpmtst-testimonial-heading testimonial-heading\">-Sara R.<\/h3><div  class=\"wpmtst-testimonial-content testimonial-content\"><div class=\"maybe-clear\"><\/div><p><span>Hicieron buen trabajo. Gracias Sr. Santana por su ayuda.<\/span><br \/>\n-Sara R.<\/p><\/div><div class=\"clear\"><\/div><\/div><\/div><div class=\"wpmtst-testimonial testimonial post-1788\"><div class=\"wpmtst-testimonial-inner testimonial-inner\"><h3 class=\"wpmtst-testimonial-heading testimonial-heading\">-Ana P.<\/h3><div  class=\"wpmtst-testimonial-content testimonial-content\"><div class=\"maybe-clear\"><\/div><p><span>Estoy satisfecha con los servicios recibidos. \u00a1Son muy buenos!<\/span><br \/>\n-Ana P.<\/p><\/div><div class=\"clear\"><\/div><\/div><\/div><\/div><\/div>[\/vc_column_text][\/vc_column][\/vc_row][vc_row css=\".vc_custom_1729891118218{margin: 0px !important;padding: 0px !important;}\"][vc_column][vc_raw_html css=\"\" el_class=\"mb0\"]JTNDbGluayUyMHJlbCUzRCUyMmFsdGVybmF0ZSUyMiUyMGhyZWYlM0QlMjJodHRwcyUzQSUyRiUyRnd3dy5jZWNlcmVzYW50YW5hLmNvbSUyRnZlcmRpY3RzLXNldHRsZW1lbnRzJTJGJTIyJTIwaHJlZmxhbmclM0QlMjJlbi11cyUyMiUyMCUyRiUzRSUwQSUzQ2xpbmslMjByZWwlM0QlMjJhbHRlcm5hdGUlMjIlMjBocmVmJTNEJTIyaHR0cHMlM0ElMkYlMkZ3d3cuY2VjZXJlc2FudGFuYS5jb20lMkZlcyUyRnZlcmVkaWN0b3MlMkYlMjIlMjBocmVmbGFuZyUzRCUyMmVzLW14JTIyJTIwJTJGJTNFJTBBJTNDbGluayUyMHJlbCUzRCUyMmFsdGVybmF0ZSUyMiUyMGhyZWYlM0QlMjJodHRwcyUzQSUyRiUyRnd3dy5jZWNlcmVzYW50YW5hLmNvbSUyRmVzJTJGdmVyZWRpY3RvcyUyRiUyMiUyMGhyZWZsYW5nJTNEJTIyZXMtZXMlMjIlMjAlMkYlM0U=[\/vc_raw_html][\/vc_column][\/vc_row]<\/p>\n<\/div><!-- AddThis Advanced Settings generic via filter on the_content --><!-- AddThis Share Buttons generic via filter on the_content -->","protected":false},"excerpt":{"rendered":"<p>[vc_row el_class=&#8221;verdicts-master-row&#8221;][vc_column][vc_column_text] Veredictos [\/vc_column_text][vc_column_text css=&#8221;.vc_custom_1733435568247{margin-top: 0px !important;}&#8221; el_class=&#8221;mb0&#8243;] $12,022,950.00 \u2013 veredicto otorgado a victima seriamente lesionada en accidente de tr\u00e1nsito. $9,300,000 \u2013 otorgado en veredicto a v\u00edctima de accidente de motocicleta que sufri\u00f3 fractura en el cr\u00e1neo y lesi\u00f3n en el cerebro $2,650,000 &#8211; por muerte a causa de un accidente de auto $2,250,000 \u2013 &hellip; <\/p>\n<p class=\"link-more\"><a href=\"https:\/\/www.ceceresantana.com\/es\/veredictos\/\" class=\"more-link\">Continue reading<span class=\"screen-reader-text\"> &#8220;Veredictos&#8221;<\/span><\/a><\/p>\n<p><!-- AddThis Advanced Settings generic via filter on get_the_excerpt --><!-- AddThis Share Buttons generic via filter on get_the_excerpt --><\/p>\n","protected":false},"author":1,"featured_media":0,"parent":0,"menu_order":0,"comment_status":"closed","ping_status":"closed","template":"","meta":{"_acf_changed":false,"footnotes":""},"class_list":["post-1695","page","type-page","status-publish"],"acf":[],"aioseo_notices":[],"_links":{"self":[{"href":"https:\/\/www.ceceresantana.com\/es\/wp-json\/wp\/v2\/pages\/1695","targetHints":{"allow":["GET"]}}],"collection":[{"href":"https:\/\/www.ceceresantana.com\/es\/wp-json\/wp\/v2\/pages"}],"about":[{"href":"https:\/\/www.ceceresantana.com\/es\/wp-json\/wp\/v2\/types\/page"}],"author":[{"embeddable":true,"href":"https:\/\/www.ceceresantana.com\/es\/wp-json\/wp\/v2\/users\/1"}],"replies":[{"embeddable":true,"href":"https:\/\/www.ceceresantana.com\/es\/wp-json\/wp\/v2\/comments?post=1695"}],"version-history":[{"count":0,"href":"https:\/\/www.ceceresantana.com\/es\/wp-json\/wp\/v2\/pages\/1695\/revisions"}],"wp:attachment":[{"href":"https:\/\/www.ceceresantana.com\/es\/wp-json\/wp\/v2\/media?parent=1695"}],"curies":[{"name":"wp","href":"https:\/\/api.w.org\/{rel}","templated":true}]}}