{"id":1681,"date":"2019-04-19T15:40:20","date_gmt":"2019-04-19T19:40:20","guid":{"rendered":"https:\/\/www.ceceresantana.com\/?page_id=1681"},"modified":"2023-04-05T23:44:01","modified_gmt":"2023-04-06T03:44:01","slug":"muerte-por-negligencia","status":"publish","type":"page","link":"https:\/\/www.ceceresantana.com\/es\/areas-de-practica\/muerte-por-negligencia\/","title":{"rendered":"Muerte por Negligencia"},"content":{"rendered":"<div class=\"wpb-content-wrapper\"><p>[vc_row el_class=&#8221;practice-area-master-row&#8221;][vc_column][vc_column_text]<\/p>\n<h1>Abogado de Muerte por Negligencia en Fort Lauderdale<\/h1>\n<p>[\/vc_column_text][vc_column_text]<\/p>\n<h4><img loading=\"lazy\" decoding=\"async\" class=\"alignleft size-full wp-image-2063\" src=\"\/wp-content\/uploads\/2019\/04\/wrongful-death.jpg\" alt=\"wrongful-death\" width=\"180\" height=\"180\" srcset=\"https:\/\/www.ceceresantana.com\/es\/wp-content\/uploads\/2019\/04\/wrongful-death.jpg 180w, https:\/\/www.ceceresantana.com\/es\/wp-content\/uploads\/2019\/04\/wrongful-death-150x150.jpg 150w, https:\/\/www.ceceresantana.com\/es\/wp-content\/uploads\/2019\/04\/wrongful-death-75x75.jpg 75w, https:\/\/www.ceceresantana.com\/es\/wp-content\/uploads\/2019\/04\/wrongful-death-100x100.jpg 100w\" sizes=\"auto, (max-width: 180px) 100vw, 180px\" \/><\/h4>\n<p>Cuando un familiar fallece a causa de la negligencia de otra persona, una reclamaci\u00f3n legal es probablemente lo menos que los sobrevivientes quieren contemplar. Sin embargo, en un caso en que la persona fallece por negligencia de una persona o compa\u00f1\u00eda, los familiares deben consultar con un abogado para entender cuales son sus opciones legales. En ciertos casos, una reclamaci\u00f3n legal puede ayudar para cubrir cuentas m\u00e9dicas y reemplazar ingresos perdidos.<\/p>\n<p>Los familiares allegados a la persona que falleci\u00f3, esposo\/a, hijos, etc. tienen el derecho de presentar una reclamaci\u00f3n por la p\u00e9rdida de apoyo y servicios, por el valor econ\u00f3mico que la persona representaba a futuro y por gastos m\u00e9dicos y de funeral que el familiar ha tenido que cubrir.<\/p>\n<p>Adem\u00e1s, el esposo\/a, hijos y padres, todos tienen el derecho de presentar una reclamaci\u00f3n basada en relaci\u00f3n con la persona que falleci\u00f3. Por ejemplo, el esposo o esposa puede presentar una reclamaci\u00f3n por falta de compa\u00f1\u00eda y protecci\u00f3n, adem\u00e1s de da\u00f1os sicol\u00f3gicos y sufrimiento.<\/p>\n<p>Si usted u otro familiar tiene preguntas relacionadas a la muerte de una persona por negligencia m\u00e9dica, llame a nuestras oficinas para hablar con nuestros abogados sin costo alguno. En <a href=\"https:\/\/www.ceceresantana.com\/es\/\">Cecere Santana<\/a> contamos con la experiencia para asesorarlo y guiarlo por este proceso tan dif\u00edcil.<\/p>\n<p>Para hacer una cita con uno de nuestros abogados, ll\u00e1menos al <a href=\"tel:8007535529\">800-753-5529<\/a> o visite nuestra p\u00e1gina de contacto. Nuestras consultas siempre son gratis y confidencial.<\/p>\n<h3>Nuestros Servicios:<\/h3>\n<ul>\n<li id=\"tw-target-text\" class=\"tw-data-text tw-text-large tw-ta\" dir=\"ltr\" data-placeholder=\"Translation\"><a href=\"https:\/\/www.ceceresantana.com\/es\/areas-de-practica\/accidentes-automovilisticos\/\"><span lang=\"es\">Abogado de Accidentes Automovil\u00edsticos<\/span><\/a><\/li>\n<li id=\"tw-target-text\" class=\"tw-data-text tw-text-large tw-ta\" dir=\"ltr\" data-placeholder=\"Translation\"><a href=\"https:\/\/www.ceceresantana.com\/es\/areas-de-practica\/accidentes-de-trabajo\/\">Abogados de Lesiones Laborales<\/a><\/li>\n<li id=\"tw-target-text\" class=\"tw-data-text tw-text-large tw-ta\" dir=\"ltr\" data-placeholder=\"Translation\"><a href=\"https:\/\/www.ceceresantana.com\/es\/areas-de-practica\/accidentes-maritimos\/\"><span lang=\"es\">Abogado de Accidentes de Barcos<\/span><\/a><\/li>\n<li><a href=\"https:\/\/www.ceceresantana.com\/es\/areas-de-practica\/medicamentos-peligrosos\/\">Abogado de Medicamentos Peligrosos<\/a><\/li>\n<li><a href=\"https:\/\/www.ceceresantana.com\/es\/areas-de-practica\/mordidas-de-perro\/\">Abogados de Mordedura de Perro<\/a><\/li>\n<li><a href=\"https:\/\/www.ceceresantana.com\/es\/areas-de-practica\/muerte-por-negligencia\/\">Abogado de Muerte por Negligencia<\/a><\/li>\n<li><a href=\"https:\/\/www.ceceresantana.com\/es\/areas-de-practica\/negligencia-en-residencias-de-ancianos\/\">Abogada de Negligencia en Residencias de Ancianos<\/a><\/li>\n<li><a href=\"https:\/\/www.ceceresantana.com\/es\/areas-de-practica\/productos-defectuosos\/\">Abogados de Productos Defectuosos<\/a><\/li>\n<li><a href=\"https:\/\/www.ceceresantana.com\/es\/areas-de-practica\/resbalones-y-caidas\/\">Abogado de Resbalones y Ca\u00eddas<\/a><\/li>\n<\/ul>\n<h3>\u00a1Visite su oficina de Cecere Santana m\u00e1s cercana hoy!<\/h3>\n<ul>\n<li><a href=\"https:\/\/www.ceceresantana.com\/office-locations\/plantation\/\">Plantation, FL<\/a><\/li>\n<li><a href=\"https:\/\/www.ceceresantana.com\/office-locations\/coral-gables-office\/\">Coral Gables, FL<\/a><\/li>\n<li><a href=\"https:\/\/www.ceceresantana.com\/office-locations\/west-palm-beach-office\/\">West Palm Beach, FL<\/a><\/li>\n<\/ul>\n<h3>Nuestro Abogado de Muerte por Negligencia en Fort Lauderdale Puede Ayudarlo<\/h3>\n<p>Si usted u otro familiar tiene preguntas relacionadas a la muerte de una persona por negligencia m\u00e9dica, llame a nuestras oficinas para hablar con nuestros abogados sin costo alguno. En Cecere Santana contamos con la experiencia para asesorarlo y guiarlo por este proceso tan dif\u00edcil.<\/p>\n<p>Para hacer una cita con uno de nuestros abogados, ll\u00e1menos al <a href=\"tel:+1800-753-5529\">800-753-5529<\/a> o visite nuestra p\u00e1gina de contacto. Nuestras consultas siempre son gratis y confidencial.[\/vc_column_text][\/vc_column][\/vc_row]<\/p>\n<\/div><!-- AddThis Advanced Settings generic via filter on the_content --><!-- AddThis Share Buttons generic via filter on the_content -->","protected":false},"excerpt":{"rendered":"<p>[vc_row el_class=&#8221;practice-area-master-row&#8221;][vc_column][vc_column_text] Abogado de Muerte por Negligencia en Fort Lauderdale [\/vc_column_text][vc_column_text] Cuando un familiar fallece a causa de la negligencia de otra persona, una reclamaci\u00f3n legal es probablemente lo menos que los sobrevivientes quieren contemplar. Sin embargo, en un caso en que la persona fallece por negligencia de una persona o compa\u00f1\u00eda, los familiares deben &hellip; <\/p>\n<p class=\"link-more\"><a href=\"https:\/\/www.ceceresantana.com\/es\/areas-de-practica\/muerte-por-negligencia\/\" class=\"more-link\">Continue reading<span class=\"screen-reader-text\"> &#8220;Muerte por Negligencia&#8221;<\/span><\/a><\/p>\n<p><!-- AddThis Advanced Settings generic via filter on get_the_excerpt --><!-- AddThis Share Buttons generic via filter on get_the_excerpt --><\/p>\n","protected":false},"author":1,"featured_media":0,"parent":1645,"menu_order":0,"comment_status":"closed","ping_status":"closed","template":"","meta":{"_acf_changed":false,"footnotes":""},"class_list":["post-1681","page","type-page","status-publish"],"acf":[],"aioseo_notices":[],"_links":{"self":[{"href":"https:\/\/www.ceceresantana.com\/es\/wp-json\/wp\/v2\/pages\/1681","targetHints":{"allow":["GET"]}}],"collection":[{"href":"https:\/\/www.ceceresantana.com\/es\/wp-json\/wp\/v2\/pages"}],"about":[{"href":"https:\/\/www.ceceresantana.com\/es\/wp-json\/wp\/v2\/types\/page"}],"author":[{"embeddable":true,"href":"https:\/\/www.ceceresantana.com\/es\/wp-json\/wp\/v2\/users\/1"}],"replies":[{"embeddable":true,"href":"https:\/\/www.ceceresantana.com\/es\/wp-json\/wp\/v2\/comments?post=1681"}],"version-history":[{"count":0,"href":"https:\/\/www.ceceresantana.com\/es\/wp-json\/wp\/v2\/pages\/1681\/revisions"}],"up":[{"embeddable":true,"href":"https:\/\/www.ceceresantana.com\/es\/wp-json\/wp\/v2\/pages\/1645"}],"wp:attachment":[{"href":"https:\/\/www.ceceresantana.com\/es\/wp-json\/wp\/v2\/media?parent=1681"}],"curies":[{"name":"wp","href":"https:\/\/api.w.org\/{rel}","templated":true}]}}