{"id":1679,"date":"2019-04-19T15:39:57","date_gmt":"2019-04-19T19:39:57","guid":{"rendered":"https:\/\/www.ceceresantana.com\/?page_id=1679"},"modified":"2023-03-30T20:54:34","modified_gmt":"2023-03-31T00:54:34","slug":"resbalones-y-caidas","status":"publish","type":"page","link":"https:\/\/www.ceceresantana.com\/es\/areas-de-practica\/resbalones-y-caidas\/","title":{"rendered":"Resbalones y Ca\u00eddas"},"content":{"rendered":"<div class=\"wpb-content-wrapper\"><p>[vc_row el_class=&#8221;practice-area-master-row&#8221;][vc_column][vc_column_text]<\/p>\n<h1>Abogado de Resbalones y Ca\u00eddas en Fort Lauderdale<\/h1>\n<p>[\/vc_column_text][vc_column_text]<\/p>\n<h4><img loading=\"lazy\" decoding=\"async\" class=\"alignleft size-full wp-image-2060\" src=\"\/wp-content\/uploads\/2019\/04\/slip-fall.jpg\" alt=\"slip-fall\" width=\"180\" height=\"180\" srcset=\"https:\/\/www.ceceresantana.com\/es\/wp-content\/uploads\/2019\/04\/slip-fall.jpg 180w, https:\/\/www.ceceresantana.com\/es\/wp-content\/uploads\/2019\/04\/slip-fall-150x150.jpg 150w, https:\/\/www.ceceresantana.com\/es\/wp-content\/uploads\/2019\/04\/slip-fall-75x75.jpg 75w, https:\/\/www.ceceresantana.com\/es\/wp-content\/uploads\/2019\/04\/slip-fall-100x100.jpg 100w\" sizes=\"auto, (max-width: 180px) 100vw, 180px\" \/><\/h4>\n<p>En el estado de la Florida una persona o entidad a cargo de un negocio tiene la responsabilidad de proveer a sus clientes un cuidado razonable, o sea, de mantener su establecimiento en una condici\u00f3n segura y sin riesgos para la seguridad de sus clientes. Esta responsabilidad incluye esfuerzos razonables para mantener el establecimiento libre de objetos ajenos en las zonas de tr\u00e1fico y de sustancias que puedan causar que alguien se caiga y se <a href=\"https:\/\/www.ceceresantana.com\/fort-lauderdale-personal-injury-lawyer\/\">lesione<\/a>. Si una persona es lesionada a causa de la negligencia del negocio, el establecimiento es responsable de pagar las cuentas m\u00e9dicas de la persona lesionada, adem\u00e1s de la p\u00e9rdida de ingresos y de compensarlo por su dolor y sufrimiento.<\/p>\n<h3><strong>Otros Servicios Disponibles:<\/strong><\/h3>\n<ul>\n<li id=\"tw-target-text\" class=\"tw-data-text tw-text-large tw-ta\" dir=\"ltr\" data-placeholder=\"Translation\"><a href=\"https:\/\/www.ceceresantana.com\/es\/areas-de-practica\/accidentes-automovilisticos\/\"><span lang=\"es\">Abogado de Accidentes Automovil\u00edsticos<\/span><\/a><\/li>\n<li id=\"tw-target-text\" class=\"tw-data-text tw-text-large tw-ta\" dir=\"ltr\" data-placeholder=\"Translation\"><a href=\"https:\/\/www.ceceresantana.com\/es\/areas-de-practica\/accidentes-de-trabajo\/\">Abogados de Lesiones Laborales<\/a><\/li>\n<li id=\"tw-target-text\" class=\"tw-data-text tw-text-large tw-ta\" dir=\"ltr\" data-placeholder=\"Translation\"><a href=\"https:\/\/www.ceceresantana.com\/es\/areas-de-practica\/accidentes-maritimos\/\"><span lang=\"es\">Abogados de Accidentes de Barcos<\/span><\/a><\/li>\n<li><a href=\"https:\/\/www.ceceresantana.com\/es\/areas-de-practica\/asaltos\/\">Abogados de Asaltos<\/a><\/li>\n<li><a href=\"https:\/\/www.ceceresantana.com\/es\/areas-de-practica\/medicamentos-peligrosos\/\">Abogado de Medicamentos Peligrosos<\/a><\/li>\n<li><a href=\"https:\/\/www.ceceresantana.com\/es\/areas-de-practica\/mordidas-de-perro\/\">Abogados de Mordedura de Perro<\/a><\/li>\n<li><a href=\"https:\/\/www.ceceresantana.com\/es\/areas-de-practica\/muerte-por-negligencia\/\">Abogado de Muerte por Negligencia<\/a><\/li>\n<li><a href=\"https:\/\/www.ceceresantana.com\/es\/areas-de-practica\/negligencia-en-residencias-de-ancianos\/\">Abogada de Negligencia en Residencias de Ancianos<\/a><\/li>\n<li><a href=\"https:\/\/www.ceceresantana.com\/es\/areas-de-practica\/productos-defectuosos\/\">Abogados de Productos Defectuosos<\/a><\/li>\n<li><a href=\"https:\/\/www.ceceresantana.com\/es\/areas-de-practica\/resbalones-y-caidas\/\">Abogado de Resbalones y Ca\u00eddas<\/a><\/li>\n<\/ul>\n<h3>\u00a1Visite su oficina de Cecere Santana m\u00e1s cercana hoy!<\/h3>\n<ul>\n<li><a href=\"https:\/\/www.ceceresantana.com\/es\/oficinas\/oficina-en-plantation\/\">Plantation, FL<\/a><\/li>\n<li><a href=\"https:\/\/www.ceceresantana.com\/es\/oficinas\/oficina-en-coral-gables\/\">Coral Gables, FL<\/a><\/li>\n<li><a href=\"https:\/\/www.ceceresantana.com\/es\/oficinas\/oficina-en-west-palm-beach\/\">West Palm Beach, FL<\/a><\/li>\n<\/ul>\n<p>[\/vc_column_text][\/vc_column][\/vc_row]<\/p>\n<\/div><!-- AddThis Advanced Settings generic via filter on the_content --><!-- AddThis Share Buttons generic via filter on the_content -->","protected":false},"excerpt":{"rendered":"<p>[vc_row el_class=&#8221;practice-area-master-row&#8221;][vc_column][vc_column_text] Abogado de Resbalones y Ca\u00eddas en Fort Lauderdale [\/vc_column_text][vc_column_text] En el estado de la Florida una persona o entidad a cargo de un negocio tiene la responsabilidad de proveer a sus clientes un cuidado razonable, o sea, de mantener su establecimiento en una condici\u00f3n segura y sin riesgos para la seguridad de sus &hellip; <\/p>\n<p class=\"link-more\"><a href=\"https:\/\/www.ceceresantana.com\/es\/areas-de-practica\/resbalones-y-caidas\/\" class=\"more-link\">Continue reading<span class=\"screen-reader-text\"> &#8220;Resbalones y Ca\u00eddas&#8221;<\/span><\/a><\/p>\n<p><!-- AddThis Advanced Settings generic via filter on get_the_excerpt --><!-- AddThis Share Buttons generic via filter on get_the_excerpt --><\/p>\n","protected":false},"author":1,"featured_media":0,"parent":1645,"menu_order":0,"comment_status":"closed","ping_status":"closed","template":"","meta":{"_acf_changed":false,"footnotes":""},"class_list":["post-1679","page","type-page","status-publish"],"acf":[],"aioseo_notices":[],"_links":{"self":[{"href":"https:\/\/www.ceceresantana.com\/es\/wp-json\/wp\/v2\/pages\/1679","targetHints":{"allow":["GET"]}}],"collection":[{"href":"https:\/\/www.ceceresantana.com\/es\/wp-json\/wp\/v2\/pages"}],"about":[{"href":"https:\/\/www.ceceresantana.com\/es\/wp-json\/wp\/v2\/types\/page"}],"author":[{"embeddable":true,"href":"https:\/\/www.ceceresantana.com\/es\/wp-json\/wp\/v2\/users\/1"}],"replies":[{"embeddable":true,"href":"https:\/\/www.ceceresantana.com\/es\/wp-json\/wp\/v2\/comments?post=1679"}],"version-history":[{"count":0,"href":"https:\/\/www.ceceresantana.com\/es\/wp-json\/wp\/v2\/pages\/1679\/revisions"}],"up":[{"embeddable":true,"href":"https:\/\/www.ceceresantana.com\/es\/wp-json\/wp\/v2\/pages\/1645"}],"wp:attachment":[{"href":"https:\/\/www.ceceresantana.com\/es\/wp-json\/wp\/v2\/media?parent=1679"}],"curies":[{"name":"wp","href":"https:\/\/api.w.org\/{rel}","templated":true}]}}