{"id":1677,"date":"2019-04-19T15:39:33","date_gmt":"2019-04-19T19:39:33","guid":{"rendered":"https:\/\/www.ceceresantana.com\/?page_id=1677"},"modified":"2024-10-25T17:16:57","modified_gmt":"2024-10-25T21:16:57","slug":"productos-defectuosos","status":"publish","type":"page","link":"https:\/\/www.ceceresantana.com\/es\/areas-de-practica\/productos-defectuosos\/","title":{"rendered":"Abogados de Productos Defectuosos"},"content":{"rendered":"<div class=\"wpb-content-wrapper\"><p>[vc_row el_class=&#8221;practice-area-master-row&#8221;][vc_column][vc_column_text]<\/p>\n<h1>Abogados de Productos Defectuosos en Fort Lauderdale<\/h1>\n<p>[\/vc_column_text][vc_column_text css=&#8221;&#8221;]<\/p>\n<h4><img loading=\"lazy\" decoding=\"async\" class=\"alignleft size-full wp-image-2058\" src=\"\/wp-content\/uploads\/2019\/04\/faulty-product.jpg\" alt=\"faulty-product\" width=\"180\" height=\"180\" srcset=\"https:\/\/www.ceceresantana.com\/es\/wp-content\/uploads\/2019\/04\/faulty-product.jpg 180w, https:\/\/www.ceceresantana.com\/es\/wp-content\/uploads\/2019\/04\/faulty-product-150x150.jpg 150w, https:\/\/www.ceceresantana.com\/es\/wp-content\/uploads\/2019\/04\/faulty-product-75x75.jpg 75w, https:\/\/www.ceceresantana.com\/es\/wp-content\/uploads\/2019\/04\/faulty-product-100x100.jpg 100w\" sizes=\"auto, (max-width: 180px) 100vw, 180px\" \/><\/h4>\n<p>Se espera que los productos que los consumidores utilizan en Florida y otros estados sean seguros. Si no lo son, una persona perjudicada por un dispositivo defectuoso puede intentar responsabilizar a su fabricante o dise\u00f1ador. En muchos casos, el acusado puede ser responsable incluso si ha tenido un cuidado razonable en el dise\u00f1o y la fabricaci\u00f3n del art\u00edculo. Si usted ha sido herido en el \u00e1rea de Fort Lauderdale por un producto defectuoso, los abogados de lesiones de <a href=\"https:\/\/www.ceceresantana.com\/\">Cecere Santana<\/a> pueden explicar sus derechos y explorar sus opciones con usted.<\/p>\n<h2>Haciendo valer sus derechos a trav\u00e9s de una demanda de responsabilidad de producto<\/h2>\n<p>Dependiendo de los hechos del caso, un consumidor lesionado por un producto defectuoso puede tratar de hacer responsable a su fabricante, dise\u00f1ador, mayorista, distribuidor o vendedor. La demanda presentada puede alegar m\u00faltiples causas de acci\u00f3n, como la responsabilidad objetiva. Para probar una demanda por producto defectuoso basada en la responsabilidad objetiva, la v\u00edctima debe demostrar que el art\u00edculo fue la causa directa de sus lesiones y que lo utiliz\u00f3 de forma prevista o previsible. El grado de cuidado que un fabricante haya empleado realmente en la fabricaci\u00f3n de un producto es irrelevante en las demandas por responsabilidad objetiva. Esta teor\u00eda s\u00f3lo puede utilizarse cuando un art\u00edculo llega al consumidor directamente a trav\u00e9s de la corriente comercial, en lugar de ser adquirido de segunda mano.<\/p>\n<p>Un producto puede tener varios defectos. Los principales tipos de problemas que pueden dar lugar a una reclamaci\u00f3n de responsabilidad objetiva son los defectos de dise\u00f1o, los defectos de fabricaci\u00f3n y los defectos de advertencia. Un defecto de dise\u00f1o se produce cuando un producto est\u00e1 dise\u00f1ado con un defecto que hace que el producto sea peligroso, independientemente de c\u00f3mo est\u00e9 fabricado. El defecto es inherente al dise\u00f1o del producto. Un defecto que se origina durante la producci\u00f3n de un producto y lo hace peligroso se denomina defecto de fabricaci\u00f3n. Si el demandado no proporcion\u00f3 las instrucciones o advertencias adecuadas sobre c\u00f3mo utilizar el producto, puede tratarse de un defecto de advertencia, tambi\u00e9n llamado falta de advertencia.<\/p>\n<p>Adem\u00e1s de la responsabilidad objetiva, un consumidor puede optar por presentar una demanda basada en la teor\u00eda de la negligencia. Para ello es necesario demostrar que el demandado ten\u00eda un deber de cuidado para con la persona perjudicada y lo incumpli\u00f3 mediante una acci\u00f3n negligente. Se diferencia de la responsabilidad objetiva en que el nivel de cuidado utilizado por la entidad demandada es un elemento cr\u00edtico que la v\u00edctima debe probar. Al igual que en la responsabilidad objetiva, es esencial establecer un v\u00ednculo directo entre el defecto del producto y las lesiones.<\/p>\n<p>Un consumidor que demuestra un caso exitoso de responsabilidad por producto, ya sea por responsabilidad objetiva o por negligencia, suele tener derecho a cobrar una indemnizaci\u00f3n por da\u00f1os y perjuicios a los demandados que se consideren responsables. Estas formas de indemnizaci\u00f3n pueden compensar a la v\u00edctima por los da\u00f1os f\u00edsicos, psicol\u00f3gicos y financieros. Algunos ejemplos comunes de da\u00f1os y perjuicios incluyen el dolor y el sufrimiento, la p\u00e9rdida del disfrute de la vida, los gastos m\u00e9dicos, los salarios perdidos y la angustia mental.<\/p>\n<h2>Consulte a un abogado con experiencia en Fort Lauderdale despu\u00e9s de un accidente<\/h2>\n<p>Los fabricantes, dise\u00f1adores y vendedores de dispositivos defectuosos deben responder por los da\u00f1os que causan. Si usted ha sido herido por un producto defectuoso, los abogados de accidentes de Cecere Santana pueden ayudarle a buscar compensaci\u00f3n. Hemos asistido a clientes de Fort Lauderdale y otras ciudades de Florida, incluyendo Sunrise, Davie, y Hollywood.<a href=\"https:\/\/www.ceceresantana.com\/contact-us\/\"> Para programar una evaluaci\u00f3n gratuita de su caso<\/a>, <a href=\"tel:800-753-5529\">llame al 800-753-5529<\/a> o cont\u00e1ctenos en l\u00ednea.<\/p>\n<h3><strong>Otros Servicios Disponibles:<\/strong><\/h3>\n<ul>\n<li id=\"tw-target-text\" class=\"tw-data-text tw-text-large tw-ta\" dir=\"ltr\" data-placeholder=\"Translation\"><a href=\"https:\/\/www.ceceresantana.com\/es\/areas-de-practica\/accidentes-automovilisticos\/\"><span lang=\"es\">Abogado de Accidentes Automovil\u00edsticos<\/span><\/a><\/li>\n<li id=\"tw-target-text\" class=\"tw-data-text tw-text-large tw-ta\" dir=\"ltr\" data-placeholder=\"Translation\"><a href=\"https:\/\/www.ceceresantana.com\/es\/areas-de-practica\/accidentes-de-trabajo\/\">Abogados de Lesiones Laborales<\/a><\/li>\n<li id=\"tw-target-text\" class=\"tw-data-text tw-text-large tw-ta\" dir=\"ltr\" data-placeholder=\"Translation\"><a href=\"https:\/\/www.ceceresantana.com\/es\/areas-de-practica\/accidentes-maritimos\/\"><span lang=\"es\">Abogados de Accidentes de Barcos<\/span><\/a><\/li>\n<li><a href=\"https:\/\/www.ceceresantana.com\/es\/areas-de-practica\/asaltos\/\">Abogados de Asaltos<\/a><\/li>\n<li><a href=\"https:\/\/www.ceceresantana.com\/es\/areas-de-practica\/medicamentos-peligrosos\/\">Abogado de Medicamentos Peligrosos<\/a><\/li>\n<li><a href=\"https:\/\/www.ceceresantana.com\/es\/areas-de-practica\/mordidas-de-perro\/\">Abogados de Mordedura de Perro<\/a><\/li>\n<li><a href=\"https:\/\/www.ceceresantana.com\/es\/areas-de-practica\/muerte-por-negligencia\/\">Abogado de Muerte por Negligencia<\/a><\/li>\n<li><a href=\"https:\/\/www.ceceresantana.com\/es\/areas-de-practica\/negligencia-en-residencias-de-ancianos\/\">Abogada de Negligencia en Residencias de Ancianos<\/a><\/li>\n<li><a href=\"https:\/\/www.ceceresantana.com\/es\/areas-de-practica\/productos-defectuosos\/\">Abogados de Productos Defectuosos<\/a><\/li>\n<li><a href=\"https:\/\/www.ceceresantana.com\/es\/areas-de-practica\/resbalones-y-caidas\/\">Abogado de Resbalones y Ca\u00eddas<\/a><\/li>\n<\/ul>\n<h3>\u00a1Visite su oficina de Cecere Santana m\u00e1s cercana hoy!<\/h3>\n<ul>\n<li><a href=\"https:\/\/www.ceceresantana.com\/office-locations\/plantation\/\">Plantation, FL<\/a><\/li>\n<li><a href=\"https:\/\/www.ceceresantana.com\/office-locations\/coral-gables-office\/\">Coral Gables, FL<\/a><\/li>\n<li><a href=\"https:\/\/www.ceceresantana.com\/office-locations\/west-palm-beach-office\/\">West Palm Beach, FL<\/a><\/li>\n<\/ul>\n<p>[\/vc_column_text][\/vc_column][\/vc_row]<\/p>\n<\/div><!-- AddThis Advanced Settings generic via filter on the_content --><!-- AddThis Share Buttons generic via filter on the_content -->","protected":false},"excerpt":{"rendered":"<p>[vc_row el_class=&#8221;practice-area-master-row&#8221;][vc_column][vc_column_text] Abogados de Productos Defectuosos en Fort Lauderdale [\/vc_column_text][vc_column_text css=&#8221;&#8221;] Se espera que los productos que los consumidores utilizan en Florida y otros estados sean seguros. Si no lo son, una persona perjudicada por un dispositivo defectuoso puede intentar responsabilizar a su fabricante o dise\u00f1ador. En muchos casos, el acusado puede ser responsable incluso &hellip; <\/p>\n<p class=\"link-more\"><a href=\"https:\/\/www.ceceresantana.com\/es\/areas-de-practica\/productos-defectuosos\/\" class=\"more-link\">Continue reading<span class=\"screen-reader-text\"> &#8220;Abogados de Productos Defectuosos&#8221;<\/span><\/a><\/p>\n<p><!-- AddThis Advanced Settings generic via filter on get_the_excerpt --><!-- AddThis Share Buttons generic via filter on get_the_excerpt --><\/p>\n","protected":false},"author":1,"featured_media":0,"parent":1645,"menu_order":0,"comment_status":"closed","ping_status":"closed","template":"","meta":{"_acf_changed":false,"footnotes":""},"class_list":["post-1677","page","type-page","status-publish"],"acf":[],"aioseo_notices":[],"_links":{"self":[{"href":"https:\/\/www.ceceresantana.com\/es\/wp-json\/wp\/v2\/pages\/1677","targetHints":{"allow":["GET"]}}],"collection":[{"href":"https:\/\/www.ceceresantana.com\/es\/wp-json\/wp\/v2\/pages"}],"about":[{"href":"https:\/\/www.ceceresantana.com\/es\/wp-json\/wp\/v2\/types\/page"}],"author":[{"embeddable":true,"href":"https:\/\/www.ceceresantana.com\/es\/wp-json\/wp\/v2\/users\/1"}],"replies":[{"embeddable":true,"href":"https:\/\/www.ceceresantana.com\/es\/wp-json\/wp\/v2\/comments?post=1677"}],"version-history":[{"count":0,"href":"https:\/\/www.ceceresantana.com\/es\/wp-json\/wp\/v2\/pages\/1677\/revisions"}],"up":[{"embeddable":true,"href":"https:\/\/www.ceceresantana.com\/es\/wp-json\/wp\/v2\/pages\/1645"}],"wp:attachment":[{"href":"https:\/\/www.ceceresantana.com\/es\/wp-json\/wp\/v2\/media?parent=1677"}],"curies":[{"name":"wp","href":"https:\/\/api.w.org\/{rel}","templated":true}]}}