{"id":1675,"date":"2019-04-19T15:39:07","date_gmt":"2019-04-19T19:39:07","guid":{"rendered":"https:\/\/www.ceceresantana.com\/?page_id=1675"},"modified":"2024-10-25T17:15:29","modified_gmt":"2024-10-25T21:15:29","slug":"negligencia-en-residencias-de-ancianos","status":"publish","type":"page","link":"https:\/\/www.ceceresantana.com\/es\/areas-de-practica\/negligencia-en-residencias-de-ancianos\/","title":{"rendered":"Negligencia en Residencias de Ancianos"},"content":{"rendered":"<div class=\"wpb-content-wrapper\"><p>[vc_row el_class=&#8221;practice-area-master-row&#8221;][vc_column][vc_column_text]<\/p>\n<h1>Abogados de Negligencia en Residencias de Ancianos en Fort Lauderdale<\/h1>\n<p>[\/vc_column_text][vc_column_text css=&#8221;&#8221;]<img loading=\"lazy\" decoding=\"async\" class=\"alignleft size-full wp-image-2054\" src=\"\/wp-content\/uploads\/2019\/04\/nurse-home.jpg\" alt=\"nurse-home\" width=\"180\" height=\"180\" srcset=\"https:\/\/www.ceceresantana.com\/es\/wp-content\/uploads\/2019\/04\/nurse-home.jpg 180w, https:\/\/www.ceceresantana.com\/es\/wp-content\/uploads\/2019\/04\/nurse-home-150x150.jpg 150w, https:\/\/www.ceceresantana.com\/es\/wp-content\/uploads\/2019\/04\/nurse-home-75x75.jpg 75w, https:\/\/www.ceceresantana.com\/es\/wp-content\/uploads\/2019\/04\/nurse-home-100x100.jpg 100w\" sizes=\"auto, (max-width: 180px) 100vw, 180px\" \/><\/p>\n<p>Los residentes de residencias de ancianos son especialmente vulnerables a la negligencia de sus cuidadores. De acuerdo con el Centro Nacional de Abuso de Ancianos, un estudio reciente inform\u00f3 que el 95 por ciento de los residentes de hogares de ancianos reportaron haber experimentado negligencia ellos mismos o haber sido testigos de ella. Si usted o un ser querido ha sido maltratado en un hogar de ancianos, los abogados de negligencia en hogares de ancianos de Fort Lauderdale de Cecere Santana, PA pueden ser capaces de ayudarle. Usted tiene el derecho de responsabilizar a los hogares de ancianos negligentes por sus acciones.<\/p>\n<h2>Abogados de Negligencia y Abuso en Asilos de Ancianos en Fort Lauderdale<\/h2>\n<p>En muchos casos, puede ser dif\u00edcil saber cu\u00e1ndo un hogar de ancianos es culpable de descuidar a sus residentes. Algunos signos de negligencia en un hogar de ancianos son las \u00falceras por presi\u00f3n, las necesidades m\u00e9dicas no satisfechas, los moretones y el retiro del residente de sus actividades normales.<\/p>\n<p>Un residente perjudicado por una residencia de ancianos negligente puede presentar una demanda contra la residencia. Hay tres elementos b\u00e1sicos en un caso de negligencia en un hogar de ancianos en Florida:<\/p>\n<ol>\n<li>El hogar de ancianos ten\u00eda un deber de cuidado hacia el demandante;<\/li>\n<li>El hogar incumpli\u00f3 esa obligaci\u00f3n; y<\/li>\n<li>El incumplimiento caus\u00f3 las lesiones del demandante.<\/li>\n<\/ol>\n<p>Las residencias de ancianos deben a sus residentes un deber de cuidado razonable. Esto requiere que simplemente eviten un comportamiento irrazonable que ponga en peligro a sus residentes. Este deber se extiende a todos los empleados de la instalaci\u00f3n porque la ley de Florida permite que los empleadores sean responsables del comportamiento de los empleados en el trabajo.<\/p>\n<h2>Los Hogares de Ancianos que Da\u00f1an a sus Residentes Pueden ser Responsables de los Da\u00f1os<\/h2>\n<p>Un incumplimiento ocurre cuando el demandado no cumple con su deber legalmente asignado. Algunos signos de incumplimiento pueden ser el desarrollo de llagas en la cama, desnutrici\u00f3n o errores en la administraci\u00f3n de medicamentos. Estos comportamientos negligentes pondr\u00edan en peligro de forma injustificada la salud y la seguridad de los residentes.<\/p>\n<p>La causalidad se demuestra estableciendo que el incumplimiento del demandado fue un factor que contribuy\u00f3 sustancialmente a las lesiones del demandante. En muchos casos de negligencia en residencias de ancianos, la causalidad puede ser sencilla. La causa de la malnutrici\u00f3n es el hecho de que la residencia de ancianos no alimente adecuadamente a los residentes. Un residente puede desarrollar llagas en la cama debido a que el personal no le da la vuelta adecuadamente. Siempre que el residente hubiera evitado las lesiones si la residencia de ancianos hubiera actuado razonablemente, el centro ser\u00e1 probablemente una causa pr\u00f3xima.<\/p>\n<p>Puede haber circunstancias que justifiquen alegar otras causas de acci\u00f3n. En particular, si un m\u00e9dico es responsable de la conducta negligente, el demandante puede considerar la posibilidad de presentar una demanda por negligencia m\u00e9dica contra el m\u00e9dico y\/o la residencia de ancianos. Esto puede hacerse junto con una demanda por negligencia tradicional o por s\u00ed sola.<\/p>\n<h2>Las Reclamaciones por Negligencia Deben Presentarse en un Plazo de Cuatro A\u00f1os<\/h2>\n<p>Debido a la dificultad de detectar algunos tipos de comportamiento negligente, especialmente cuando la v\u00edctima puede no ser capaz de expresar sus propias preocupaciones, es importante ponerse en contacto con un abogado tan pronto como usted sospeche de negligencia en el hogar de ancianos. Afortunadamente, la ley de Florida establece un generoso plazo de prescripci\u00f3n de cuatro a\u00f1os para las demandas por negligencia. Esto significa que una acci\u00f3n por negligencia debe presentarse dentro de los cuatro a\u00f1os siguientes a la fecha en que la demandante descubri\u00f3 su lesi\u00f3n. En el caso de las demandas por negligencia m\u00e9dica, el plazo para presentar una demanda es de dos a\u00f1os. Del mismo modo, una demanda por muerte por negligencia de un residente tambi\u00e9n tiene un plazo de dos a\u00f1os.<\/p>\n<h2>Ayude a Detener la Negligencia en el Hogar de Ancianos<\/h2>\n<p>Ya sea que se trate de un caso de abuso premeditado o simplemente de incompetencia, la negligencia en los hogares de ancianos es un problema grave que afecta a muchos centros de atenci\u00f3n de Florida. Si usted sospecha que un ser querido est\u00e1 experimentando negligencia en un hogar de ancianos, un abogado de lesiones de Fort Lauderdale en <a href=\"https:\/\/www.ceceresantana.com\/\">Cecere Santana<\/a> puede ayudar. Si usted vive en Hollywood, Miami, o en otra parte de la Florida, podemos investigar su reclamo, explicar sus opciones, y ayudar a poner fin a la conducta negligente o abusiva. Para programar una reuni\u00f3n con uno de nuestros abogados, env\u00ede un correo electr\u00f3nico a nuestra oficina o <a href=\"tel:800-753-5529\">llame al 800-753-5529.<\/a><\/p>\n<h3><strong>Otros Servicios Disponibles:<\/strong><\/h3>\n<ul>\n<li style=\"list-style-type: none;\">\n<ul>\n<li id=\"tw-target-text\" class=\"tw-data-text tw-text-large tw-ta\" dir=\"ltr\" data-placeholder=\"Translation\"><a href=\"https:\/\/www.ceceresantana.com\/es\/areas-de-practica\/accidentes-automovilisticos\/\"><span lang=\"es\">Abogado de Accidentes Automovil\u00edsticos<\/span><\/a><\/li>\n<li id=\"tw-target-text\" class=\"tw-data-text tw-text-large tw-ta\" dir=\"ltr\" data-placeholder=\"Translation\"><a href=\"https:\/\/www.ceceresantana.com\/es\/areas-de-practica\/accidentes-de-trabajo\/\">Abogados de Lesiones Laborales<\/a><\/li>\n<li id=\"tw-target-text\" class=\"tw-data-text tw-text-large tw-ta\" dir=\"ltr\" data-placeholder=\"Translation\"><a href=\"https:\/\/www.ceceresantana.com\/es\/areas-de-practica\/accidentes-maritimos\/\"><span lang=\"es\">Abogados de Accidentes de Barcos<\/span><\/a><\/li>\n<li><a href=\"https:\/\/www.ceceresantana.com\/es\/areas-de-practica\/asaltos\/\">Abogados de Asaltos<\/a><\/li>\n<li><a href=\"https:\/\/www.ceceresantana.com\/es\/areas-de-practica\/medicamentos-peligrosos\/\">Abogado de Medicamentos Peligrosos<\/a><\/li>\n<li><a href=\"https:\/\/www.ceceresantana.com\/es\/areas-de-practica\/mordidas-de-perro\/\">Abogados de Mordedura de Perro<\/a><\/li>\n<li><a href=\"https:\/\/www.ceceresantana.com\/es\/areas-de-practica\/muerte-por-negligencia\/\">Abogado de Muerte por Negligencia<\/a><\/li>\n<li><a href=\"https:\/\/www.ceceresantana.com\/es\/areas-de-practica\/negligencia-en-residencias-de-ancianos\/\">Abogada de Negligencia en Residencias de Ancianos<\/a><\/li>\n<li><a href=\"https:\/\/www.ceceresantana.com\/es\/areas-de-practica\/productos-defectuosos\/\">Abogados de Productos Defectuosos<\/a><\/li>\n<li><a href=\"https:\/\/www.ceceresantana.com\/es\/areas-de-practica\/resbalones-y-caidas\/\">Abogado de Resbalones y Ca\u00eddas<\/a><\/li>\n<\/ul>\n<\/li>\n<\/ul>\n<h3>\u00a1Visite su oficina de Cecere Santana m\u00e1s cercana hoy!<\/h3>\n<ul>\n<li><a href=\"https:\/\/www.ceceresantana.com\/es\/oficinas\/oficina-en-plantation\/\">Plantation, FL<\/a><\/li>\n<li><a href=\"https:\/\/www.ceceresantana.com\/es\/oficinas\/oficina-en-coral-gables\/\">Coral Gables, FL<\/a><\/li>\n<li><a href=\"https:\/\/www.ceceresantana.com\/es\/oficinas\/oficina-en-west-palm-beach\/\">West Palm Beach, FL<\/a><\/li>\n<\/ul>\n<p>[\/vc_column_text][\/vc_column][\/vc_row]<\/p>\n<\/div><!-- AddThis Advanced Settings generic via filter on the_content --><!-- AddThis Share Buttons generic via filter on the_content -->","protected":false},"excerpt":{"rendered":"<p>[vc_row el_class=&#8221;practice-area-master-row&#8221;][vc_column][vc_column_text] Abogados de Negligencia en Residencias de Ancianos en Fort Lauderdale [\/vc_column_text][vc_column_text css=&#8221;&#8221;] Los residentes de residencias de ancianos son especialmente vulnerables a la negligencia de sus cuidadores. De acuerdo con el Centro Nacional de Abuso de Ancianos, un estudio reciente inform\u00f3 que el 95 por ciento de los residentes de hogares de ancianos &hellip; <\/p>\n<p class=\"link-more\"><a href=\"https:\/\/www.ceceresantana.com\/es\/areas-de-practica\/negligencia-en-residencias-de-ancianos\/\" class=\"more-link\">Continue reading<span class=\"screen-reader-text\"> &#8220;Negligencia en Residencias de Ancianos&#8221;<\/span><\/a><\/p>\n<p><!-- AddThis Advanced Settings generic via filter on get_the_excerpt --><!-- AddThis Share Buttons generic via filter on get_the_excerpt --><\/p>\n","protected":false},"author":1,"featured_media":0,"parent":1645,"menu_order":0,"comment_status":"closed","ping_status":"closed","template":"","meta":{"_acf_changed":false,"footnotes":""},"class_list":["post-1675","page","type-page","status-publish"],"acf":[],"aioseo_notices":[],"_links":{"self":[{"href":"https:\/\/www.ceceresantana.com\/es\/wp-json\/wp\/v2\/pages\/1675","targetHints":{"allow":["GET"]}}],"collection":[{"href":"https:\/\/www.ceceresantana.com\/es\/wp-json\/wp\/v2\/pages"}],"about":[{"href":"https:\/\/www.ceceresantana.com\/es\/wp-json\/wp\/v2\/types\/page"}],"author":[{"embeddable":true,"href":"https:\/\/www.ceceresantana.com\/es\/wp-json\/wp\/v2\/users\/1"}],"replies":[{"embeddable":true,"href":"https:\/\/www.ceceresantana.com\/es\/wp-json\/wp\/v2\/comments?post=1675"}],"version-history":[{"count":0,"href":"https:\/\/www.ceceresantana.com\/es\/wp-json\/wp\/v2\/pages\/1675\/revisions"}],"up":[{"embeddable":true,"href":"https:\/\/www.ceceresantana.com\/es\/wp-json\/wp\/v2\/pages\/1645"}],"wp:attachment":[{"href":"https:\/\/www.ceceresantana.com\/es\/wp-json\/wp\/v2\/media?parent=1675"}],"curies":[{"name":"wp","href":"https:\/\/api.w.org\/{rel}","templated":true}]}}