{"id":1671,"date":"2019-04-19T15:38:15","date_gmt":"2019-04-19T19:38:15","guid":{"rendered":"https:\/\/www.ceceresantana.com\/?page_id=1671"},"modified":"2024-10-25T17:14:07","modified_gmt":"2024-10-25T21:14:07","slug":"medicamentos-peligrosos","status":"publish","type":"page","link":"https:\/\/www.ceceresantana.com\/es\/areas-de-practica\/medicamentos-peligrosos\/","title":{"rendered":"Medicamentos Peligrosos"},"content":{"rendered":"<div class=\"wpb-content-wrapper\"><p>[vc_row el_class=&#8221;practice-area-master-row&#8221;][vc_column][vc_column_text]<\/p>\n<h1>Abogado de Medicamentos Peligrosos en Fort Lauderdale<\/h1>\n<p>[\/vc_column_text][vc_column_text]<\/p>\n<h4><img loading=\"lazy\" decoding=\"async\" class=\"alignleft size-full wp-image-2049\" src=\"\/wp-content\/uploads\/2019\/04\/drug-recall.jpg\" alt=\"drug-recall\" width=\"180\" height=\"180\" srcset=\"https:\/\/www.ceceresantana.com\/es\/wp-content\/uploads\/2019\/04\/drug-recall.jpg 180w, https:\/\/www.ceceresantana.com\/es\/wp-content\/uploads\/2019\/04\/drug-recall-150x150.jpg 150w, https:\/\/www.ceceresantana.com\/es\/wp-content\/uploads\/2019\/04\/drug-recall-75x75.jpg 75w, https:\/\/www.ceceresantana.com\/es\/wp-content\/uploads\/2019\/04\/drug-recall-100x100.jpg 100w\" sizes=\"auto, (max-width: 180px) 100vw, 180px\" \/><\/h4>\n<p>Las empresas farmac\u00e9uticas tienen muchos incentivos econ\u00f3micos para sacar sus productos al mercado lo antes posible. Desgraciadamente, sus prisas a menudo hacen que se receten medicamentos peligrosos a los consumidores. Si usted fue herido por un producto farmac\u00e9utico retirado del mercado o peligroso en Fort Lauderdale o el \u00e1rea circundante, un abogado con experiencia en lesiones puede ayudarle a tomar medidas legales contra la empresa responsable. En <a href=\"https:\/\/www.ceceresantana.com\/\">Cecere Santana, PA,<\/a> tenemos la tenacidad para hacer valer sus derechos.<\/p>\n<h2>Asistiendo a las V\u00edctimas que Sufren de Lesiones por Medicamentos Defectuosos<\/h2>\n<p>En la Florida, los casos de medicamentos defectuosos son esencialmente un tipo de demanda de responsabilidad de producto. A menudo se presentan bajo la teor\u00eda de la responsabilidad estricta, aunque tambi\u00e9n pueden aplicarse otras teor\u00edas.<\/p>\n<h2>Los Casos de Retirada de Medicamentos en Fort Luaderdale se Basan en Demostrar un Defecto<\/h2>\n<p>El primer paso consiste en demostrar que el medicamento era defectuoso. En muchos casos, el acusado no inform\u00f3 adecuadamente a los pacientes de los posibles efectos secundarios de un producto farmac\u00e9utico. Esto se denomina falta de advertencia, y puede ser un defecto suficiente para fundamentar una demanda de responsabilidad por productos defectuosos. La falta de advertencia puede probarse introduciendo como prueba la informaci\u00f3n proporcionada por el fabricante. Si la lesi\u00f3n de la v\u00edctima no estaba incluida o no estaba descrita con exactitud, este elemento puede cumplirse.<\/p>\n<p>En otros casos, cuando un &#8220;lote malo&#8221; de un medicamento fue el responsable de la lesi\u00f3n de la v\u00edctima, el medicamento puede haber tenido un defecto de fabricaci\u00f3n. Esto ocurre cuando un art\u00edculo no se ajusta a su dise\u00f1o previsto porque surgi\u00f3 un problema durante el proceso de fabricaci\u00f3n. Los defectos de dise\u00f1o, por el contrario, surgen cuando la forma prevista del medicamento es defectuosa.<\/p>\n<p>Tambi\u00e9n es importante demostrar que el producto se utilizaba seg\u00fan lo previsto o de forma previsible. As\u00ed, la v\u00edctima tendr\u00e1 que demostrar que tomaba el medicamento seg\u00fan las instrucciones del fabricante o de alguna otra forma razonable.<\/p>\n<h2>Responsabilidad del Fabricante Farmac\u00e9utico por Medicamentos Peligrosos y Defectuosos<\/h2>\n<p>En una demanda por responsabilidad objetiva no importa el cuidado que el fabricante haya puesto en la elaboraci\u00f3n de un medicamento. Sin embargo, cuando una v\u00edctima presenta una reclamaci\u00f3n por negligencia despu\u00e9s de la retirada de un medicamento, tiene la carga de demostrar que el fabricante no utiliz\u00f3 el nivel adecuado de cuidado que razonablemente se deber\u00eda haber esperado que utilizara en las circunstancias. El defecto tambi\u00e9n debe haber causado directamente las lesiones de la v\u00edctima y haberla obligado a incurrir en da\u00f1os cuantificables. Las reclamaciones por negligencia pueden presentarse junto con las de responsabilidad objetiva, por lo que el consumidor perjudicado no tiene que elegir entre ambas.<\/p>\n<p>Al probar con \u00e9xito un caso relacionado con un medicamento defectuoso, ya sea basado en una teor\u00eda de responsabilidad objetiva o de negligencia, la v\u00edctima suele tener derecho a recuperar los da\u00f1os y perjuicios para compensar los gastos m\u00e9dicos pasados y futuros, as\u00ed como otros tipos de da\u00f1os, como el dolor y el sufrimiento o los salarios perdidos causados por el tiempo perdido en el trabajo. En algunos casos, cuando una empresa act\u00faa de manera particularmente atroz, los da\u00f1os punitivos tambi\u00e9n pueden ser apropiados.<\/p>\n<h2>Obtenga Ayuda de los Abogados de Medicamentos Defectuosos en Fort Lauderdale, FL<\/h2>\n<p>En Cecere Santana, nuestros abogados de medicamentos defectuosos en Fort Lauderdale pueden ayudarle a usted o a su ser querido a recibir una compensaci\u00f3n adecuada por lesiones causadas por medicamentos. La b\u00fasqueda de compensaci\u00f3n por lesiones causadas por un medicamento peligroso puede ser un esfuerzo complicado. Requiere un profundo conocimiento de la ciencia subyacente y experiencia en casos contra compa\u00f1\u00edas farmac\u00e9uticas.<\/p>\n<p>Los abogados de responsabilidad de productos en Cecere Santana, PA tienen las habilidades y los recursos necesarios para ayudar a los residentes de Fort Lauderdale y otras comunidades de la Florida, como Sunrise, Coral Springs, y West Palm Beach. si usted ha sido herido por un medicamento defectuoso, puede <a href=\"https:\/\/www.ceceresantana.com\/contact-us\/\">programar una evaluaci\u00f3n gratuita<\/a> del caso con nosotros llamando al <a href=\"tel:800-753-5529\">800-753-5529<\/a> o completando nuestro formulario en l\u00ednea.<\/p>\n<h3><strong>Nuestros Servicios:<\/strong><\/h3>\n<ul>\n<li id=\"tw-target-text\" class=\"tw-data-text tw-text-large tw-ta\" dir=\"ltr\" data-placeholder=\"Translation\"><strong><a href=\"https:\/\/www.ceceresantana.com\/es\/areas-de-practica\/accidentes-automovilisticos\/\"><span lang=\"es\">Abogado de Accidentes Automovil\u00edsticos<\/span><\/a><\/strong><\/li>\n<li id=\"tw-target-text\" class=\"tw-data-text tw-text-large tw-ta\" dir=\"ltr\" data-placeholder=\"Translation\"><strong><a href=\"https:\/\/www.ceceresantana.com\/es\/areas-de-practica\/accidentes-de-trabajo\/\">Abogados de Lesiones Laborales<\/a><\/strong><\/li>\n<li id=\"tw-target-text\" class=\"tw-data-text tw-text-large tw-ta\" dir=\"ltr\" data-placeholder=\"Translation\"><strong><a href=\"https:\/\/www.ceceresantana.com\/es\/areas-de-practica\/accidentes-maritimos\/\"><span lang=\"es\">Abogado de Accidentes de Barcos<\/span><\/a><\/strong><\/li>\n<li><strong><a href=\"https:\/\/www.ceceresantana.com\/es\/areas-de-practica\/medicamentos-peligrosos\/\">Abogado de Medicamentos Peligrosos<\/a><\/strong><\/li>\n<li><strong><a href=\"https:\/\/www.ceceresantana.com\/es\/areas-de-practica\/mordidas-de-perro\/\">Abogados de Mordedura de Perro<\/a><\/strong><\/li>\n<li><strong><a href=\"https:\/\/www.ceceresantana.com\/es\/areas-de-practica\/muerte-por-negligencia\/\">Abogado de Muerte por Negligencia<\/a><\/strong><\/li>\n<li><strong><a href=\"https:\/\/www.ceceresantana.com\/es\/areas-de-practica\/negligencia-en-residencias-de-ancianos\/\">Abogada de Negligencia en Residencias de Ancianos<\/a><\/strong><\/li>\n<li><strong><a href=\"https:\/\/www.ceceresantana.com\/es\/areas-de-practica\/productos-defectuosos\/\">Abogados de Productos Defectuosos<\/a><\/strong><\/li>\n<li><strong><a href=\"https:\/\/www.ceceresantana.com\/es\/areas-de-practica\/resbalones-y-caidas\/\">Abogado de Resbalones y Ca\u00eddas<\/a><\/strong><\/li>\n<\/ul>\n<h3>\u00a1Visite su oficina de Cecere Santana m\u00e1s cercana hoy!<\/h3>\n<ul>\n<li><a href=\"https:\/\/www.ceceresantana.com\/office-locations\/plantation\/\">Plantation, FL<\/a><\/li>\n<li><a href=\"https:\/\/www.ceceresantana.com\/office-locations\/coral-gables-office\/\">Coral Gables, FL<\/a><\/li>\n<li><a href=\"https:\/\/www.ceceresantana.com\/office-locations\/west-palm-beach-office\/\">West Palm Beach, FL<\/a><\/li>\n<\/ul>\n<p>&nbsp;<\/p>\n<\/div><!-- AddThis Advanced Settings generic via filter on the_content --><!-- AddThis Share Buttons generic via filter on the_content -->","protected":false},"excerpt":{"rendered":"<p>[vc_row el_class=&#8221;practice-area-master-row&#8221;][vc_column][vc_column_text] Abogado de Medicamentos Peligrosos en Fort Lauderdale [\/vc_column_text][vc_column_text] Las empresas farmac\u00e9uticas tienen muchos incentivos econ\u00f3micos para sacar sus productos al mercado lo antes posible. Desgraciadamente, sus prisas a menudo hacen que se receten medicamentos peligrosos a los consumidores. Si usted fue herido por un producto farmac\u00e9utico retirado del mercado o peligroso en Fort &hellip; <\/p>\n<p class=\"link-more\"><a href=\"https:\/\/www.ceceresantana.com\/es\/areas-de-practica\/medicamentos-peligrosos\/\" class=\"more-link\">Continue reading<span class=\"screen-reader-text\"> &#8220;Medicamentos Peligrosos&#8221;<\/span><\/a><\/p>\n<p><!-- AddThis Advanced Settings generic via filter on get_the_excerpt --><!-- AddThis Share Buttons generic via filter on get_the_excerpt --><\/p>\n","protected":false},"author":1,"featured_media":0,"parent":1645,"menu_order":0,"comment_status":"closed","ping_status":"closed","template":"","meta":{"_acf_changed":false,"footnotes":""},"class_list":["post-1671","page","type-page","status-publish"],"acf":[],"aioseo_notices":[],"_links":{"self":[{"href":"https:\/\/www.ceceresantana.com\/es\/wp-json\/wp\/v2\/pages\/1671","targetHints":{"allow":["GET"]}}],"collection":[{"href":"https:\/\/www.ceceresantana.com\/es\/wp-json\/wp\/v2\/pages"}],"about":[{"href":"https:\/\/www.ceceresantana.com\/es\/wp-json\/wp\/v2\/types\/page"}],"author":[{"embeddable":true,"href":"https:\/\/www.ceceresantana.com\/es\/wp-json\/wp\/v2\/users\/1"}],"replies":[{"embeddable":true,"href":"https:\/\/www.ceceresantana.com\/es\/wp-json\/wp\/v2\/comments?post=1671"}],"version-history":[{"count":0,"href":"https:\/\/www.ceceresantana.com\/es\/wp-json\/wp\/v2\/pages\/1671\/revisions"}],"up":[{"embeddable":true,"href":"https:\/\/www.ceceresantana.com\/es\/wp-json\/wp\/v2\/pages\/1645"}],"wp:attachment":[{"href":"https:\/\/www.ceceresantana.com\/es\/wp-json\/wp\/v2\/media?parent=1671"}],"curies":[{"name":"wp","href":"https:\/\/api.w.org\/{rel}","templated":true}]}}