{"id":1669,"date":"2019-04-19T15:37:54","date_gmt":"2019-04-19T19:37:54","guid":{"rendered":"https:\/\/www.ceceresantana.com\/?page_id=1669"},"modified":"2023-04-05T02:48:52","modified_gmt":"2023-04-05T06:48:52","slug":"mordidas-de-perro","status":"publish","type":"page","link":"https:\/\/www.ceceresantana.com\/es\/areas-de-practica\/mordidas-de-perro\/","title":{"rendered":"Mordidas de Perro"},"content":{"rendered":"<div class=\"wpb-content-wrapper\"><p>[vc_row el_class=&#8221;practice-area-master-row&#8221;][vc_column][vc_column_text]<\/p>\n<h1>Abogados de Mordedura de Perro en Fort Lauderdale<\/h1>\n<p>[\/vc_column_text][vc_column_text]<img loading=\"lazy\" decoding=\"async\" class=\"alignleft wp-image-2046 size-full\" src=\"https:\/\/www.ceceresantana.com\/es\/wp-content\/uploads\/2019\/04\/dog-bite.jpg\" alt=\" Abogado de Mordedura de Perro en Fort Lauderdale\" width=\"180\" height=\"180\" srcset=\"https:\/\/www.ceceresantana.com\/es\/wp-content\/uploads\/2019\/04\/dog-bite.jpg 180w, https:\/\/www.ceceresantana.com\/es\/wp-content\/uploads\/2019\/04\/dog-bite-150x150.jpg 150w, https:\/\/www.ceceresantana.com\/es\/wp-content\/uploads\/2019\/04\/dog-bite-75x75.jpg 75w, https:\/\/www.ceceresantana.com\/es\/wp-content\/uploads\/2019\/04\/dog-bite-100x100.jpg 100w\" sizes=\"auto, (max-width: 180px) 100vw, 180px\" \/>Si usted o alguien que usted conoce ha sido atacado por un perro, usted tiene derecho de recibir compensaci\u00f3n monetaria por sus lesiones y sufrimiento. En el estado de la Florida existe un estatuto legal que estipula que el due\u00f1o de un perro es responsable por los da\u00f1os que su perro cause a una persona o a otro animal. Tambi\u00e9n existen leyes a nivel local que requieren que los due\u00f1os o cuidadores de perros fieros tengan a todo momento su perro asegurado, ya sea guardado dentro de la casa, o de no ser as\u00ed, dentro de una jaula o lugar seguro. Si en alg\u00fan momento el animal no est\u00e1 en un lugar asegurado, \u00e9ste debe permanecer con un bozal y sostenido por una correa bajo el cuidado del due\u00f1o u otra persona encargada.<\/p>\n<div style=\"clear: both\"><\/div>\n<p><b>Si usted o alguien que usted conoce es atacada por un perro, a continuaci\u00f3n le ofrezco una lista de pasos importantes que deber\u00e1 seguir:<\/b><\/p>\n<ul>\n<li>Solicite ayuda m\u00e9dica.<\/li>\n<li>Llame a la polic\u00eda y a la ambulancia inmediatamente.<\/li>\n<li>Comun\u00edquese con el Departamento de Control de Animales para evitar que el perro cause otras lesiones.<\/li>\n<li>Luego de recibir el cuidado necesario, comun\u00edquese con nuestra firma para analizar su caso.<\/li>\n<\/ul>\n<h3>Qu\u00e9 Hacer Si Ha Sido Mordido Por Un Perro<\/h3>\n<p>Para <a href=\"https:\/\/www.ceceresantana.com\/es\/contactenos\/\">una consulta gratis<\/a> de su caso o para m\u00e1s informaci\u00f3n sobre la firma <a href=\"https:\/\/www.ceceresantana.com\/es\/\">Cecere Santana, PA<\/a>, ll\u00e1menos al <a href=\"tel:8007535529\"><strong>800 75 FL LAW<\/strong><\/a> o para enviarnos un mensaje electr\u00f3nico, favor de llenar nuestro formulario. Hemos ayudado a miles de clientes en el Sur de la Florida, incluyendo en las ciudades de Fort Lauderdale, Plantation, Hollywood, Sunrise, Coral Springs, Pembroke Pines, Miami, Palm Beach, Fort Myers, Naples y las \u00e1reas cercanas.<\/p>\n<h3>Nuestros Servicios:<\/h3>\n<ul>\n<li id=\"tw-target-text\" class=\"tw-data-text tw-text-large tw-ta\" dir=\"ltr\" data-placeholder=\"Translation\"><a href=\"https:\/\/www.ceceresantana.com\/es\/areas-de-practica\/accidentes-automovilisticos\/\"><span lang=\"es\">Abogado de Accidentes Automovil\u00edsticos<\/span><\/a><\/li>\n<li id=\"tw-target-text\" class=\"tw-data-text tw-text-large tw-ta\" dir=\"ltr\" data-placeholder=\"Translation\"><a href=\"https:\/\/www.ceceresantana.com\/es\/areas-de-practica\/accidentes-de-trabajo\/\">Abogados de Lesiones Laborales<\/a><\/li>\n<li id=\"tw-target-text\" class=\"tw-data-text tw-text-large tw-ta\" dir=\"ltr\" data-placeholder=\"Translation\"><a href=\"https:\/\/www.ceceresantana.com\/es\/areas-de-practica\/accidentes-maritimos\/\"><span lang=\"es\">Abogado de Accidentes de Barcos<\/span><\/a><\/li>\n<li><a href=\"https:\/\/www.ceceresantana.com\/es\/areas-de-practica\/medicamentos-peligrosos\/\">Abogado de Medicamentos Peligrosos<\/a><\/li>\n<li><a href=\"https:\/\/www.ceceresantana.com\/es\/areas-de-practica\/mordidas-de-perro\/\">Abogados de Mordedura de Perro<\/a><\/li>\n<li><a href=\"https:\/\/www.ceceresantana.com\/es\/areas-de-practica\/muerte-por-negligencia\/\">Abogado de Muerte por Negligencia<\/a><\/li>\n<li><a href=\"https:\/\/www.ceceresantana.com\/es\/areas-de-practica\/negligencia-en-residencias-de-ancianos\/\">Abogada de Negligencia en Residencias de Ancianos<\/a><\/li>\n<li><a href=\"https:\/\/www.ceceresantana.com\/es\/areas-de-practica\/productos-defectuosos\/\">Abogados de Productos Defectuosos<\/a><\/li>\n<li><a href=\"https:\/\/www.ceceresantana.com\/es\/areas-de-practica\/resbalones-y-caidas\/\">Abogado de Resbalones y Ca\u00eddas<\/a><\/li>\n<\/ul>\n<h3>\u00a1Visite su oficina de Cecere Santana m\u00e1s cercana hoy!<\/h3>\n<ul>\n<li><a href=\"https:\/\/www.ceceresantana.com\/office-locations\/plantation\/\">Plantation, FL<\/a><\/li>\n<li><a href=\"https:\/\/www.ceceresantana.com\/office-locations\/coral-gables-office\/\">Coral Gables, FL<\/a><\/li>\n<li><a href=\"https:\/\/www.ceceresantana.com\/office-locations\/west-palm-beach-office\/\">West Palm Beach, FL<\/a><\/li>\n<\/ul>\n<p>[\/vc_column_text][\/vc_column][\/vc_row]<\/p>\n<\/div><!-- AddThis Advanced Settings generic via filter on the_content --><!-- AddThis Share Buttons generic via filter on the_content -->","protected":false},"excerpt":{"rendered":"<p>[vc_row el_class=&#8221;practice-area-master-row&#8221;][vc_column][vc_column_text] Abogados de Mordedura de Perro en Fort Lauderdale [\/vc_column_text][vc_column_text]Si usted o alguien que usted conoce ha sido atacado por un perro, usted tiene derecho de recibir compensaci\u00f3n monetaria por sus lesiones y sufrimiento. En el estado de la Florida existe un estatuto legal que estipula que el due\u00f1o de un perro es responsable &hellip; <\/p>\n<p class=\"link-more\"><a href=\"https:\/\/www.ceceresantana.com\/es\/areas-de-practica\/mordidas-de-perro\/\" class=\"more-link\">Continue reading<span class=\"screen-reader-text\"> &#8220;Mordidas de Perro&#8221;<\/span><\/a><\/p>\n<p><!-- AddThis Advanced Settings generic via filter on get_the_excerpt --><!-- AddThis Share Buttons generic via filter on get_the_excerpt --><\/p>\n","protected":false},"author":1,"featured_media":0,"parent":1645,"menu_order":0,"comment_status":"closed","ping_status":"closed","template":"","meta":{"_acf_changed":false,"footnotes":""},"class_list":["post-1669","page","type-page","status-publish"],"acf":[],"aioseo_notices":[],"_links":{"self":[{"href":"https:\/\/www.ceceresantana.com\/es\/wp-json\/wp\/v2\/pages\/1669","targetHints":{"allow":["GET"]}}],"collection":[{"href":"https:\/\/www.ceceresantana.com\/es\/wp-json\/wp\/v2\/pages"}],"about":[{"href":"https:\/\/www.ceceresantana.com\/es\/wp-json\/wp\/v2\/types\/page"}],"author":[{"embeddable":true,"href":"https:\/\/www.ceceresantana.com\/es\/wp-json\/wp\/v2\/users\/1"}],"replies":[{"embeddable":true,"href":"https:\/\/www.ceceresantana.com\/es\/wp-json\/wp\/v2\/comments?post=1669"}],"version-history":[{"count":0,"href":"https:\/\/www.ceceresantana.com\/es\/wp-json\/wp\/v2\/pages\/1669\/revisions"}],"up":[{"embeddable":true,"href":"https:\/\/www.ceceresantana.com\/es\/wp-json\/wp\/v2\/pages\/1645"}],"wp:attachment":[{"href":"https:\/\/www.ceceresantana.com\/es\/wp-json\/wp\/v2\/media?parent=1669"}],"curies":[{"name":"wp","href":"https:\/\/api.w.org\/{rel}","templated":true}]}}