{"id":1667,"date":"2019-04-19T15:37:35","date_gmt":"2019-04-19T19:37:35","guid":{"rendered":"https:\/\/www.ceceresantana.com\/?page_id=1667"},"modified":"2024-10-25T17:09:51","modified_gmt":"2024-10-25T21:09:51","slug":"accidentes-maritimos","status":"publish","type":"page","link":"https:\/\/www.ceceresantana.com\/es\/areas-de-practica\/accidentes-maritimos\/","title":{"rendered":"Accidentes Mar\u00edtimos"},"content":{"rendered":"<div class=\"wpb-content-wrapper\"><p>[vc_row el_class=&#8221;practice-area-master-row&#8221;][vc_column][vc_column_text]<\/p>\n<h1 id=\"tw-target-text\" class=\"tw-data-text tw-text-large tw-ta\" dir=\"ltr\" data-placeholder=\"Translation\"><span lang=\"es\">Abogado de Accidentes de Barcos en Fort Lauderdale<\/span><\/h1>\n<p>[\/vc_column_text][vc_column_text css=&#8221;&#8221;]<\/p>\n<h4><img loading=\"lazy\" decoding=\"async\" class=\"alignleft wp-image-2043 size-full\" src=\"\/wp-content\/uploads\/2019\/04\/boat-accident.jpg\" alt=\"Abogado de Accidentes de Barcos en Fort Lauderdale\" width=\"180\" height=\"180\" srcset=\"https:\/\/www.ceceresantana.com\/es\/wp-content\/uploads\/2019\/04\/boat-accident.jpg 180w, https:\/\/www.ceceresantana.com\/es\/wp-content\/uploads\/2019\/04\/boat-accident-150x150.jpg 150w, https:\/\/www.ceceresantana.com\/es\/wp-content\/uploads\/2019\/04\/boat-accident-75x75.jpg 75w, https:\/\/www.ceceresantana.com\/es\/wp-content\/uploads\/2019\/04\/boat-accident-100x100.jpg 100w\" sizes=\"auto, (max-width: 180px) 100vw, 180px\" \/><\/h4>\n<p>A muchos residentes de Florida les gusta pasar tiempo en el agua. Desafortunadamente, algunas personas no se toman en serio la responsabilidad de una navegaci\u00f3n segura. Si usted ha sido lesionado en un accidente de bote causado por un individuo o compa\u00f1\u00eda negligente en el \u00e1rea de Fort Lauderdale, usted puede posiblemente hacerlos responsables. Un abogado dedicado a accidentes de botes en Fort Lauderdale y un abogado de lesiones en <a href=\"https:\/\/www.ceceresantana.com\/\">Cecere Santana<\/a> puede manejar todos los aspectos de su caso, desde discutir sus opciones y reunir evidencia importante hasta buscar un acuerdo justo y llevar su caso a juicio si es necesario.<\/p>\n<h2>Busque compensaci\u00f3n despu\u00e9s de un Accidente de Barco en Fort Lauderdale<\/h2>\n<p>Una persona herida en un accidente de barco en Fort Lauderdale causado por el descuido o la mala acci\u00f3n de otra parte puede presentar una demanda en el tribunal estatal. En muchos casos, la causa de acci\u00f3n adecuada es una demanda por negligencia. Probar un caso de negligencia requiere demostrar varios elementos por una preponderancia de la evidencia, lo que significa que es m\u00e1s probable que sea cierto que no.<\/p>\n<h2>C\u00f3mo Probar la Negligencia en un Caso de Accidente de Barco<\/h2>\n<p>El primer paso es demostrar que el acusado ten\u00eda un deber de cuidado hacia la v\u00edctima. En un accidente de barco que involucra a partes privadas, el acusado probablemente debe un deber de cuidado razonable. Esto significa que el acusado debe evitar un comportamiento irrazonable que pueda da\u00f1ar previsiblemente a otros. En el caso de un accidente de ferry o alg\u00fan otro percance en el que est\u00e9 implicada una empresa a la que se le paga por transportar personas, el demandado puede deber a la v\u00edctima un nivel de cuidado mayor.<\/p>\n<p>Tambi\u00e9n es necesario demostrar que el demandado incumpli\u00f3 este deber al no respetar la norma de cuidado. Entre los ejemplos m\u00e1s comunes de incumplimiento del deber de diligencia razonable se encuentran el manejo de una embarcaci\u00f3n a una velocidad insegura o en estado de embriaguez. Estos son comportamientos poco razonables que ponen en peligro a otros navegantes y pasajeros, y hay muchas otras formas en las que se puede incumplir el deber.<\/p>\n<p>Otro elemento es la causalidad, que es un concepto complejo compuesto por dos subelementos. La causalidad de hecho tambi\u00e9n se denomina a veces causalidad &#8220;de no ser por&#8221; debido a una forma com\u00fan de determinar si existe. Si la v\u00edctima no hubiera resultado herida de no ser por el comportamiento del acusado, el subelemento de la causalidad f\u00e1ctica suele cumplirse. La otra mitad de la causalidad es la causalidad jur\u00eddica, que se basa en la previsibilidad. Si las lesiones eran una consecuencia previsible del incumplimiento del demandado, \u00e9ste puede ser considerado causa legal de las lesiones.<\/p>\n<p>Dependiendo de las circunstancias del caso, hay otras causas de acci\u00f3n que pueden ser apropiadas. Por ejemplo, un accidente causado por un producto defectuoso -como el motor de una embarcaci\u00f3n- puede hacer responsable a su fabricante o dise\u00f1ador. Un abogado con experiencia puede ayudar a determinar qui\u00e9n puede ser el culpable de sus lesiones.<\/p>\n<p>Si un demandante demuestra con \u00e9xito su caso, puede tener derecho a cobrar una indemnizaci\u00f3n por cualquier da\u00f1o f\u00edsico, emocional y financiero. Estos suelen incluir el dolor y el sufrimiento, las facturas m\u00e9dicas y la p\u00e9rdida de ingresos. En ciertos casos, cuando el acusado ignora conscientemente la seguridad de los dem\u00e1s, el demandante puede considerar la posibilidad de solicitar da\u00f1os punitivos.<\/p>\n<h2>Discuta su Reclamaci\u00f3n por Negligencia con un Abogado de Fort Lauderdale<\/h2>\n<p>Las personas y entidades del sur de Florida deben tener en cuenta la seguridad en el agua. Si usted se lesion\u00f3 porque alguien actu\u00f3 con negligencia, es posible que pueda solicitar una indemnizaci\u00f3n a la parte responsable. Los abogados de accidentes de navegaci\u00f3n de Fort Lauderdale en Cecere Santana pueden ayudarle a hacer valer sus derechos en las comunidades de toda la Florida, incluyendo Miami, Sunrise y West Palm Beach. Para <a href=\"https:\/\/www.ceceresantana.com\/contact-us\/\">programar una consulta gratuita<\/a>, llame al <a href=\"tel:800-753-5529\">800-753-5529<\/a> o cont\u00e1ctenos en l\u00ednea.<\/p>\n<h3>Nuestros Servicios:<\/h3>\n<ul>\n<li id=\"tw-target-text\" class=\"tw-data-text tw-text-large tw-ta\" dir=\"ltr\" data-placeholder=\"Translation\"><a href=\"https:\/\/www.ceceresantana.com\/es\/areas-de-practica\/accidentes-automovilisticos\/\"><span lang=\"es\">Abogado de Accidentes Automovil\u00edsticos<\/span><\/a><\/li>\n<li id=\"tw-target-text\" class=\"tw-data-text tw-text-large tw-ta\" dir=\"ltr\" data-placeholder=\"Translation\"><a href=\"https:\/\/www.ceceresantana.com\/es\/areas-de-practica\/accidentes-de-trabajo\/\">Abogados de Lesiones Laborales<\/a><\/li>\n<li id=\"tw-target-text\" class=\"tw-data-text tw-text-large tw-ta\" dir=\"ltr\" data-placeholder=\"Translation\"><a href=\"https:\/\/www.ceceresantana.com\/es\/areas-de-practica\/accidentes-maritimos\/\"><span lang=\"es\">Abogado de Accidentes de Barcos<\/span><\/a><\/li>\n<li><a href=\"https:\/\/www.ceceresantana.com\/es\/areas-de-practica\/medicamentos-peligrosos\/\">Abogado de Medicamentos Peligrosos<\/a><\/li>\n<li><a href=\"https:\/\/www.ceceresantana.com\/es\/areas-de-practica\/mordidas-de-perro\/\">Abogados de Mordedura de Perro<\/a><\/li>\n<li><a href=\"https:\/\/www.ceceresantana.com\/es\/areas-de-practica\/muerte-por-negligencia\/\">Abogado de Muerte por Negligencia<\/a><\/li>\n<li><a href=\"https:\/\/www.ceceresantana.com\/es\/areas-de-practica\/negligencia-en-residencias-de-ancianos\/\">Abogada de Negligencia en Residencias de Ancianos<\/a><\/li>\n<li><a href=\"https:\/\/www.ceceresantana.com\/es\/areas-de-practica\/productos-defectuosos\/\">Abogados de Productos Defectuosos<\/a><\/li>\n<li><a href=\"https:\/\/www.ceceresantana.com\/es\/areas-de-practica\/resbalones-y-caidas\/\">Abogado de Resbalones y Ca\u00eddas<\/a><\/li>\n<\/ul>\n<p>\u00a1Visite su oficina de Cecere Santana m\u00e1s cercana hoy!<\/p>\n<ul>\n<li><a href=\"https:\/\/www.ceceresantana.com\/office-locations\/plantation\/\">Plantation, FL<\/a><\/li>\n<li><a href=\"https:\/\/www.ceceresantana.com\/office-locations\/coral-gables-office\/\">Coral Gables, FL<\/a><\/li>\n<li><a href=\"https:\/\/www.ceceresantana.com\/office-locations\/west-palm-beach-office\/\">West Palm Beach, FL<\/a><\/li>\n<\/ul>\n<p>[\/vc_column_text][\/vc_column][\/vc_row]<\/p>\n<\/div><!-- AddThis Advanced Settings generic via filter on the_content --><!-- AddThis Share Buttons generic via filter on the_content -->","protected":false},"excerpt":{"rendered":"<p>[vc_row el_class=&#8221;practice-area-master-row&#8221;][vc_column][vc_column_text] Abogado de Accidentes de Barcos en Fort Lauderdale [\/vc_column_text][vc_column_text css=&#8221;&#8221;] A muchos residentes de Florida les gusta pasar tiempo en el agua. Desafortunadamente, algunas personas no se toman en serio la responsabilidad de una navegaci\u00f3n segura. Si usted ha sido lesionado en un accidente de bote causado por un individuo o compa\u00f1\u00eda negligente &hellip; <\/p>\n<p class=\"link-more\"><a href=\"https:\/\/www.ceceresantana.com\/es\/areas-de-practica\/accidentes-maritimos\/\" class=\"more-link\">Continue reading<span class=\"screen-reader-text\"> &#8220;Accidentes Mar\u00edtimos&#8221;<\/span><\/a><\/p>\n<p><!-- AddThis Advanced Settings generic via filter on get_the_excerpt --><!-- AddThis Share Buttons generic via filter on get_the_excerpt --><\/p>\n","protected":false},"author":1,"featured_media":0,"parent":1645,"menu_order":0,"comment_status":"closed","ping_status":"closed","template":"","meta":{"_acf_changed":false,"footnotes":""},"class_list":["post-1667","page","type-page","status-publish"],"acf":[],"aioseo_notices":[],"_links":{"self":[{"href":"https:\/\/www.ceceresantana.com\/es\/wp-json\/wp\/v2\/pages\/1667","targetHints":{"allow":["GET"]}}],"collection":[{"href":"https:\/\/www.ceceresantana.com\/es\/wp-json\/wp\/v2\/pages"}],"about":[{"href":"https:\/\/www.ceceresantana.com\/es\/wp-json\/wp\/v2\/types\/page"}],"author":[{"embeddable":true,"href":"https:\/\/www.ceceresantana.com\/es\/wp-json\/wp\/v2\/users\/1"}],"replies":[{"embeddable":true,"href":"https:\/\/www.ceceresantana.com\/es\/wp-json\/wp\/v2\/comments?post=1667"}],"version-history":[{"count":0,"href":"https:\/\/www.ceceresantana.com\/es\/wp-json\/wp\/v2\/pages\/1667\/revisions"}],"up":[{"embeddable":true,"href":"https:\/\/www.ceceresantana.com\/es\/wp-json\/wp\/v2\/pages\/1645"}],"wp:attachment":[{"href":"https:\/\/www.ceceresantana.com\/es\/wp-json\/wp\/v2\/media?parent=1667"}],"curies":[{"name":"wp","href":"https:\/\/api.w.org\/{rel}","templated":true}]}}