{"id":1665,"date":"2019-04-19T15:37:09","date_gmt":"2019-04-19T19:37:09","guid":{"rendered":"https:\/\/www.ceceresantana.com\/es\/es\/es\/es\/es\/es\/es\/es\/es\/es\/es\/es\/es\/es\/es\/es\/es\/es\/es\/es\/es\/es\/es\/es\/es\/es\/es\/es\/es\/es\/es\/es\/es\/es\/es\/es\/es\/es\/es\/es\/es\/es\/es\/es\/es\/es\/es\/es\/es\/es\/es\/es\/es\/es\/es\/es\/es\/es\/es\/es\/es\/es\/es\/es\/es\/es\/es\/es\/es\/es\/es\/es"},"modified":"2024-10-25T17:06:56","modified_gmt":"2024-10-25T21:06:56","slug":"accidentes-automovilisticos","status":"publish","type":"page","link":"https:\/\/www.ceceresantana.com\/es\/areas-de-practica\/accidentes-automovilisticos\/","title":{"rendered":"Accidentes Automovil\u00edsticos"},"content":{"rendered":"<div class=\"wpb-content-wrapper\"><p>[vc_row el_class=&#8221;practice-area-master-row&#8221;][vc_column][vc_column_text]<\/p>\n<h1 id=\"tw-target-text\" class=\"tw-data-text tw-text-large tw-ta\" dir=\"ltr\" data-placeholder=\"Translation\"><span lang=\"es\">Abogado de Accidentes Automovil\u00edsticos en Fort Lauderdale<\/span><\/h1>\n<p>[\/vc_column_text][vc_column_text]<img loading=\"lazy\" decoding=\"async\" class=\"alignleft wp-image-2040 size-full\" src=\"https:\/\/www.ceceresantana.com\/es\/wp-content\/uploads\/2019\/04\/car-accident.jpg\" alt=\"Abogado de accidentes automovil\u00edsticos en fort lauderdale\" width=\"180\" height=\"180\" srcset=\"https:\/\/www.ceceresantana.com\/es\/wp-content\/uploads\/2019\/04\/car-accident.jpg 180w, https:\/\/www.ceceresantana.com\/es\/wp-content\/uploads\/2019\/04\/car-accident-150x150.jpg 150w, https:\/\/www.ceceresantana.com\/es\/wp-content\/uploads\/2019\/04\/car-accident-75x75.jpg 75w, https:\/\/www.ceceresantana.com\/es\/wp-content\/uploads\/2019\/04\/car-accident-100x100.jpg 100w\" sizes=\"auto, (max-width: 180px) 100vw, 180px\" \/><\/p>\n<p>Hay m\u00e1s de 800 accidentes automovil\u00edsticos en un d\u00eda promedio en Florida, seg\u00fan el Departamento de Seguridad de Carreteras y Veh\u00edculos Motorizados de Florida. Muchos de ellos son causados por personas que est\u00e1n enviando mensajes de texto, exceso de velocidad, o participar en otro comportamiento irrazonable. Si usted ha sido herido por un conductor negligente, puede tener derecho a buscar una compensaci\u00f3n por su da\u00f1o emocional, financiero y f\u00edsico. Los abogados de accidentes de coche de Fort Lauderdale y los abogados de lesiones en Cecere Santana, PA tienen experiencia significativa litigando casos de accidentes de coche en el \u00e1rea del Condado de Broward y pueden ayudarle a proteger sus derechos.<\/p>\n<h2>Responsabilizar a un Conductor Negligente por sus Lesiones<\/h2>\n<p>Una persona que es herida en un accidente de coche causado por un conductor peligroso puede presentar una demanda por negligencia en la corte del estado de Florida. La demanda alega cuatro elementos espec\u00edficos:<\/p>\n<ul>\n<li>El acusado deb\u00eda a la v\u00edctima un deber de cuidado<\/li>\n<li>El demandado incumpli\u00f3 el deber prescrito<\/li>\n<li>El comportamiento del demandado caus\u00f3 directamente el accidente en el que la v\u00edctima result\u00f3 herida<\/li>\n<li>La v\u00edctima se vio obligada a incurrir en da\u00f1os cuantificables como resultado<\/li>\n<\/ul>\n<p>El deber del demandado se determina generalmente por su relaci\u00f3n con la v\u00edctima. Cada residente de Florida tiene el deber de cuidado razonable en la mayor\u00eda de las circunstancias ordinarias, ya sea conduciendo o simplemente caminando por la calle. Esta obligaci\u00f3n requiere que cada uno de nosotros evite un comportamiento irrazonable que pueda poner en peligro a las personas en la vecindad. En algunos casos, como los que involucran a compa\u00f1\u00edas de autobuses u otros transportistas comunes, el demandado puede tener un deber de cuidado mayor.<\/p>\n<p>Un incumplimiento es simplemente no comportarse de acuerdo con la norma de cuidado aplicable. Por ejemplo, una persona que lee mensajes de texto mientras conduce o se pone al volante cuando est\u00e1 demasiado agotada para conducir, probablemente ha incumplido el deber de diligencia razonable.<\/p>\n<p>La causalidad consta de componentes f\u00e1cticos y jur\u00eddicos. Puede resumirse en establecer que la v\u00edctima no habr\u00eda resultado herida si el demandado hubiera actuado con el nivel de cuidado adecuado y que el accidente fue un resultado razonablemente previsible.<\/p>\n<p>Un demandante que presenta un caso de negligencia con \u00e9xito probablemente tendr\u00e1 derecho a una indemnizaci\u00f3n por da\u00f1os y perjuicios. \u00c9stos pueden representar cualquier coste o p\u00e9rdida resultante de la negligencia del acusado. Por lo tanto, una v\u00edctima de accidente de coche a menudo buscar\u00e1 da\u00f1os y perjuicios por el dolor f\u00edsico y el sufrimiento, las facturas m\u00e9dicas, los costos de tratamiento futuro, los salarios perdidos, los da\u00f1os a un veh\u00edculo, y otros gastos relacionados.<\/p>\n<p>Al igual que otros estados, Florida tiene un plazo estricto dentro del cual una v\u00edctima de accidente puede presentar una demanda contra la parte responsable de sus lesiones. Esto se conoce como el estatuto de limitaciones, y el incumplimiento del mismo generalmente impedir\u00e1 el derecho a solicitar una indemnizaci\u00f3n. Adem\u00e1s, las pruebas en los casos de colisi\u00f3n de veh\u00edculos de motor pueden decaer o desaparecer r\u00e1pidamente, por lo que no debe dudar en buscar asesoramiento legal con prontitud para preservar sus derechos.<\/p>\n<h2>P\u00f3ngase en Contacto con un Abogado con Experiencia en Accidentes de Tr\u00e1fico en Fort Lauderdale<\/h2>\n<p>Las secuelas de un caso de accidente de coche pueden ser estresantes desde el punto de vista financiero, as\u00ed como dolorosas desde el punto de vista f\u00edsico. Usted puede estar tratando con las compa\u00f1\u00edas de seguros mientras se preocupa por el pago de las facturas m\u00e9dicas o volver al trabajo. <a href=\"https:\/\/www.ceceresantana.com\/\">Cecere Santana, PA<\/a> est\u00e1 compuesto por abogados de accidentes que tienen experiencia significativa ayudando a los residentes lesionados de Fort Lauderdale y las comunidades circundantes de la Florida, incluyendo Coral Springs, Davie, y Hollywood, a tomar medidas legales. Podemos manejar su reclamo de principio a fin, lo que le permite centrarse en su recuperaci\u00f3n. Para ver si podemos ayudarle, rellene nuestro formulario de contacto en l\u00ednea o llame al 800-753-5529.<\/p>\n<p><strong>Para una evaluaci\u00f3n gratis de su caso, favor de llamar a nuestra firma al <a href=\"tel:8007535529\">800 75 FL LAW<\/a>.<\/strong><\/p>\n<p>Nuestros Servicios:<br \/>\nAbogados de Lesiones Laborales<br \/>\n<a href=\"https:\/\/www.ceceresantana.com\/es\/areas-de-practica\/accidentes-maritimos\/\">Abogado de Accidentes de Barcos<\/a><br \/>\n<a href=\"https:\/\/www.ceceresantana.com\/es\/areas-de-practica\/medicamentos-peligrosos\/\">Abogado de Medicamentos Peligrosos<\/a><br \/>\n<a href=\"https:\/\/www.ceceresantana.com\/es\/areas-de-practica\/mordidas-de-perro\/\">Abogados de Mordedura de Perro<\/a><br \/>\n<a href=\"https:\/\/www.ceceresantana.com\/es\/areas-de-practica\/muerte-por-negligencia\/\">Abogado de Muerte por Negligencia<\/a><br \/>\n<a href=\"https:\/\/www.ceceresantana.com\/es\/areas-de-practica\/negligencia-en-residencias-de-ancianos\/\">Abogada de Negligencia en Residencias de Ancianos<\/a><br \/>\n<a href=\"https:\/\/www.ceceresantana.com\/es\/areas-de-practica\/productos-defectuosos\/\">Abogados de Productos Defectuosos<\/a><br \/>\n<a href=\"https:\/\/www.ceceresantana.com\/es\/areas-de-practica\/resbalones-y-caidas\/\">Abogado de Resbalones y Ca\u00eddas<\/a><\/p>\n<p><strong>\u00a1Visite su oficina de Cecere Santana m\u00e1s cercana hoy!<\/strong><\/p>\n<ul>\n<li><a href=\"https:\/\/www.ceceresantana.com\/office-locations\/plantation\/\">Plantation, FL<\/a><\/li>\n<li><a href=\"https:\/\/www.ceceresantana.com\/office-locations\/coral-gables-office\/\">Coral Gables, FL<\/a><\/li>\n<li><a href=\"https:\/\/www.ceceresantana.com\/office-locations\/west-palm-beach-office\/\">West Palm Beach, FL<\/a><\/li>\n<\/ul>\n<p>[\/vc_column_text][vc_column_text]<\/p>\n<h2><\/h2>\n<p>[\/vc_column_text][\/vc_column][\/vc_row][vc_row css=&#8221;.vc_custom_1729890318504{padding: 0px !important;}&#8221;][vc_column][vc_raw_html css=&#8221;&#8221; el_class=&#8221;mb0&#8243;]JTNDbGluayUyMHJlbCUzRCUyMmFsdGVybmF0ZSUyMiUyMGhyZWYlM0QlMjJodHRwcyUzQSUyRiUyRnd3dy5jZWNlcmVzYW50YW5hLmNvbSUyRmF1dG9tb2JpbGUtYWNjaWRlbnQtYXR0b3JuZXktZnQtbGF1ZGVyZGFsZSUyRiUyMiUyMGhyZWZsYW5nJTNEJTIyZW4tdXMlMjIlMjAlMkYlM0UlMEElM0NsaW5rJTIwcmVsJTNEJTIyYWx0ZXJuYXRlJTIyJTIwaHJlZiUzRCUyMmh0dHBzJTNBJTJGJTJGd3d3LmNlY2VyZXNhbnRhbmEuY29tJTJGZXMlMkZhcmVhcy1kZS1wcmFjdGljYSUyRmFjY2lkZW50ZXMtYXV0b21vdmlsaXN0aWNvcyUyRiUyMiUyMGhyZWZsYW5nJTNEJTIyZXMtbXglMjIlMjAlMkYlM0UlMEElM0NsaW5rJTIwcmVsJTNEJTIyYWx0ZXJuYXRlJTIyJTIwaHJlZiUzRCUyMmh0dHBzJTNBJTJGJTJGd3d3LmNlY2VyZXNhbnRhbmEuY29tJTJGZXMlMkZhcmVhcy1kZS1wcmFjdGljYSUyRmFjY2lkZW50ZXMtYXV0b21vdmlsaXN0aWNvcyUyRiUyMiUyMGhyZWZsYW5nJTNEJTIyZXMtZXMlMjIlMjAlMkYlM0U=[\/vc_raw_html][\/vc_column][\/vc_row][vc_row css=&#8221;.vc_custom_1729890413560{padding-top: 0px !important;padding-right: 0px !important;padding-bottom: 0px !important;padding-left: 0px !important;}&#8221;][vc_column][vc_raw_html css=&#8221;&#8221; el_class=&#8221;mb0&#8243;]JTNDc2NyaXB0JTIwdHlwZSUzRCUyMmFwcGxpY2F0aW9uJTJGbGQlMkJqc29uJTIyJTNFJTBBJTdCJTBBJTIwJTIwJTIyJTQwY29udGV4dCUyMiUzQSUyMCUyMmh0dHBzJTNBJTJGJTJGc2NoZW1hLm9yZyUyMiUyQyUwQSUyMCUyMCUyMiU0MHR5cGUlMjIlM0ElMjAlMjJBdHRvcm5leSUyMiUyQyUwQSUyMCUyMCUyMm5hbWUlMjIlM0ElMjAlMjJDZWNlcmUlMjBTYW50YW5hJTJDJTIwUEElMjIlMkMlMEElMjAlMjAlMjJpbWFnZSUyMiUzQSUyMCUyMmh0dHBzJTNBJTJGJTJGd3d3LmNlY2VyZXNhbnRhbmEuY29tJTJGd3AtY29udGVudCUyRnVwbG9hZHMlMkYyMDE5JTJGMDQlMkZDZWNlcmUtU2FudGFuYS1Mb2dvLnBuZyUyMiUyQyUwQSUyMCUyMCUyMiU0MGlkJTIyJTNBJTIwJTIyaHR0cHMlM0ElMkYlMkZ3d3cuY2VjZXJlc2FudGFuYS5jb20lMkYlMjIlMkMlMEElMjAlMjAlMjJ1cmwlMjIlM0ElMjAlMjJodHRwcyUzQSUyRiUyRnd3dy5jZWNlcmVzYW50YW5hLmNvbSUyRiUyMiUyQyUwQSUyMCUyMCUyMnRlbGVwaG9uZSUyMiUzQSUyMCUyMjgwMC03NTMtNTUyOSUyMiUyQyUwQSUyMCUyMCUyMnByaWNlUmFuZ2UlMjIlM0ElMjAlMjIlMjQlMjQlMjQlMjIlMkMlMEElMjAlMjAlMjJhZGRyZXNzJTIyJTNBJTIwJTdCJTBBJTIwJTIwJTIwJTIwJTIyJTQwdHlwZSUyMiUzQSUyMCUyMlBvc3RhbEFkZHJlc3MlMjIlMkMlMEElMjAlMjAlMjAlMjAlMjJzdHJlZXRBZGRyZXNzJTIyJTNBJTIwJTIyODIxMSUyMFclMjBCcm93YXJkJTIwQmx2ZCUyMCUyMzQ2MCUyMiUyQyUwQSUyMCUyMCUyMCUyMCUyMmFkZHJlc3NMb2NhbGl0eSUyMiUzQSUyMCUyMlBsYW50YXRpb24lMjIlMkMlMEElMjAlMjAlMjAlMjAlMjJhZGRyZXNzUmVnaW9uJTIyJTNBJTIwJTIyRkwlMjIlMkMlMEElMjAlMjAlMjAlMjAlMjJwb3N0YWxDb2RlJTIyJTNBJTIwJTIyMzMzMjQlMjIlMkMlMEElMjAlMjAlMjAlMjAlMjJhZGRyZXNzQ291bnRyeSUyMiUzQSUyMCUyMlVTJTIyJTBBJTIwJTIwJTdEJTJDJTBBJTIwJTIwJTIyZ2VvJTIyJTNBJTIwJTdCJTBBJTIwJTIwJTIwJTIwJTIyJTQwdHlwZSUyMiUzQSUyMCUyMkdlb0Nvb3JkaW5hdGVzJTIyJTJDJTBBJTIwJTIwJTIwJTIwJTIybGF0aXR1ZGUlMjIlM0ElMjAyNi4xMjE3NzQzJTJDJTBBJTIwJTIwJTIwJTIwJTIybG9uZ2l0dWRlJTIyJTNBJTIwLTgwLjI1ODY2NTglMEElMjAlMjAlN0QlMkMlMEElMjAlMjAlMjJvcGVuaW5nSG91cnNTcGVjaWZpY2F0aW9uJTIyJTNBJTIwJTdCJTBBJTIwJTIwJTIwJTIwJTIyJTQwdHlwZSUyMiUzQSUyMCUyMk9wZW5pbmdIb3Vyc1NwZWNpZmljYXRpb24lMjIlMkMlMEElMjAlMjAlMjAlMjAlMjJkYXlPZldlZWslMjIlM0ElMjAlNUIlMEElMjAlMjAlMjAlMjAlMjAlMjAlMjJNb25kYXklMjIlMkMlMEElMjAlMjAlMjAlMjAlMjAlMjAlMjJUdWVzZGF5JTIyJTJDJTBBJTIwJTIwJTIwJTIwJTIwJTIwJTIyV2VkbmVzZGF5JTIyJTJDJTBBJTIwJTIwJTIwJTIwJTIwJTIwJTIyVGh1cnNkYXklMjIlMkMlMEElMjAlMjAlMjAlMjAlMjAlMjAlMjJGcmlkYXklMjIlMkMlMEElMjAlMjAlMjAlMjAlMjAlMjAlMjJTYXR1cmRheSUyMiUyQyUwQSUyMCUyMCUyMCUyMCUyMCUyMCUyMlN1bmRheSUyMiUwQSUyMCUyMCUyMCUyMCU1RCUyQyUwQSUyMCUyMCUyMCUyMCUyMm9wZW5zJTIyJTNBJTIwJTIyMDAlM0EwMCUyMiUyQyUwQSUyMCUyMCUyMCUyMCUyMmNsb3NlcyUyMiUzQSUyMCUyMjIzJTNBNTklMjIlMEElMjAlMjAlN0QlMkMlMEElMjAlMjAlMjJzYW1lQXMlMjIlM0ElMjAlNUIlMEElMjAlMjAlMjAlMjAlMjJodHRwcyUzQSUyRiUyRnd3dy5mYWNlYm9vay5jb20lMkZjZWNlcmVzYW50YW5hJTIyJTJDJTBBJTIwJTIwJTIwJTIwJTIyaHR0cHMlM0ElMkYlMkZ0d2l0dGVyLmNvbSUyRkNlY2VyZVNhbnRhbmElMjIlMkMlMEElMjAlMjAlMjAlMjAlMjJodHRwcyUzQSUyRiUyRnd3dy5jZWNlcmVzYW50YW5hLmNvbSUyRndwLWNvbnRlbnQlMkZ1cGxvYWRzJTJGMjAxOSUyRjA0JTJGbGlua2VkaW4tZmxhdC02NC5wbmclMjIlMEElMjAlMjAlNUQlMkMlMEElMjJhZ2dyZWdhdGVSYXRpbmclMjIlM0ElMjAlN0IlMEElMjIlNDB0eXBlJTIyJTNBJTIwJTIyQWdncmVnYXRlUmF0aW5nJTIyJTJDJTBBJTIycmF0aW5nVmFsdWUlMjIlM0ElMjAlMjI1JTIyJTJDJTBBJTIycmF0aW5nQ291bnQlMjIlM0ElMjAlMjIxJTIyJTJDJTBBJTIyd29yc3RSYXRpbmclMjIlM0ElMjAlMjIxJTIyJTBBJTdEJTdEJTJDJTBBJTdCJTBBJTIyJTQwdHlwZSUyMiUzQSUyMCUyMlJldmlldyUyMiUyQyUwQSUyMmF1dGhvciUyMiUzQSUyMCVFMiU4MCU5Q0t5bGUlMjBBLiVFMiU4MCU5RCUyQyUwQSUyMmRhdGVQdWJsaXNoZWQlMjIlM0ElMjAlMjIyJTJGMjUlMkYyMSUyMiUyQyUwQSUyMnJldmlld0JvZHklMjIlM0ElMjAlMjJUaGUlMjBzZXJ2aWNlcyUyMGdpdmVuJTIwbWFkZSUyMG1lJTIwZmVlbCUyMGxpa2UlMjBJJTIwZ290JTIwanVzdGljZSUyMGZvciUyMHdoYXQlMjBoYXBwZW5lZC4lRTIlODAlOUQlMkMlMEElN0QlMEElN0QlMEElM0MlMkZzY3JpcHQlM0U=[\/vc_raw_html][\/vc_column][\/vc_row][vc_row css=&#8221;.vc_custom_1729890347944{padding: 0px !important;}&#8221;][vc_column][vc_raw_html css=&#8221;&#8221; el_class=&#8221;mb0&#8243;]JTNDc2NyaXB0JTIwdHlwZSUzRCUyMmFwcGxpY2F0aW9uJTJGbGQlMkJqc29uJTIyJTNFJTBBJTdCJTBBJTIwJTIwJTIyJTQwY29udGV4dCUyMiUzQSUyMCUyMmh0dHBzJTNBJTJGJTJGc2NoZW1hLm9yZyUyMiUyQyUwQSUyMCUyMCUyMiU0MHR5cGUlMjIlM0ElMjAlMjJPcmdhbml6YXRpb24lMjIlMkMlMEElMjAlMjAlMjJuYW1lJTIyJTNBJTIwJTIyQ2VjZXJlJTIwU2FudGFuYSUyQyUyMFBBJTIyJTJDJTBBJTIwJTIwJTIyYWx0ZXJuYXRlTmFtZSUyMiUzQSUyMCUyMkNlY2VyZSUyMFNhbnRhbmElMjIlMkMlMEElMjAlMjAlMjJ1cmwlMjIlM0ElMjAlMjJodHRwcyUzQSUyRiUyRnd3dy5jZWNlcmVzYW50YW5hLmNvbSUyRiUyMiUyQyUwQSUyMCUyMCUyMmxvZ28lMjIlM0ElMjAlMjJodHRwcyUzQSUyRiUyRnd3dy5jZWNlcmVzYW50YW5hLmNvbSUyRndwLWNvbnRlbnQlMkZ1cGxvYWRzJTJGMjAxOSUyRjA0JTJGQ2VjZXJlLVNhbnRhbmEtTG9nby5wbmclMjIlMkMlMEElMjAlMjAlMjJzYW1lQXMlMjIlM0ElMjAlNUIlMEElMjAlMjAlMjAlMjAlMjJodHRwcyUzQSUyRiUyRnd3dy5mYWNlYm9vay5jb20lMkZjZWNlcmVzYW50YW5hJTIyJTJDJTBBJTIwJTIwJTIwJTIwJTIyaHR0cHMlM0ElMkYlMkZ0d2l0dGVyLmNvbSUyRkNlY2VyZVNhbnRhbmElMjIlMkMlMEElMjAlMjAlMjAlMjAlMjJodHRwcyUzQSUyRiUyRnd3dy5saW5rZWRpbi5jb20lMkZjb21wYW55JTJGY2VjZXJlLXNhbnRhbmEtcC1hLSUyMiUwQSUyMCUyMCU1RCUwQSU3RCUwQSUzQyUyRnNjcmlwdCUzRQ==[\/vc_raw_html][\/vc_column][\/vc_row]<\/p>\n<\/div><!-- AddThis Advanced Settings generic via filter on the_content --><!-- AddThis Share Buttons generic via filter on the_content -->","protected":false},"excerpt":{"rendered":"<p>[vc_row el_class=&#8221;practice-area-master-row&#8221;][vc_column][vc_column_text] Abogado de Accidentes Automovil\u00edsticos en Fort Lauderdale [\/vc_column_text][vc_column_text] Hay m\u00e1s de 800 accidentes automovil\u00edsticos en un d\u00eda promedio en Florida, seg\u00fan el Departamento de Seguridad de Carreteras y Veh\u00edculos Motorizados de Florida. Muchos de ellos son causados por personas que est\u00e1n enviando mensajes de texto, exceso de velocidad, o participar en otro comportamiento &hellip; <\/p>\n<p class=\"link-more\"><a href=\"https:\/\/www.ceceresantana.com\/es\/areas-de-practica\/accidentes-automovilisticos\/\" class=\"more-link\">Continue reading<span class=\"screen-reader-text\"> &#8220;Accidentes Automovil\u00edsticos&#8221;<\/span><\/a><\/p>\n<p><!-- AddThis Advanced Settings generic via filter on get_the_excerpt --><!-- AddThis Share Buttons generic via filter on get_the_excerpt --><\/p>\n","protected":false},"author":1,"featured_media":0,"parent":1645,"menu_order":0,"comment_status":"closed","ping_status":"closed","template":"","meta":{"_acf_changed":false,"footnotes":""},"class_list":["post-1665","page","type-page","status-publish"],"acf":[],"aioseo_notices":[],"_links":{"self":[{"href":"https:\/\/www.ceceresantana.com\/es\/wp-json\/wp\/v2\/pages\/1665","targetHints":{"allow":["GET"]}}],"collection":[{"href":"https:\/\/www.ceceresantana.com\/es\/wp-json\/wp\/v2\/pages"}],"about":[{"href":"https:\/\/www.ceceresantana.com\/es\/wp-json\/wp\/v2\/types\/page"}],"author":[{"embeddable":true,"href":"https:\/\/www.ceceresantana.com\/es\/wp-json\/wp\/v2\/users\/1"}],"replies":[{"embeddable":true,"href":"https:\/\/www.ceceresantana.com\/es\/wp-json\/wp\/v2\/comments?post=1665"}],"version-history":[{"count":0,"href":"https:\/\/www.ceceresantana.com\/es\/wp-json\/wp\/v2\/pages\/1665\/revisions"}],"up":[{"embeddable":true,"href":"https:\/\/www.ceceresantana.com\/es\/wp-json\/wp\/v2\/pages\/1645"}],"wp:attachment":[{"href":"https:\/\/www.ceceresantana.com\/es\/wp-json\/wp\/v2\/media?parent=1665"}],"curies":[{"name":"wp","href":"https:\/\/api.w.org\/{rel}","templated":true}]}}