{"id":1649,"date":"2019-04-19T15:33:41","date_gmt":"2019-04-19T19:33:41","guid":{"rendered":"https:\/\/www.ceceresantana.com\/?page_id=1649"},"modified":"2024-10-25T17:02:50","modified_gmt":"2024-10-25T21:02:50","slug":"danos-a-la-propiedad","status":"publish","type":"page","link":"https:\/\/www.ceceresantana.com\/es\/areas-de-practica\/danos-a-la-propiedad\/","title":{"rendered":"Da\u00f1os a la Propiedad"},"content":{"rendered":"<div class=\"wpb-content-wrapper\"><p>[vc_row el_class=&#8221;practice-area-master-row&#8221;][vc_column][vc_column_text]<\/p>\n<h1><span data-sheets-value=\"{&quot;1&quot;:2,&quot;2&quot;:&quot;Abogados de Da\u00f1os a la Propiedad en Fort Lauderdale | Cecere Santana&quot;}\" data-sheets-userformat=\"{&quot;2&quot;:33559459,&quot;3&quot;:{&quot;1&quot;:0},&quot;4&quot;:[null,2,15987699],&quot;8&quot;:{&quot;1&quot;:[{&quot;1&quot;:2,&quot;2&quot;:0,&quot;5&quot;:{&quot;1&quot;:0}},{&quot;1&quot;:0,&quot;2&quot;:0,&quot;3&quot;:3},{&quot;1&quot;:1,&quot;2&quot;:0,&quot;4&quot;:1}]},&quot;10&quot;:2,&quot;11&quot;:0,&quot;12&quot;:0,&quot;15&quot;:&quot;arial,sans,sans-serif&quot;,&quot;28&quot;:1}\">Abogados de Da\u00f1os a la Propiedad en Fort Lauderdale\u00a0<\/span><\/h1>\n<p>[\/vc_column_text][vc_column_text]<\/p>\n<h4><\/h4>\n<p>Cuando su casa o negocio sostiene da\u00f1os y la compa\u00f1\u00eda de seguros no cumple con sus obligaciones bajo su p\u00f3liza, nosotros estamos ah\u00ed para asegurarle que usted reciba la compensaci\u00f3n justa y meritoria de su caso. Despu\u00e9s de todo, una p\u00f3liza de seguro no es m\u00e1s que la promesa de una compa\u00f1\u00eda de seguro de que lo ayudar\u00e1 cuando sostiene una p\u00e9rdida.<\/p>\n<p>Nosotros podemos obtenerle el m\u00e1ximo de sus beneficios, incluyendo el pago de la reparaci\u00f3n del da\u00f1o a la propiedad, reembolsarle el costo de reemplazar su propiedad personal, y los costos adicionales de vivienda mientras su propiedad es reparada. Nosotros manejaremos la presentaci\u00f3n de la reclamaci\u00f3n, documentaci\u00f3n, mediaci\u00f3n, negociaci\u00f3n, evaluaci\u00f3n de los da\u00f1os e ir a juicio en caso de ser necesario.<\/p>\n<p>Los abogados de\u00a0 <a href=\"https:\/\/www.ceceresantana.com\/\">Cecere Santana<\/a> an trabajado previamente como tazador de seguros, y como abogado defensor tambi\u00e9n defendi\u00f3 casos de reclamaciones relacionados a da\u00f1os a la propiedad. Ponga a trabajar a su favor nuestra experiencia, destrezas y recursos para as\u00ed recuperar el valor total de su p\u00f3liza.<\/p>\n<h3><strong>Otros Servicios Disponibles:<\/strong><\/h3>\n<ul>\n<li id=\"tw-target-text\" class=\"tw-data-text tw-text-large tw-ta\" dir=\"ltr\" data-placeholder=\"Translation\"><a href=\"https:\/\/www.ceceresantana.com\/es\/areas-de-practica\/accidentes-automovilisticos\/\"><span lang=\"es\">Abogado de Accidentes Automovil\u00edsticos<\/span><\/a><\/li>\n<li id=\"tw-target-text\" class=\"tw-data-text tw-text-large tw-ta\" dir=\"ltr\" data-placeholder=\"Translation\"><a href=\"https:\/\/www.ceceresantana.com\/es\/areas-de-practica\/accidentes-de-trabajo\/\">Abogados de Lesiones Laborales<\/a><\/li>\n<li id=\"tw-target-text\" class=\"tw-data-text tw-text-large tw-ta\" dir=\"ltr\" data-placeholder=\"Translation\"><a href=\"https:\/\/www.ceceresantana.com\/es\/areas-de-practica\/accidentes-maritimos\/\"><span lang=\"es\">Abogados de Accidentes de Barcos<\/span><\/a><\/li>\n<li><a href=\"https:\/\/www.ceceresantana.com\/es\/areas-de-practica\/asaltos\/\">Abogados de Asaltos<\/a><\/li>\n<li><a href=\"https:\/\/www.ceceresantana.com\/es\/areas-de-practica\/medicamentos-peligrosos\/\">Abogado de Medicamentos Peligrosos<\/a><\/li>\n<li><a href=\"https:\/\/www.ceceresantana.com\/es\/areas-de-practica\/mordidas-de-perro\/\">Abogados de Mordedura de Perro<\/a><\/li>\n<li><a href=\"https:\/\/www.ceceresantana.com\/es\/areas-de-practica\/muerte-por-negligencia\/\">Abogado de Muerte por Negligencia<\/a><\/li>\n<li><a href=\"https:\/\/www.ceceresantana.com\/es\/areas-de-practica\/negligencia-en-residencias-de-ancianos\/\">Abogada de Negligencia en Residencias de Ancianos<\/a><\/li>\n<li><a href=\"https:\/\/www.ceceresantana.com\/es\/areas-de-practica\/productos-defectuosos\/\">Abogados de Productos Defectuosos<\/a><\/li>\n<li><a href=\"https:\/\/www.ceceresantana.com\/es\/areas-de-practica\/resbalones-y-caidas\/\">Abogado de Resbalones y Ca\u00eddas<\/a><\/li>\n<\/ul>\n<h3>\u00a1Visite su oficina de Cecere Santana m\u00e1s cercana hoy!<\/h3>\n<ul>\n<li><a href=\"https:\/\/www.ceceresantana.com\/es\/oficinas\/oficina-en-plantation\/\">Plantation, FL<\/a><\/li>\n<li><a href=\"https:\/\/www.ceceresantana.com\/es\/oficinas\/oficina-en-coral-gables\/\">Coral Gables, FL<\/a><\/li>\n<li><a href=\"https:\/\/www.ceceresantana.com\/es\/oficinas\/oficina-en-west-palm-beach\/\">West Palm Beach, FL<\/a><\/li>\n<\/ul>\n<p>[\/vc_column_text][\/vc_column][\/vc_row][vc_row css=&#8221;.vc_custom_1729890131426{padding: 0px !important;}&#8221;][vc_column][vc_raw_html css=&#8221;&#8221; el_class=&#8221;mb0&#8243;]JTNDbGluayUyMHJlbCUzRCUyMmFsdGVybmF0ZSUyMiUyMGhyZWYlM0QlMjJodHRwcyUzQSUyRiUyRnd3dy5jZWNlcmVzYW50YW5hLmNvbSUyRnByYWN0aWNlLWFyZWFzJTJGaG9tZW93bmVycy1jbGFpbXMlMkYlMjIlMjBocmVmbGFuZyUzRCUyMmVuLXVzJTIyJTIwJTJGJTNFJTBBJTNDbGluayUyMHJlbCUzRCUyMmFsdGVybmF0ZSUyMiUyMGhyZWYlM0QlMjJodHRwcyUzQSUyRiUyRnd3dy5jZWNlcmVzYW50YW5hLmNvbSUyRmVzJTJGYXJlYXMtZGUtcHJhY3RpY2ElMkZkYW5vcy1hLWxhLXByb3BpZWRhZCUyRiUyMiUyMGhyZWZsYW5nJTNEJTIyZXMtbXglMjIlMjAlMkYlM0UlMEElM0NsaW5rJTIwcmVsJTNEJTIyYWx0ZXJuYXRlJTIyJTIwaHJlZiUzRCUyMmh0dHBzJTNBJTJGJTJGd3d3LmNlY2VyZXNhbnRhbmEuY29tJTJGZXMlMkZhcmVhcy1kZS1wcmFjdGljYSUyRmRhbm9zLWEtbGEtcHJvcGllZGFkJTJGJTIyJTIwaHJlZmxhbmclM0QlMjJlcy1lcyUyMiUyMCUyRiUzRQ==[\/vc_raw_html][\/vc_column][\/vc_row][vc_row css=&#8221;.vc_custom_1729890147550{padding: 0px !important;}&#8221;][vc_column][vc_raw_html css=&#8221;&#8221; el_class=&#8221;mb0&#8243;]JTNDc2NyaXB0JTIwdHlwZSUzRCUyMmFwcGxpY2F0aW9uJTJGbGQlMkJqc29uJTIyJTNFJTBBJTdCJTBBJTIwJTIwJTIyJTQwY29udGV4dCUyMiUzQSUyMCUyMmh0dHBzJTNBJTJGJTJGc2NoZW1hLm9yZyUyMiUyQyUwQSUyMCUyMCUyMiU0MHR5cGUlMjIlM0ElMjAlMjJBdHRvcm5leSUyMiUyQyUwQSUyMCUyMCUyMm5hbWUlMjIlM0ElMjAlMjJDZWNlcmUlMjBTYW50YW5hJTJDJTIwUEElMjIlMkMlMEElMjAlMjAlMjJpbWFnZSUyMiUzQSUyMCUyMmh0dHBzJTNBJTJGJTJGd3d3LmNlY2VyZXNhbnRhbmEuY29tJTJGd3AtY29udGVudCUyRnVwbG9hZHMlMkYyMDE5JTJGMDQlMkZDZWNlcmUtU2FudGFuYS1Mb2dvLnBuZyUyMiUyQyUwQSUyMCUyMCUyMiU0MGlkJTIyJTNBJTIwJTIyaHR0cHMlM0ElMkYlMkZ3d3cuY2VjZXJlc2FudGFuYS5jb20lMkYlMjIlMkMlMEElMjAlMjAlMjJ1cmwlMjIlM0ElMjAlMjJodHRwcyUzQSUyRiUyRnd3dy5jZWNlcmVzYW50YW5hLmNvbSUyRiUyMiUyQyUwQSUyMCUyMCUyMnRlbGVwaG9uZSUyMiUzQSUyMCUyMjgwMC03NTMtNTUyOSUyMiUyQyUwQSUyMCUyMCUyMnByaWNlUmFuZ2UlMjIlM0ElMjAlMjIlMjQlMjQlMjQlMjIlMkMlMEElMjAlMjAlMjJhZGRyZXNzJTIyJTNBJTIwJTdCJTBBJTIwJTIwJTIwJTIwJTIyJTQwdHlwZSUyMiUzQSUyMCUyMlBvc3RhbEFkZHJlc3MlMjIlMkMlMEElMjAlMjAlMjAlMjAlMjJzdHJlZXRBZGRyZXNzJTIyJTNBJTIwJTIyODIxMSUyMFclMjBCcm93YXJkJTIwQmx2ZCUyMCUyMzQ2MCUyMiUyQyUwQSUyMCUyMCUyMCUyMCUyMmFkZHJlc3NMb2NhbGl0eSUyMiUzQSUyMCUyMlBsYW50YXRpb24lMjIlMkMlMEElMjAlMjAlMjAlMjAlMjJhZGRyZXNzUmVnaW9uJTIyJTNBJTIwJTIyRkwlMjIlMkMlMEElMjAlMjAlMjAlMjAlMjJwb3N0YWxDb2RlJTIyJTNBJTIwJTIyMzMzMjQlMjIlMkMlMEElMjAlMjAlMjAlMjAlMjJhZGRyZXNzQ291bnRyeSUyMiUzQSUyMCUyMlVTJTIyJTBBJTIwJTIwJTdEJTJDJTBBJTIwJTIwJTIyZ2VvJTIyJTNBJTIwJTdCJTBBJTIwJTIwJTIwJTIwJTIyJTQwdHlwZSUyMiUzQSUyMCUyMkdlb0Nvb3JkaW5hdGVzJTIyJTJDJTBBJTIwJTIwJTIwJTIwJTIybGF0aXR1ZGUlMjIlM0ElMjAyNi4xMjE3NzQzJTJDJTBBJTIwJTIwJTIwJTIwJTIybG9uZ2l0dWRlJTIyJTNBJTIwLTgwLjI1ODY2NTglMEElMjAlMjAlN0QlMkMlMEElMjAlMjAlMjJvcGVuaW5nSG91cnNTcGVjaWZpY2F0aW9uJTIyJTNBJTIwJTdCJTBBJTIwJTIwJTIwJTIwJTIyJTQwdHlwZSUyMiUzQSUyMCUyMk9wZW5pbmdIb3Vyc1NwZWNpZmljYXRpb24lMjIlMkMlMEElMjAlMjAlMjAlMjAlMjJkYXlPZldlZWslMjIlM0ElMjAlNUIlMEElMjAlMjAlMjAlMjAlMjAlMjAlMjJNb25kYXklMjIlMkMlMEElMjAlMjAlMjAlMjAlMjAlMjAlMjJUdWVzZGF5JTIyJTJDJTBBJTIwJTIwJTIwJTIwJTIwJTIwJTIyV2VkbmVzZGF5JTIyJTJDJTBBJTIwJTIwJTIwJTIwJTIwJTIwJTIyVGh1cnNkYXklMjIlMkMlMEElMjAlMjAlMjAlMjAlMjAlMjAlMjJGcmlkYXklMjIlMkMlMEElMjAlMjAlMjAlMjAlMjAlMjAlMjJTYXR1cmRheSUyMiUyQyUwQSUyMCUyMCUyMCUyMCUyMCUyMCUyMlN1bmRheSUyMiUwQSUyMCUyMCUyMCUyMCU1RCUyQyUwQSUyMCUyMCUyMCUyMCUyMm9wZW5zJTIyJTNBJTIwJTIyMDAlM0EwMCUyMiUyQyUwQSUyMCUyMCUyMCUyMCUyMmNsb3NlcyUyMiUzQSUyMCUyMjIzJTNBNTklMjIlMEElMjAlMjAlN0QlMkMlMEElMjAlMjAlMjJzYW1lQXMlMjIlM0ElMjAlNUIlMEElMjAlMjAlMjAlMjAlMjJodHRwcyUzQSUyRiUyRnd3dy5mYWNlYm9vay5jb20lMkZjZWNlcmVzYW50YW5hJTIyJTJDJTBBJTIwJTIwJTIwJTIwJTIyaHR0cHMlM0ElMkYlMkZ0d2l0dGVyLmNvbSUyRkNlY2VyZVNhbnRhbmElMjIlMkMlMEElMjAlMjAlMjAlMjAlMjJodHRwcyUzQSUyRiUyRnd3dy5jZWNlcmVzYW50YW5hLmNvbSUyRndwLWNvbnRlbnQlMkZ1cGxvYWRzJTJGMjAxOSUyRjA0JTJGbGlua2VkaW4tZmxhdC02NC5wbmclMjIlMEElMjAlMjAlNUQlMkMlMEElMjJhZ2dyZWdhdGVSYXRpbmclMjIlM0ElMjAlN0IlMEElMjIlNDB0eXBlJTIyJTNBJTIwJTIyQWdncmVnYXRlUmF0aW5nJTIyJTJDJTBBJTIycmF0aW5nVmFsdWUlMjIlM0ElMjAlMjI1JTIyJTJDJTBBJTIycmF0aW5nQ291bnQlMjIlM0ElMjAlMjIxJTIyJTJDJTBBJTIyd29yc3RSYXRpbmclMjIlM0ElMjAlMjIxJTIyJTBBJTdEJTdEJTJDJTBBJTdCJTBBJTIyJTQwdHlwZSUyMiUzQSUyMCUyMlJldmlldyUyMiUyQyUwQSUyMmF1dGhvciUyMiUzQSUyMCVFMiU4MCU5Q0t5bGUlMjBBLiVFMiU4MCU5RCUyQyUwQSUyMmRhdGVQdWJsaXNoZWQlMjIlM0ElMjAlMjIyJTJGMjUlMkYyMSUyMiUyQyUwQSUyMnJldmlld0JvZHklMjIlM0ElMjAlMjJUaGUlMjBzZXJ2aWNlcyUyMGdpdmVuJTIwbWFkZSUyMG1lJTIwZmVlbCUyMGxpa2UlMjBJJTIwZ290JTIwanVzdGljZSUyMGZvciUyMHdoYXQlMjBoYXBwZW5lZC4lRTIlODAlOUQlMkMlMEElN0QlMEElN0QlMEElM0MlMkZzY3JpcHQlM0U=[\/vc_raw_html][\/vc_column][\/vc_row][vc_row css=&#8221;.vc_custom_1729890162275{padding: 0px !important;}&#8221;][vc_column][vc_raw_html css=&#8221;&#8221; el_class=&#8221;mb0&#8243;]JTNDc2NyaXB0JTIwdHlwZSUzRCUyMmFwcGxpY2F0aW9uJTJGbGQlMkJqc29uJTIyJTNFJTBBJTdCJTBBJTIwJTIwJTIyJTQwY29udGV4dCUyMiUzQSUyMCUyMmh0dHBzJTNBJTJGJTJGc2NoZW1hLm9yZyUyMiUyQyUwQSUyMCUyMCUyMiU0MHR5cGUlMjIlM0ElMjAlMjJPcmdhbml6YXRpb24lMjIlMkMlMEElMjAlMjAlMjJuYW1lJTIyJTNBJTIwJTIyQ2VjZXJlJTIwU2FudGFuYSUyQyUyMFBBJTIyJTJDJTBBJTIwJTIwJTIyYWx0ZXJuYXRlTmFtZSUyMiUzQSUyMCUyMkNlY2VyZSUyMFNhbnRhbmElMjIlMkMlMEElMjAlMjAlMjJ1cmwlMjIlM0ElMjAlMjJodHRwcyUzQSUyRiUyRnd3dy5jZWNlcmVzYW50YW5hLmNvbSUyRiUyMiUyQyUwQSUyMCUyMCUyMmxvZ28lMjIlM0ElMjAlMjJodHRwcyUzQSUyRiUyRnd3dy5jZWNlcmVzYW50YW5hLmNvbSUyRndwLWNvbnRlbnQlMkZ1cGxvYWRzJTJGMjAxOSUyRjA0JTJGQ2VjZXJlLVNhbnRhbmEtTG9nby5wbmclMjIlMkMlMEElMjAlMjAlMjJzYW1lQXMlMjIlM0ElMjAlNUIlMEElMjAlMjAlMjAlMjAlMjJodHRwcyUzQSUyRiUyRnd3dy5mYWNlYm9vay5jb20lMkZjZWNlcmVzYW50YW5hJTIyJTJDJTBBJTIwJTIwJTIwJTIwJTIyaHR0cHMlM0ElMkYlMkZ0d2l0dGVyLmNvbSUyRkNlY2VyZVNhbnRhbmElMjIlMkMlMEElMjAlMjAlMjAlMjAlMjJodHRwcyUzQSUyRiUyRnd3dy5saW5rZWRpbi5jb20lMkZjb21wYW55JTJGY2VjZXJlLXNhbnRhbmEtcC1hLSUyMiUwQSUyMCUyMCU1RCUwQSU3RCUwQSUzQyUyRnNjcmlwdCUzRQ==[\/vc_raw_html][\/vc_column][\/vc_row]<\/p>\n<\/div><!-- AddThis Advanced Settings generic via filter on the_content --><!-- AddThis Share Buttons generic via filter on the_content -->","protected":false},"excerpt":{"rendered":"<p>[vc_row el_class=&#8221;practice-area-master-row&#8221;][vc_column][vc_column_text] Abogados de Da\u00f1os a la Propiedad en Fort Lauderdale\u00a0 [\/vc_column_text][vc_column_text] Cuando su casa o negocio sostiene da\u00f1os y la compa\u00f1\u00eda de seguros no cumple con sus obligaciones bajo su p\u00f3liza, nosotros estamos ah\u00ed para asegurarle que usted reciba la compensaci\u00f3n justa y meritoria de su caso. Despu\u00e9s de todo, una p\u00f3liza de seguro &hellip; <\/p>\n<p class=\"link-more\"><a href=\"https:\/\/www.ceceresantana.com\/es\/areas-de-practica\/danos-a-la-propiedad\/\" class=\"more-link\">Continue reading<span class=\"screen-reader-text\"> &#8220;Da\u00f1os a la Propiedad&#8221;<\/span><\/a><\/p>\n<p><!-- AddThis Advanced Settings generic via filter on get_the_excerpt --><!-- AddThis Share Buttons generic via filter on get_the_excerpt --><\/p>\n","protected":false},"author":1,"featured_media":0,"parent":1645,"menu_order":0,"comment_status":"closed","ping_status":"closed","template":"","meta":{"_acf_changed":false,"footnotes":""},"class_list":["post-1649","page","type-page","status-publish"],"acf":[],"aioseo_notices":[],"_links":{"self":[{"href":"https:\/\/www.ceceresantana.com\/es\/wp-json\/wp\/v2\/pages\/1649","targetHints":{"allow":["GET"]}}],"collection":[{"href":"https:\/\/www.ceceresantana.com\/es\/wp-json\/wp\/v2\/pages"}],"about":[{"href":"https:\/\/www.ceceresantana.com\/es\/wp-json\/wp\/v2\/types\/page"}],"author":[{"embeddable":true,"href":"https:\/\/www.ceceresantana.com\/es\/wp-json\/wp\/v2\/users\/1"}],"replies":[{"embeddable":true,"href":"https:\/\/www.ceceresantana.com\/es\/wp-json\/wp\/v2\/comments?post=1649"}],"version-history":[{"count":0,"href":"https:\/\/www.ceceresantana.com\/es\/wp-json\/wp\/v2\/pages\/1649\/revisions"}],"up":[{"embeddable":true,"href":"https:\/\/www.ceceresantana.com\/es\/wp-json\/wp\/v2\/pages\/1645"}],"wp:attachment":[{"href":"https:\/\/www.ceceresantana.com\/es\/wp-json\/wp\/v2\/media?parent=1649"}],"curies":[{"name":"wp","href":"https:\/\/api.w.org\/{rel}","templated":true}]}}