{"id":1645,"date":"2019-04-19T15:32:09","date_gmt":"2019-04-19T19:32:09","guid":{"rendered":"https:\/\/www.ceceresantana.com\/?page_id=1645"},"modified":"2023-04-05T23:43:45","modified_gmt":"2023-04-06T03:43:45","slug":"areas-de-practica","status":"publish","type":"page","link":"https:\/\/www.ceceresantana.com\/es\/areas-de-practica\/","title":{"rendered":"\u00c1reas de Pr\u00e1ctica"},"content":{"rendered":"<div class=\"wpb-content-wrapper\"><p>[vc_row][vc_column][vc_column_text]<\/p>\n<h1>\u00c1reas de pr\u00e1ctica de nuestros abogados de lesiones personales<\/h1>\n<p>[\/vc_column_text][vc_column_text]Obtenga m\u00e1s informaci\u00f3n sobre las \u00e1reas de pr\u00e1ctica en las que se especializa <a href=\"https:\/\/www.ceceresantana.com\/es\/abogados\/\">nuestro equipo<\/a> a continuaci\u00f3n. Para <a href=\"https:\/\/www.ceceresantana.com\/es\/contactenos\/\">obtener m\u00e1s informaci\u00f3n<\/a>, comun\u00edquese hoy con<a href=\"https:\/\/www.ceceresantana.com\/es\"> Cecere Santana, PA<\/a>.[\/vc_column_text][vc_column_text]<\/p>\n<div class=\"subpageslist\">\n<ul>\n<li><a href=\"\/es\/areas-de-practica\/interrupcion-de-negocio\/\">Interrupci\u00f3n de Negocio<\/a><\/li>\n<li>Lesiones Personales\n<ul>\n<li><a href=\"\/es\/areas-de-practica\/accidentes-automovilisticos\/\">Accidentes Automovil\u00edsticos<\/a><\/li>\n<li><a href=\"\/es\/areas-de-practica\/accidentes-de-trabajo\">Accidentes de Trabajo<\/a><\/li>\n<li><a href=\"\/es\/areas-de-practica\/accidentes-maritimos\/\">Accidentes Mar\u00edtimos<\/a><\/li>\n<li><a href=\"\/es\/areas-de-practica\/medicamentos-peligrosos\/\">Medicamentos Peligrosos<\/a><\/li>\n<li><a href=\"\/es\/areas-de-practica\/mordidas-de-perro\/\">Mordidas de Perro<\/a><\/li>\n<li><a href=\"\/es\/areas-de-practica\/muerte-por-negligencia\">Muerte por Negligencia<\/a><\/li>\n<li><a href=\"\/es\/areas-de-practica\/negligencia-en-residencias-de-ancianos\">Negligencia en Residencias de Ancianos<\/a><\/li>\n<li><a href=\"\/es\/areas-de-practica\/productos-defectuosos\">Productos Defectuosos<\/a><\/li>\n<li><a href=\"\/es\/areas-de-practica\/resbalones-y-caidas\/\">Resbalones y Ca\u00eddas<\/a><\/li>\n<li><a href=\"\/es\/areas-de-practica\/seguridad-inadecuada\/\">Serguridad Inadecuada<\/a><\/li>\n<\/ul>\n<\/li>\n<li><a href=\"\/es\/areas-de-practica\/danos-a-la-propiedad\/\">Da\u00f1os a la Propiedad<\/a><\/li>\n<\/ul>\n<\/div>\n<p>[\/vc_column_text][\/vc_column][\/vc_row][vc_row][vc_column][vc_column_text]<\/p>\n<h3>Nuestras Ubicaciones<\/h3>\n<ul>\n<li><a href=\"https:\/\/www.ceceresantana.com\/office-locations\/plantation\/\">Plantation, FL<\/a><\/li>\n<li><a href=\"https:\/\/www.ceceresantana.com\/office-locations\/coral-gables-office\/\">Coral Gables, FL<\/a><\/li>\n<li><a href=\"https:\/\/www.ceceresantana.com\/office-locations\/west-palm-beach-office\/\">West Palm Beach, FL<\/a><\/li>\n<\/ul>\n<p>[\/vc_column_text][\/vc_column][\/vc_row][vc_row][vc_column][vc_raw_html]JTNDbGluayUyMHJlbCUzRCUyMmFsdGVybmF0ZSUyMiUyMGhyZWYlM0QlMjJodHRwcyUzQSUyRiUyRnd3dy5jZWNlcmVzYW50YW5hLmNvbSUyRnByYWN0aWNlLWFyZWFzJTJGJTIyJTIwaHJlZmxhbmclM0QlMjJlbi11cyUyMiUyMCUyRiUzRSUwQSUzQ2xpbmslMjByZWwlM0QlMjJhbHRlcm5hdGUlMjIlMjBocmVmJTNEJTIyaHR0cHMlM0ElMkYlMkZ3d3cuY2VjZXJlc2FudGFuYS5jb20lMkZlcyUyRmFyZWFzLWRlLXByYWN0aWNhJTJGJTIyJTIwaHJlZmxhbmclM0QlMjJlcy1teCUyMiUyMCUyRiUzRSUwQSUzQ2xpbmslMjByZWwlM0QlMjJhbHRlcm5hdGUlMjIlMjBocmVmJTNEJTIyaHR0cHMlM0ElMkYlMkZ3d3cuY2VjZXJlc2FudGFuYS5jb20lMkZlcyUyRmFyZWFzLWRlLXByYWN0aWNhJTJGJTIyJTIwaHJlZmxhbmclM0QlMjJlcy1lcyUyMiUyMCUyRiUzRQ==[\/vc_raw_html][\/vc_column][\/vc_row]<\/p>\n<\/div><!-- AddThis Advanced Settings generic via filter on the_content --><!-- AddThis Share Buttons generic via filter on the_content -->","protected":false},"excerpt":{"rendered":"<p>[vc_row][vc_column][vc_column_text] \u00c1reas de pr\u00e1ctica de nuestros abogados de lesiones personales [\/vc_column_text][vc_column_text]Obtenga m\u00e1s informaci\u00f3n sobre las \u00e1reas de pr\u00e1ctica en las que se especializa nuestro equipo a continuaci\u00f3n. Para obtener m\u00e1s informaci\u00f3n, comun\u00edquese hoy con Cecere Santana, PA.[\/vc_column_text][vc_column_text] Interrupci\u00f3n de Negocio Lesiones Personales Accidentes Automovil\u00edsticos Accidentes de Trabajo Accidentes Mar\u00edtimos Medicamentos Peligrosos Mordidas de Perro Muerte &hellip; <\/p>\n<p class=\"link-more\"><a href=\"https:\/\/www.ceceresantana.com\/es\/areas-de-practica\/\" class=\"more-link\">Continue reading<span class=\"screen-reader-text\"> &#8220;\u00c1reas de Pr\u00e1ctica&#8221;<\/span><\/a><\/p>\n<p><!-- AddThis Advanced Settings generic via filter on get_the_excerpt --><!-- AddThis Share Buttons generic via filter on get_the_excerpt --><\/p>\n","protected":false},"author":1,"featured_media":0,"parent":0,"menu_order":0,"comment_status":"closed","ping_status":"closed","template":"","meta":{"_acf_changed":false,"footnotes":""},"class_list":["post-1645","page","type-page","status-publish"],"acf":[],"aioseo_notices":[],"_links":{"self":[{"href":"https:\/\/www.ceceresantana.com\/es\/wp-json\/wp\/v2\/pages\/1645","targetHints":{"allow":["GET"]}}],"collection":[{"href":"https:\/\/www.ceceresantana.com\/es\/wp-json\/wp\/v2\/pages"}],"about":[{"href":"https:\/\/www.ceceresantana.com\/es\/wp-json\/wp\/v2\/types\/page"}],"author":[{"embeddable":true,"href":"https:\/\/www.ceceresantana.com\/es\/wp-json\/wp\/v2\/users\/1"}],"replies":[{"embeddable":true,"href":"https:\/\/www.ceceresantana.com\/es\/wp-json\/wp\/v2\/comments?post=1645"}],"version-history":[{"count":0,"href":"https:\/\/www.ceceresantana.com\/es\/wp-json\/wp\/v2\/pages\/1645\/revisions"}],"wp:attachment":[{"href":"https:\/\/www.ceceresantana.com\/es\/wp-json\/wp\/v2\/media?parent=1645"}],"curies":[{"name":"wp","href":"https:\/\/api.w.org\/{rel}","templated":true}]}}