{"id":1643,"date":"2019-04-19T15:31:52","date_gmt":"2019-04-19T19:31:52","guid":{"rendered":"https:\/\/www.ceceresantana.com\/?page_id=1643"},"modified":"2024-04-22T16:45:49","modified_gmt":"2024-04-22T20:45:49","slug":"abogados","status":"publish","type":"page","link":"https:\/\/www.ceceresantana.com\/es\/abogados\/","title":{"rendered":"Abogados"},"content":{"rendered":"<div class=\"wpb-content-wrapper\"><p>[vc_row el_class=&#8221;attorneys-row&#8221;][vc_column][vc_column_text]<\/p>\n<h1>Abogados en Fort Lauderdale<\/h1>\n<p>[\/vc_column_text][vc_column_text css=&#8221;.vc_custom_1560529457320{margin-bottom: 20px !important;}&#8221;]<\/p>\n<h4 class=\"red\">Conozca a nuestros abogados del sur de la Florida<\/h4>\n<p>[\/vc_column_text][vc_column_text]<\/p>\n<div id=\"ErickSantana\" class=\"bio-anchor\"><\/div>\n<p><b><i><img loading=\"lazy\" decoding=\"async\" class=\"alignleft size-full\" src=\"\/wp-content\/uploads\/2019\/04\/erick-santana-2018.jpg\" alt=\"erick-santana-2018\" width=\"201\" height=\"256\" \/>El abogado Erick Santana es fundador y socio de la firma de abogados Cecere Santana, PA. Lleva m\u00e1s de 30 a\u00f1os evaluando casos de lesiones personales y ha logrado resoluciones en miles de casos, en algunos por m\u00e1s de $1 mill\u00f3n.<\/i><\/b><\/p>\n<div class=\"leftphoto\"><a href=\"https:\/\/www.linkedin.com\/pub\/erick-santana\/14\/6b1\/994\" target=\"_blank\" rel=\"noopener noreferrer\"><img decoding=\"async\" src=\"\/wp-content\/uploads\/2019\/04\/linkedin-flat-64.png\" alt=\"LinkedIn\" \/><\/a><\/div>\n<div class=\"leftphoto\"><a href=\"https:\/\/lawyers.justia.com\/lawyer\/erick-santana-505706\" target=\"_blank\" rel=\"noopener noreferrer\"><img decoding=\"async\" src=\"\/wp-content\/uploads\/2019\/04\/justia-flat-64.png\" alt=\"Justia\" \/><\/a><\/div>\n<div style=\"clear: both;\"><\/div>\n<p>Antes de fungir como abogado, el Sr. Santana trabaj\u00f3 por siete a\u00f1os como tasador de seguros para State Farm Insurance Company. Como resultado de su empleo con State Farm, el Sr. Santana conoce de primera mano las dificultades que los clientes enfrentan cuando tratan con las compa\u00f1\u00edas de seguro, lo cual lo distingue entre otros abogados que ejercen en esta rama. El Sr. Santana usa su experiencia previa y conocimientos para beneficio de sus clientes.<\/p>\n<p>Actualmente, sus responsabilidades incluyen reuniones con los clientes para explicarle las cuestiones legales relacionadas con su caso, negociaci\u00f3n de los casos, preparaci\u00f3n para juicio, adem\u00e1s de servir la creciente clientela de habla Hispana.<\/p>\n<p>Los conocimientos del Sr. Santana lo han convertido en un experto en el tema legal de lesiones personales y ha sido invitado a varios programas de televisi\u00f3n y radio en el Sur de la Florida como experto legal en temas de da\u00f1os personales. A su vez, ha participado en sesiones de preguntas y respuestas, ayudando al p\u00fablico a obtener un mejor entendimiento de su caso y sus derechos legales.<\/p>\n<p>El Sr. Santana es graduado con honores de la facultad de derecho Shepard Broad Law Center de la Universidad Nova Southeastern. Tambi\u00e9n cuenta con un Bachillerato en Administraci\u00f3n de Empresas de la Universidad Internacional de la Florida. Ha vivido en el Sur de la Florida por m\u00e1s de 40 a\u00f1os y habla espa\u00f1ol. [\/vc_column_text][vc_column_text]<\/p>\n<div id=\"MichaelCecere\" class=\"bio-anchor\"><\/div>\n<p><b><i><img loading=\"lazy\" decoding=\"async\" class=\"alignleft size-full wp-image-1881\" src=\"\/wp-content\/uploads\/2019\/04\/michael-cecere-2018.jpg\" alt=\"michael-cecere-2018\" width=\"201\" height=\"256\" \/>Michael Cecere es un Abogado Litigante Certificado y socio de la firma de abogados Cecere Santana, PA.<\/i><\/b><\/p>\n<div class=\"leftphoto\"><a href=\"https:\/\/www.linkedin.com\/pub\/michael-cecere\/1b\/384\/619\" target=\"_blank\" rel=\"noopener noreferrer\"><img decoding=\"async\" src=\"\/wp-content\/uploads\/2019\/04\/linkedin-flat-64.png\" alt=\"LinkedIn\" \/><\/a><\/div>\n<div class=\"leftphoto\"><a href=\"https:\/\/lawyers.justia.com\/lawyer\/michael-cecere-506596\" target=\"_blank\" rel=\"noopener noreferrer\"><img decoding=\"async\" src=\"\/wp-content\/uploads\/2019\/04\/justia-flat-64.png\" alt=\"Justia\" \/><\/a><\/div>\n<div style=\"clear: both;\"><\/div>\n<p>El Sr. Cecere se especializa en juicios civiles y cuenta con m\u00e1s de 22 a\u00f1os de experiencia en las cortes. Durante su carrera ha litigado m\u00e1s de 100 juicios con jurado. En el a\u00f1o 2008 obtuvo la prestigiosa distinci\u00f3n de Abogado Litigante Certificado y su certificaci\u00f3n fue renovada en el 2018.<\/p>\n<p>El Sr. Cecere obtuvo extensa experiencia como abogado litigante mientras trabaj\u00f3 como abogado defensor. Durante ese tiempo manej\u00f3 casos complejos relacionados a muertes por negligencia, lesiones de la espina dorsal y traumas al cerebro. Eventualmente, decidi\u00f3 dejar su pr\u00e1ctica como abogado defensor de las compa\u00f1\u00edas de seguro y dedicarse a representar los intereses de las personas lesionadas.<\/p>\n<p>Durante su carrera, el Sr. Cecere ha litigado y negociado miles de casos relacionados a las \u00e1reas de accidentes automovil\u00edsticos, resbalones y ca\u00eddas, seguridad inadecuada, productos defectuosos, negligencia profesional, da\u00f1os a la propiedad y muerte por negligencia. En varias ocasiones ha obtenido veredictos de millones de d\u00f3lares para sus clientes. El caso m\u00e1s reciente fue un veredicto de m\u00e1s de $12 millones para un cliente seriamente lesionado en un accidente de tr\u00e1nsito.<\/p>\n<p>El Sr. Cecere es egresado de Rollins College en Winter Park, Florida de donde recibi\u00f3 un Bachillerato en Arte. Unos a\u00f1os m\u00e1s tarde se gradu\u00f3 con honores de la facultad de derecho de Shepard Broad Law Center de la Universidad Nova Southeastern.<\/p>\n<p>Comun\u00edquese hoy con los abogados de Cecere Santana, PA al 800 75 FL LAW o llene nuestro formulario. Hemos ayudado a un sin n\u00famero de clientes en el Sur de la Florida en las ciudades de Fort Lauderdale, Hollywood, Sunrise, Coral Springs, Pembroke Pines, Miami, Palm Beach, Fort Myers, Naples y \u00e1reas cercanas.[\/vc_column_text][vc_column_text]<\/p>\n<div id=\"AsheleyFigueroa-Santana\" class=\"bio-anchor\"><\/div>\n<p><b><i><img loading=\"lazy\" decoding=\"async\" class=\"alignleft wp-image-1882 size-full\" src=\"\/wp-content\/uploads\/2019\/04\/asheley-santana-2018.jpg\" alt=\"asheley-santana-2018\" width=\"201\" height=\"256\" \/><\/i><\/b><\/p>\n<p><b><i>Asheley Figueroa-Santana, Abogada Asociada<\/i><\/b><\/p>\n<div class=\"leftphoto\"><a href=\"https:\/\/www.linkedin.com\/in\/asheley-santana-esq-20a728129\/\" target=\"_blank\" rel=\"noopener noreferrer\"><img decoding=\"async\" src=\"\/wp-content\/uploads\/2019\/04\/linkedin-flat-64.png\" alt=\"LinkedIn\" \/><\/a><\/div>\n<div class=\"leftphoto\"><a href=\"https:\/\/lawyers.justia.com\/lawyer\/asheley-figueroa-santana-1526851\" target=\"_blank\" rel=\"noopener noreferrer\"><img decoding=\"async\" src=\"\/wp-content\/uploads\/2019\/04\/justia-flat-64.png\" alt=\"Justia\" \/><\/a><\/div>\n<div style=\"clear: both;\"><\/div>\n<p>Asheley Figueroa-Santana es abogada asociada de Cecere Santana, PA. La Sra. Figueroa-Santana est\u00e1 a cargo de casos relacionados a lesiones personales y reclamaciones a la propiedad. Como miembro de ambos departamentos, la Sra. Figueroa-Santana asistente al Sr. Cecere en casos relacionados a accidentes automovil\u00edsticos, ca\u00eddas, seguridad inadecuada, productos defectuosos y muertes por negligencia. A su vez, tambi\u00e9n es responsable de obtener compensaci\u00f3n para clientes cuyas propiedades han sufrido da\u00f1os a causa de huracanes, inundaciones o fuego.<\/p>\n<p>La Sra. Figueroa-Santana comenz\u00f3 su carrera legal como parte del equipo que represent\u00f3 a personas enfermas contras las compa\u00f1\u00edas de tabaco. Luego trabaj\u00f3 en una firma de abogados representando las compa\u00f1\u00edas de seguro en casos de Compensaci\u00f3n Laboral.<\/p>\n<p>Egresada de la escuela de derecho de la Universidad St. Thomas, la Sra. Figueroa-Santana fue parte del equipo editorial de la publicaci\u00f3n St. Thomas Law Review, miembro de la Asociaci\u00f3n de Abogados Cubanoamericanos y presidente de la Sociedad Legal de Impuestos.<\/p>\n<p>La Sra. Figueroa-Santana tambi\u00e9n es graduada de la Universidad Internacional de la Florida con un Bachillerato en Ingl\u00e9s.[\/vc_column_text][vc_column_text]<\/p>\n<div id=\"Ian Seitel\" class=\"bio-anchor\"><\/div>\n<p><b><i><img loading=\"lazy\" decoding=\"async\" class=\"alignleft wp-image-1882 size-full\" src=\"https:\/\/www.ceceresantana.com\/es\/wp-content\/uploads\/2024\/04\/Cecere-Santanta-Ian.png\" alt=\"Ian Seitel\" width=\"201\" height=\"256\" \/><\/i><\/b><\/p>\n<p><b><i>El abogado Ian Seitel lleva m\u00e1s de 40 a\u00f1os ejerciendo en el estado de la Florida como abogado litigante, con m\u00e1s de 100 juicios ante jurados.<\/i><\/b><\/p>\n<p>&nbsp;<\/p>\n<p>El Sr. Seitel comenz\u00f3 su carrera legal como fiscal de la Divisi\u00f3n de Crimen Organizado de la Oficina de la Fiscal\u00eda Estatal del Condado de Broward. Actualmente aplica su vasto conocimiento como abogado litigante a favor de sus clientes que han sido lesionados en accidentes, incluyendo de autom\u00f3vil, ca\u00eddas y resbalones.<\/p>\n<p>El Sr. Seitel naci\u00f3 en Brooklyn, Nueva York. Es egresado de la Universidad de Syracuse de donde se gradu\u00f3 en 1976. Luego, asisti\u00f3 a la facultad de derecho de la Universidad de Miami, gradu\u00e1ndose en 1979.<\/p>\n<p>El Sr. Seitel ha representado a m\u00e1s de 1,000 casos relacionados a lesiones personales y gracias a su vasta experiencia es capaz de lograr la mejor resoluci\u00f3n para sus clientes.<\/p>\n<p>El Sr. Seitel es miembro del Colegio de Abogados en los estados de la Florida, Colorado y Tennessee, adem\u00e1s de estar autorizado para ejercer como abogado en la Corte del Distrito del Sur de la Florida.<\/p>\n<p>Recientemente, el Sr. Seitel se uni\u00f3 a la firma Cecere Santana, PA como abogado afiliado y su vasta experiencia trae a la firma y a nuestros clientes una perspectiva \u00fanica.[\/vc_column_text][\/vc_column][\/vc_row][vc_row css=&#8221;.vc_custom_1713814848629{margin-top: 0px !important;margin-bottom: 0px !important;padding-top: 0px !important;padding-bottom: 0px !important;}&#8221;][vc_column][vc_raw_html]JTNDbGluayUyMHJlbCUzRCUyMmFsdGVybmF0ZSUyMiUyMGhyZWYlM0QlMjJodHRwcyUzQSUyRiUyRnd3dy5jZWNlcmVzYW50YW5hLmNvbSUyRmF0dG9ybmV5LXByb2ZpbGVzJTJGJTIyJTIwaHJlZmxhbmclM0QlMjJlbi11cyUyMiUyMCUyRiUzRSUwQSUzQ2xpbmslMjByZWwlM0QlMjJhbHRlcm5hdGUlMjIlMjBocmVmJTNEJTIyaHR0cHMlM0ElMkYlMkZ3d3cuY2VjZXJlc2FudGFuYS5jb20lMkZlcyUyRmFib2dhZG9zJTJGJTIyJTIwaHJlZmxhbmclM0QlMjJlcy1teCUyMiUyMCUyRiUzRSUwQSUzQ2xpbmslMjByZWwlM0QlMjJhbHRlcm5hdGUlMjIlMjBocmVmJTNEJTIyaHR0cHMlM0ElMkYlMkZ3d3cuY2VjZXJlc2FudGFuYS5jb20lMkZlcyUyRmFib2dhZG9zJTJGJTIyJTIwaHJlZmxhbmclM0QlMjJlcy1lcyUyMiUyMCUyRiUzRQ==[\/vc_raw_html][\/vc_column][\/vc_row][vc_row css=&#8221;.vc_custom_1713814863383{margin-top: 0px !important;margin-bottom: 0px !important;padding-top: 0px !important;padding-bottom: 0px !important;}&#8221;][vc_column][vc_raw_html]JTNDc2NyaXB0JTIwdHlwZSUzRCUyMmFwcGxpY2F0aW9uJTJGbGQlMkJqc29uJTIyJTNFJTBBJTdCJTBBJTIwJTIwJTIyJTQwY29udGV4dCUyMiUzQSUyMCUyMmh0dHBzJTNBJTJGJTJGc2NoZW1hLm9yZyUyMiUyQyUwQSUyMCUyMCUyMiU0MHR5cGUlMjIlM0ElMjAlMjJBdHRvcm5leSUyMiUyQyUwQSUyMCUyMCUyMm5hbWUlMjIlM0ElMjAlMjJDZWNlcmUlMjBTYW50YW5hJTJDJTIwUEElMjIlMkMlMEElMjAlMjAlMjJpbWFnZSUyMiUzQSUyMCUyMmh0dHBzJTNBJTJGJTJGd3d3LmNlY2VyZXNhbnRhbmEuY29tJTJGd3AtY29udGVudCUyRnVwbG9hZHMlMkYyMDE5JTJGMDQlMkZDZWNlcmUtU2FudGFuYS1Mb2dvLnBuZyUyMiUyQyUwQSUyMCUyMCUyMiU0MGlkJTIyJTNBJTIwJTIyaHR0cHMlM0ElMkYlMkZ3d3cuY2VjZXJlc2FudGFuYS5jb20lMkYlMjIlMkMlMEElMjAlMjAlMjJ1cmwlMjIlM0ElMjAlMjJodHRwcyUzQSUyRiUyRnd3dy5jZWNlcmVzYW50YW5hLmNvbSUyRiUyMiUyQyUwQSUyMCUyMCUyMnRlbGVwaG9uZSUyMiUzQSUyMCUyMjgwMC03NTMtNTUyOSUyMiUyQyUwQSUyMCUyMCUyMnByaWNlUmFuZ2UlMjIlM0ElMjAlMjIlMjQlMjQlMjQlMjIlMkMlMEElMjAlMjAlMjJhZGRyZXNzJTIyJTNBJTIwJTdCJTBBJTIwJTIwJTIwJTIwJTIyJTQwdHlwZSUyMiUzQSUyMCUyMlBvc3RhbEFkZHJlc3MlMjIlMkMlMEElMjAlMjAlMjAlMjAlMjJzdHJlZXRBZGRyZXNzJTIyJTNBJTIwJTIyODIxMSUyMFclMjBCcm93YXJkJTIwQmx2ZCUyMCUyMzQ2MCUyMiUyQyUwQSUyMCUyMCUyMCUyMCUyMmFkZHJlc3NMb2NhbGl0eSUyMiUzQSUyMCUyMlBsYW50YXRpb24lMjIlMkMlMEElMjAlMjAlMjAlMjAlMjJhZGRyZXNzUmVnaW9uJTIyJTNBJTIwJTIyRkwlMjIlMkMlMEElMjAlMjAlMjAlMjAlMjJwb3N0YWxDb2RlJTIyJTNBJTIwJTIyMzMzMjQlMjIlMkMlMEElMjAlMjAlMjAlMjAlMjJhZGRyZXNzQ291bnRyeSUyMiUzQSUyMCUyMlVTJTIyJTBBJTIwJTIwJTdEJTJDJTBBJTIwJTIwJTIyZ2VvJTIyJTNBJTIwJTdCJTBBJTIwJTIwJTIwJTIwJTIyJTQwdHlwZSUyMiUzQSUyMCUyMkdlb0Nvb3JkaW5hdGVzJTIyJTJDJTBBJTIwJTIwJTIwJTIwJTIybGF0aXR1ZGUlMjIlM0ElMjAyNi4xMjE3NzQzJTJDJTBBJTIwJTIwJTIwJTIwJTIybG9uZ2l0dWRlJTIyJTNBJTIwLTgwLjI1ODY2NTglMEElMjAlMjAlN0QlMkMlMEElMjAlMjAlMjJvcGVuaW5nSG91cnNTcGVjaWZpY2F0aW9uJTIyJTNBJTIwJTdCJTBBJTIwJTIwJTIwJTIwJTIyJTQwdHlwZSUyMiUzQSUyMCUyMk9wZW5pbmdIb3Vyc1NwZWNpZmljYXRpb24lMjIlMkMlMEElMjAlMjAlMjAlMjAlMjJkYXlPZldlZWslMjIlM0ElMjAlNUIlMEElMjAlMjAlMjAlMjAlMjAlMjAlMjJNb25kYXklMjIlMkMlMEElMjAlMjAlMjAlMjAlMjAlMjAlMjJUdWVzZGF5JTIyJTJDJTBBJTIwJTIwJTIwJTIwJTIwJTIwJTIyV2VkbmVzZGF5JTIyJTJDJTBBJTIwJTIwJTIwJTIwJTIwJTIwJTIyVGh1cnNkYXklMjIlMkMlMEElMjAlMjAlMjAlMjAlMjAlMjAlMjJGcmlkYXklMjIlMkMlMEElMjAlMjAlMjAlMjAlMjAlMjAlMjJTYXR1cmRheSUyMiUyQyUwQSUyMCUyMCUyMCUyMCUyMCUyMCUyMlN1bmRheSUyMiUwQSUyMCUyMCUyMCUyMCU1RCUyQyUwQSUyMCUyMCUyMCUyMCUyMm9wZW5zJTIyJTNBJTIwJTIyMDAlM0EwMCUyMiUyQyUwQSUyMCUyMCUyMCUyMCUyMmNsb3NlcyUyMiUzQSUyMCUyMjIzJTNBNTklMjIlMEElMjAlMjAlN0QlMkMlMEElMjAlMjAlMjJzYW1lQXMlMjIlM0ElMjAlNUIlMEElMjAlMjAlMjAlMjAlMjJodHRwcyUzQSUyRiUyRnd3dy5mYWNlYm9vay5jb20lMkZjZWNlcmVzYW50YW5hJTIyJTJDJTBBJTIwJTIwJTIwJTIwJTIyaHR0cHMlM0ElMkYlMkZ0d2l0dGVyLmNvbSUyRkNlY2VyZVNhbnRhbmElMjIlMkMlMEElMjAlMjAlMjAlMjAlMjJodHRwcyUzQSUyRiUyRnd3dy5jZWNlcmVzYW50YW5hLmNvbSUyRndwLWNvbnRlbnQlMkZ1cGxvYWRzJTJGMjAxOSUyRjA0JTJGbGlua2VkaW4tZmxhdC02NC5wbmclMjIlMEElMjAlMjAlNUQlMkMlMEElMjJhZ2dyZWdhdGVSYXRpbmclMjIlM0ElMjAlN0IlMEElMjIlNDB0eXBlJTIyJTNBJTIwJTIyQWdncmVnYXRlUmF0aW5nJTIyJTJDJTBBJTIycmF0aW5nVmFsdWUlMjIlM0ElMjAlMjI1JTIyJTJDJTBBJTIycmF0aW5nQ291bnQlMjIlM0ElMjAlMjIxJTIyJTJDJTBBJTIyd29yc3RSYXRpbmclMjIlM0ElMjAlMjIxJTIyJTBBJTdEJTdEJTJDJTBBJTdCJTBBJTIyJTQwdHlwZSUyMiUzQSUyMCUyMlJldmlldyUyMiUyQyUwQSUyMmF1dGhvciUyMiUzQSUyMCVFMiU4MCU5Q0t5bGUlMjBBLiVFMiU4MCU5RCUyQyUwQSUyMmRhdGVQdWJsaXNoZWQlMjIlM0ElMjAlMjIyJTJGMjUlMkYyMSUyMiUyQyUwQSUyMnJldmlld0JvZHklMjIlM0ElMjAlMjJUaGUlMjBzZXJ2aWNlcyUyMGdpdmVuJTIwbWFkZSUyMG1lJTIwZmVlbCUyMGxpa2UlMjBJJTIwZ290JTIwanVzdGljZSUyMGZvciUyMHdoYXQlMjBoYXBwZW5lZC4lRTIlODAlOUQlMkMlMEElN0QlMEElN0QlMEElM0MlMkZzY3JpcHQlM0U=[\/vc_raw_html][\/vc_column][\/vc_row][vc_row][vc_column][vc_raw_html]JTNDc2NyaXB0JTIwdHlwZSUzRCUyMmFwcGxpY2F0aW9uJTJGbGQlMkJqc29uJTIyJTNFJTBBJTdCJTBBJTIwJTIwJTIyJTQwY29udGV4dCUyMiUzQSUyMCUyMmh0dHBzJTNBJTJGJTJGc2NoZW1hLm9yZyUyMiUyQyUwQSUyMCUyMCUyMiU0MHR5cGUlMjIlM0ElMjAlMjJPcmdhbml6YXRpb24lMjIlMkMlMEElMjAlMjAlMjJuYW1lJTIyJTNBJTIwJTIyQ2VjZXJlJTIwU2FudGFuYSUyQyUyMFBBJTIyJTJDJTBBJTIwJTIwJTIyYWx0ZXJuYXRlTmFtZSUyMiUzQSUyMCUyMkNlY2VyZSUyMFNhbnRhbmElMjIlMkMlMEElMjAlMjAlMjJ1cmwlMjIlM0ElMjAlMjJodHRwcyUzQSUyRiUyRnd3dy5jZWNlcmVzYW50YW5hLmNvbSUyRiUyMiUyQyUwQSUyMCUyMCUyMmxvZ28lMjIlM0ElMjAlMjJodHRwcyUzQSUyRiUyRnd3dy5jZWNlcmVzYW50YW5hLmNvbSUyRndwLWNvbnRlbnQlMkZ1cGxvYWRzJTJGMjAxOSUyRjA0JTJGQ2VjZXJlLVNhbnRhbmEtTG9nby5wbmclMjIlMkMlMEElMjAlMjAlMjJzYW1lQXMlMjIlM0ElMjAlNUIlMEElMjAlMjAlMjAlMjAlMjJodHRwcyUzQSUyRiUyRnd3dy5mYWNlYm9vay5jb20lMkZjZWNlcmVzYW50YW5hJTIyJTJDJTBBJTIwJTIwJTIwJTIwJTIyaHR0cHMlM0ElMkYlMkZ0d2l0dGVyLmNvbSUyRkNlY2VyZVNhbnRhbmElMjIlMkMlMEElMjAlMjAlMjAlMjAlMjJodHRwcyUzQSUyRiUyRnd3dy5saW5rZWRpbi5jb20lMkZjb21wYW55JTJGY2VjZXJlLXNhbnRhbmEtcC1hLSUyMiUwQSUyMCUyMCU1RCUwQSU3RCUwQSUzQyUyRnNjcmlwdCUzRQ==[\/vc_raw_html][\/vc_column][\/vc_row]<\/p>\n<\/div><!-- AddThis Advanced Settings generic via filter on the_content --><!-- AddThis Share Buttons generic via filter on the_content -->","protected":false},"excerpt":{"rendered":"<p>[vc_row el_class=&#8221;attorneys-row&#8221;][vc_column][vc_column_text] Abogados en Fort Lauderdale [\/vc_column_text][vc_column_text css=&#8221;.vc_custom_1560529457320{margin-bottom: 20px !important;}&#8221;] Conozca a nuestros abogados del sur de la Florida [\/vc_column_text][vc_column_text] El abogado Erick Santana es fundador y socio de la firma de abogados Cecere Santana, PA. Lleva m\u00e1s de 30 a\u00f1os evaluando casos de lesiones personales y ha logrado resoluciones en miles de casos, en &hellip; <\/p>\n<p class=\"link-more\"><a href=\"https:\/\/www.ceceresantana.com\/es\/abogados\/\" class=\"more-link\">Continue reading<span class=\"screen-reader-text\"> &#8220;Abogados&#8221;<\/span><\/a><\/p>\n<p><!-- AddThis Advanced Settings generic via filter on get_the_excerpt --><!-- AddThis Share Buttons generic via filter on get_the_excerpt --><\/p>\n","protected":false},"author":1,"featured_media":0,"parent":0,"menu_order":0,"comment_status":"closed","ping_status":"closed","template":"","meta":{"_acf_changed":false,"footnotes":""},"class_list":["post-1643","page","type-page","status-publish"],"acf":[],"aioseo_notices":[],"_links":{"self":[{"href":"https:\/\/www.ceceresantana.com\/es\/wp-json\/wp\/v2\/pages\/1643","targetHints":{"allow":["GET"]}}],"collection":[{"href":"https:\/\/www.ceceresantana.com\/es\/wp-json\/wp\/v2\/pages"}],"about":[{"href":"https:\/\/www.ceceresantana.com\/es\/wp-json\/wp\/v2\/types\/page"}],"author":[{"embeddable":true,"href":"https:\/\/www.ceceresantana.com\/es\/wp-json\/wp\/v2\/users\/1"}],"replies":[{"embeddable":true,"href":"https:\/\/www.ceceresantana.com\/es\/wp-json\/wp\/v2\/comments?post=1643"}],"version-history":[{"count":0,"href":"https:\/\/www.ceceresantana.com\/es\/wp-json\/wp\/v2\/pages\/1643\/revisions"}],"wp:attachment":[{"href":"https:\/\/www.ceceresantana.com\/es\/wp-json\/wp\/v2\/media?parent=1643"}],"curies":[{"name":"wp","href":"https:\/\/api.w.org\/{rel}","templated":true}]}}