{"id":1637,"date":"2019-04-19T15:30:09","date_gmt":"2019-04-19T19:30:09","guid":{"rendered":"https:\/\/www.ceceresantana.com\/?page_id=1637"},"modified":"2026-01-23T17:21:07","modified_gmt":"2026-01-23T22:21:07","slug":"nuestro-equipo","status":"publish","type":"page","link":"https:\/\/www.ceceresantana.com\/es\/nuestro-equipo\/","title":{"rendered":"Nuestro Equipo"},"content":{"rendered":"<div class=\"wpb-content-wrapper\"><p>[vc_row][vc_column][vc_column_text]<\/p>\n<h1>Nuestro Equipo<\/h1>\n<hr \/>\n<p>[\/vc_column_text][vc_column_text]<\/p>\n<hr \/>\n<p><b><i><img loading=\"lazy\" decoding=\"async\" class=\"size-full wp-image-1822 alignleft\" src=\"https:\/\/www.ceceresantana.com\/es\/wp-content\/uploads\/2019\/04\/jennifer_profile.jpg\" alt=\"jennifer_profile\" width=\"117\" height=\"117\" srcset=\"https:\/\/www.ceceresantana.com\/es\/wp-content\/uploads\/2019\/04\/jennifer_profile.jpg 117w, https:\/\/www.ceceresantana.com\/es\/wp-content\/uploads\/2019\/04\/jennifer_profile-75x75.jpg 75w, https:\/\/www.ceceresantana.com\/es\/wp-content\/uploads\/2019\/04\/jennifer_profile-100x100.jpg 100w\" sizes=\"auto, (max-width: 117px) 100vw, 117px\" \/>Jennifer Cecere<\/i><\/b><\/p>\n<div style=\"color: #000000; font-family: Open Sans;\">\n<p>Yo trabajo con los abogados y gerentes de casos para finalizar los casos lo m\u00e1s pronto posible.<\/p><\/div>\n<p>[\/vc_column_text][vc_column_text]<\/p>\n<hr \/>\n<p><b><i><img loading=\"lazy\" decoding=\"async\" class=\"wp-image-1823 size-full alignleft\" src=\"https:\/\/www.ceceresantana.com\/es\/wp-content\/uploads\/2019\/04\/laura-diaz.jpg\" alt=\"laura-diaz\" width=\"117\" height=\"117\" srcset=\"https:\/\/www.ceceresantana.com\/es\/wp-content\/uploads\/2019\/04\/laura-diaz.jpg 117w, https:\/\/www.ceceresantana.com\/es\/wp-content\/uploads\/2019\/04\/laura-diaz-75x75.jpg 75w, https:\/\/www.ceceresantana.com\/es\/wp-content\/uploads\/2019\/04\/laura-diaz-100x100.jpg 100w\" sizes=\"auto, (max-width: 117px) 100vw, 117px\" \/>Laura Diaz<\/i><\/b><\/p>\n<div style=\"color: #000000; font-family: Open Sans;\">\n<p>Yo soy gerente de casos en el departamento de demandas. Yo trabajo con el cliente desde el primer d\u00eda y durante el proceso de su caso. Estoy aqu\u00ed para contestar sus preguntas, darle seguimiento a sus tratamientos y recuperaci\u00f3n durante el transcurso de su caso y hasta su conclusi\u00f3n. Yo hablo espa\u00f1ol.<\/p><\/div>\n<p>[\/vc_column_text][vc_column_text]<\/p>\n<hr \/>\n<p><b><i><img loading=\"lazy\" decoding=\"async\" class=\"wp-image-1824 size-full alignleft\" src=\"https:\/\/www.ceceresantana.com\/es\/wp-content\/uploads\/2019\/04\/lynn_profile.jpg\" alt=\"lynn_profile\" width=\"117\" height=\"117\" srcset=\"https:\/\/www.ceceresantana.com\/es\/wp-content\/uploads\/2019\/04\/lynn_profile.jpg 117w, https:\/\/www.ceceresantana.com\/es\/wp-content\/uploads\/2019\/04\/lynn_profile-75x75.jpg 75w, https:\/\/www.ceceresantana.com\/es\/wp-content\/uploads\/2019\/04\/lynn_profile-100x100.jpg 100w\" sizes=\"auto, (max-width: 117px) 100vw, 117px\" \/>Lynn Fernandez<\/i><\/b><\/p>\n<div style=\"color: #000000; font-family: Open Sans;\">\n<p>Yo soy la gerente de oficinas y gerente de casos en el departamento de demandas. Llevo casi 15 a\u00f1os trabajando en Cecere Santana, PA. Estoy aqu\u00ed para contestar sus preguntas en relaci\u00f3n a su caso y guiarlo por el proceso hasta llegar a una resoluci\u00f3n.<\/p><\/div>\n<p>[\/vc_column_text][vc_column_text]<\/p>\n<hr \/>\n<p><b><i><img loading=\"lazy\" decoding=\"async\" class=\"wp-image-1829 size-full alignleft\" src=\"https:\/\/www.ceceresantana.com\/es\/wp-content\/uploads\/2024\/04\/Cecere-Santanta-Erika.png\" alt=\"Erika Fiorino\" width=\"117\" height=\"117\" \/>Erika Fiorino<\/i><\/b><\/p>\n<div style=\"color: #000000; font-family: Open Sans;\">\n<p>Yo soy gerente de casos en el departamento de demandas. Yo trabajo directamente con los clientes para guiarlos durante el proceso legal. Yo estoy en contacto con los clientes con regularidad para contestar sus preguntas y darle seguimiento a sus tratamientos y recuperaci\u00f3n durante el transcurso de su caso. Yo trabajo en conjunto con cada cliente hasta la conclusi\u00f3n de su caso. Yo hablo espa\u00f1ol.<\/p><\/div>\n<p>[\/vc_column_text][vc_column_text]<\/p>\n<hr \/>\n<p><b><i><img loading=\"lazy\" decoding=\"async\" class=\"alignleft wp-image-4380\" src=\"https:\/\/www.ceceresantana.com\/es\/wp-content\/uploads\/2023\/07\/Maddy-e1690403907573.jpg\" alt=\"\" width=\"117\" height=\"117\" srcset=\"https:\/\/www.ceceresantana.com\/es\/wp-content\/uploads\/2023\/07\/Maddy-e1690403907573.jpg 480w, https:\/\/www.ceceresantana.com\/es\/wp-content\/uploads\/2023\/07\/Maddy-e1690403907573-300x300.jpg 300w, https:\/\/www.ceceresantana.com\/es\/wp-content\/uploads\/2023\/07\/Maddy-e1690403907573-150x150.jpg 150w, https:\/\/www.ceceresantana.com\/es\/wp-content\/uploads\/2023\/07\/Maddy-e1690403907573-75x75.jpg 75w, https:\/\/www.ceceresantana.com\/es\/wp-content\/uploads\/2023\/07\/Maddy-e1690403907573-100x100.jpg 100w\" sizes=\"auto, (max-width: 117px) 100vw, 117px\" \/>Madeline Jean<\/i><\/b><\/p>\n<div style=\"color: #000000; font-family: Open Sans;\">\n<p>Yo soy asistente legal y gerente de casos en el departamento de litigios. Yo trabajo en conjunto con los abogados preparando los casos que van a juicio, y a la vez asisto a los clientes durante este proceso.<\/p><\/div>\n<p>[\/vc_column_text][vc_column_text css=&#8221;&#8221;]<\/p>\n<hr \/>\n<p><b><i><img loading=\"lazy\" decoding=\"async\" class=\"wp-image-1829 size-full alignleft\" src=\"https:\/\/www.ceceresantana.com\/es\/wp-content\/uploads\/2026\/01\/Evelyn-Morejon.jpg\" alt=\"jannice-reyes-santana-2018\" width=\"117\" height=\"117\" \/>Evelyn Morejon-Daher<\/i><\/b><\/p>\n<div style=\"color: #000000; font-family: Open Sans;\">\n<p>Yo soy asistente legal y gerente de casos en el departamento de litigios. Llevo m\u00e1s de 30 a\u00f1os trabajando en el campo legal. Yo trabajo junto con los abogados preparando los casos que van a juicio, y asisto a los clientes durante este proceso. Yo hablo espa\u00f1ol.<\/p><\/div>\n<p>[\/vc_column_text][vc_column_text]<\/p>\n<hr \/>\n<p><b><i><img loading=\"lazy\" decoding=\"async\" class=\"wp-image-1829 size-full alignleft\" src=\"https:\/\/www.ceceresantana.com\/es\/wp-content\/uploads\/2019\/04\/jannice-reyes-santana-2018.jpg\" alt=\"jannice-reyes-santana-2018\" width=\"117\" height=\"117\" srcset=\"https:\/\/www.ceceresantana.com\/es\/wp-content\/uploads\/2019\/04\/jannice-reyes-santana-2018.jpg 117w, https:\/\/www.ceceresantana.com\/es\/wp-content\/uploads\/2019\/04\/jannice-reyes-santana-2018-75x75.jpg 75w, https:\/\/www.ceceresantana.com\/es\/wp-content\/uploads\/2019\/04\/jannice-reyes-santana-2018-100x100.jpg 100w\" sizes=\"auto, (max-width: 117px) 100vw, 117px\" \/>Jannice Reyes-Santana<\/i><\/b><\/p>\n<div style=\"color: #000000; font-family: Open Sans;\">\n<p>Yo estoy a cargo de mantener a nuestros clientes informados de las ultimas noticias y novedades sobre el bufete. Manejo nuestras p\u00e1ginas de internet y redes sociales, adem\u00e1s de mantener nuestros clientes al d\u00eda a trav\u00e9s de nuestros boletines y correos electr\u00f3nicos. Yo hablo espa\u00f1ol.<\/p><\/div>\n<p>[\/vc_column_text][\/vc_column][\/vc_row][vc_row css=&#8221;.vc_custom_1713814138052{margin-top: 0px !important;margin-bottom: 0px !important;padding-top: 0px !important;padding-bottom: 0px !important;}&#8221;][vc_column][vc_raw_html]JTNDbGluayUyMHJlbCUzRCUyMmFsdGVybmF0ZSUyMiUyMGhyZWYlM0QlMjJodHRwcyUzQSUyRiUyRnd3dy5jZWNlcmVzYW50YW5hLmNvbSUyRm1lZXQtb3VyLXRlYW0lMkYlMjIlMjBocmVmbGFuZyUzRCUyMmVuLXVzJTIyJTIwJTJGJTNFJTBBJTNDbGluayUyMHJlbCUzRCUyMmFsdGVybmF0ZSUyMiUyMGhyZWYlM0QlMjJodHRwcyUzQSUyRiUyRnd3dy5jZWNlcmVzYW50YW5hLmNvbSUyRmVzJTJGbnVlc3Ryby1lcXVpcG8lMkYlMjIlMjBocmVmbGFuZyUzRCUyMmVzLW14JTIyJTIwJTJGJTNFJTBBJTNDbGluayUyMHJlbCUzRCUyMmFsdGVybmF0ZSUyMiUyMGhyZWYlM0QlMjJodHRwcyUzQSUyRiUyRnd3dy5jZWNlcmVzYW50YW5hLmNvbSUyRmVzJTJGbnVlc3Ryby1lcXVpcG8lMkYlMjIlMjBocmVmbGFuZyUzRCUyMmVzLWVzJTIyJTIwJTJGJTNF[\/vc_raw_html][\/vc_column][\/vc_row][vc_row css=&#8221;.vc_custom_1713814148380{margin-top: 0px !important;margin-bottom: 0px !important;padding-top: 0px !important;padding-bottom: 0px !important;}&#8221;][vc_column css=&#8221;.vc_custom_1713814156707{margin-top: 0px !important;margin-bottom: 0px !important;padding-top: 0px !important;padding-bottom: 0px !important;}&#8221;][vc_raw_html]JTNDc2NyaXB0JTIwdHlwZSUzRCUyMmFwcGxpY2F0aW9uJTJGbGQlMkJqc29uJTIyJTNFJTBBJTdCJTBBJTIwJTIwJTIyJTQwY29udGV4dCUyMiUzQSUyMCUyMmh0dHBzJTNBJTJGJTJGc2NoZW1hLm9yZyUyMiUyQyUwQSUyMCUyMCUyMiU0MHR5cGUlMjIlM0ElMjAlMjJBdHRvcm5leSUyMiUyQyUwQSUyMCUyMCUyMm5hbWUlMjIlM0ElMjAlMjJDZWNlcmUlMjBTYW50YW5hJTJDJTIwUEElMjIlMkMlMEElMjAlMjAlMjJpbWFnZSUyMiUzQSUyMCUyMmh0dHBzJTNBJTJGJTJGd3d3LmNlY2VyZXNhbnRhbmEuY29tJTJGd3AtY29udGVudCUyRnVwbG9hZHMlMkYyMDE5JTJGMDQlMkZDZWNlcmUtU2FudGFuYS1Mb2dvLnBuZyUyMiUyQyUwQSUyMCUyMCUyMiU0MGlkJTIyJTNBJTIwJTIyaHR0cHMlM0ElMkYlMkZ3d3cuY2VjZXJlc2FudGFuYS5jb20lMkYlMjIlMkMlMEElMjAlMjAlMjJ1cmwlMjIlM0ElMjAlMjJodHRwcyUzQSUyRiUyRnd3dy5jZWNlcmVzYW50YW5hLmNvbSUyRiUyMiUyQyUwQSUyMCUyMCUyMnRlbGVwaG9uZSUyMiUzQSUyMCUyMjgwMC03NTMtNTUyOSUyMiUyQyUwQSUyMCUyMCUyMnByaWNlUmFuZ2UlMjIlM0ElMjAlMjIlMjQlMjQlMjQlMjIlMkMlMEElMjAlMjAlMjJhZGRyZXNzJTIyJTNBJTIwJTdCJTBBJTIwJTIwJTIwJTIwJTIyJTQwdHlwZSUyMiUzQSUyMCUyMlBvc3RhbEFkZHJlc3MlMjIlMkMlMEElMjAlMjAlMjAlMjAlMjJzdHJlZXRBZGRyZXNzJTIyJTNBJTIwJTIyODIxMSUyMFclMjBCcm93YXJkJTIwQmx2ZCUyMCUyMzQ2MCUyMiUyQyUwQSUyMCUyMCUyMCUyMCUyMmFkZHJlc3NMb2NhbGl0eSUyMiUzQSUyMCUyMlBsYW50YXRpb24lMjIlMkMlMEElMjAlMjAlMjAlMjAlMjJhZGRyZXNzUmVnaW9uJTIyJTNBJTIwJTIyRkwlMjIlMkMlMEElMjAlMjAlMjAlMjAlMjJwb3N0YWxDb2RlJTIyJTNBJTIwJTIyMzMzMjQlMjIlMkMlMEElMjAlMjAlMjAlMjAlMjJhZGRyZXNzQ291bnRyeSUyMiUzQSUyMCUyMlVTJTIyJTBBJTIwJTIwJTdEJTJDJTBBJTIwJTIwJTIyZ2VvJTIyJTNBJTIwJTdCJTBBJTIwJTIwJTIwJTIwJTIyJTQwdHlwZSUyMiUzQSUyMCUyMkdlb0Nvb3JkaW5hdGVzJTIyJTJDJTBBJTIwJTIwJTIwJTIwJTIybGF0aXR1ZGUlMjIlM0ElMjAyNi4xMjE3NzQzJTJDJTBBJTIwJTIwJTIwJTIwJTIybG9uZ2l0dWRlJTIyJTNBJTIwLTgwLjI1ODY2NTglMEElMjAlMjAlN0QlMkMlMEElMjAlMjAlMjJvcGVuaW5nSG91cnNTcGVjaWZpY2F0aW9uJTIyJTNBJTIwJTdCJTBBJTIwJTIwJTIwJTIwJTIyJTQwdHlwZSUyMiUzQSUyMCUyMk9wZW5pbmdIb3Vyc1NwZWNpZmljYXRpb24lMjIlMkMlMEElMjAlMjAlMjAlMjAlMjJkYXlPZldlZWslMjIlM0ElMjAlNUIlMEElMjAlMjAlMjAlMjAlMjAlMjAlMjJNb25kYXklMjIlMkMlMEElMjAlMjAlMjAlMjAlMjAlMjAlMjJUdWVzZGF5JTIyJTJDJTBBJTIwJTIwJTIwJTIwJTIwJTIwJTIyV2VkbmVzZGF5JTIyJTJDJTBBJTIwJTIwJTIwJTIwJTIwJTIwJTIyVGh1cnNkYXklMjIlMkMlMEElMjAlMjAlMjAlMjAlMjAlMjAlMjJGcmlkYXklMjIlMkMlMEElMjAlMjAlMjAlMjAlMjAlMjAlMjJTYXR1cmRheSUyMiUyQyUwQSUyMCUyMCUyMCUyMCUyMCUyMCUyMlN1bmRheSUyMiUwQSUyMCUyMCUyMCUyMCU1RCUyQyUwQSUyMCUyMCUyMCUyMCUyMm9wZW5zJTIyJTNBJTIwJTIyMDAlM0EwMCUyMiUyQyUwQSUyMCUyMCUyMCUyMCUyMmNsb3NlcyUyMiUzQSUyMCUyMjIzJTNBNTklMjIlMEElMjAlMjAlN0QlMkMlMEElMjAlMjAlMjJzYW1lQXMlMjIlM0ElMjAlNUIlMEElMjAlMjAlMjAlMjAlMjJodHRwcyUzQSUyRiUyRnd3dy5mYWNlYm9vay5jb20lMkZjZWNlcmVzYW50YW5hJTIyJTJDJTBBJTIwJTIwJTIwJTIwJTIyaHR0cHMlM0ElMkYlMkZ0d2l0dGVyLmNvbSUyRkNlY2VyZVNhbnRhbmElMjIlMkMlMEElMjAlMjAlMjAlMjAlMjJodHRwcyUzQSUyRiUyRnd3dy5jZWNlcmVzYW50YW5hLmNvbSUyRndwLWNvbnRlbnQlMkZ1cGxvYWRzJTJGMjAxOSUyRjA0JTJGbGlua2VkaW4tZmxhdC02NC5wbmclMjIlMEElMjAlMjAlNUQlMkMlMEElMjJhZ2dyZWdhdGVSYXRpbmclMjIlM0ElMjAlN0IlMEElMjIlNDB0eXBlJTIyJTNBJTIwJTIyQWdncmVnYXRlUmF0aW5nJTIyJTJDJTBBJTIycmF0aW5nVmFsdWUlMjIlM0ElMjAlMjI1JTIyJTJDJTBBJTIycmF0aW5nQ291bnQlMjIlM0ElMjAlMjIxJTIyJTJDJTBBJTIyd29yc3RSYXRpbmclMjIlM0ElMjAlMjIxJTIyJTBBJTdEJTdEJTJDJTBBJTdCJTBBJTIyJTQwdHlwZSUyMiUzQSUyMCUyMlJldmlldyUyMiUyQyUwQSUyMmF1dGhvciUyMiUzQSUyMCVFMiU4MCU5Q0t5bGUlMjBBLiVFMiU4MCU5RCUyQyUwQSUyMmRhdGVQdWJsaXNoZWQlMjIlM0ElMjAlMjIyJTJGMjUlMkYyMSUyMiUyQyUwQSUyMnJldmlld0JvZHklMjIlM0ElMjAlMjJUaGUlMjBzZXJ2aWNlcyUyMGdpdmVuJTIwbWFkZSUyMG1lJTIwZmVlbCUyMGxpa2UlMjBJJTIwZ290JTIwanVzdGljZSUyMGZvciUyMHdoYXQlMjBoYXBwZW5lZC4lRTIlODAlOUQlMkMlMEElN0QlMEElN0QlMEElM0MlMkZzY3JpcHQlM0U=[\/vc_raw_html][\/vc_column][\/vc_row][vc_row][vc_column][vc_raw_html]JTNDc2NyaXB0JTIwdHlwZSUzRCUyMmFwcGxpY2F0aW9uJTJGbGQlMkJqc29uJTIyJTNFJTBBJTdCJTBBJTIwJTIwJTIyJTQwY29udGV4dCUyMiUzQSUyMCUyMmh0dHBzJTNBJTJGJTJGc2NoZW1hLm9yZyUyMiUyQyUwQSUyMCUyMCUyMiU0MHR5cGUlMjIlM0ElMjAlMjJPcmdhbml6YXRpb24lMjIlMkMlMEElMjAlMjAlMjJuYW1lJTIyJTNBJTIwJTIyQ2VjZXJlJTIwU2FudGFuYSUyQyUyMFBBJTIyJTJDJTBBJTIwJTIwJTIyYWx0ZXJuYXRlTmFtZSUyMiUzQSUyMCUyMkNlY2VyZSUyMFNhbnRhbmElMjIlMkMlMEElMjAlMjAlMjJ1cmwlMjIlM0ElMjAlMjJodHRwcyUzQSUyRiUyRnd3dy5jZWNlcmVzYW50YW5hLmNvbSUyRiUyMiUyQyUwQSUyMCUyMCUyMmxvZ28lMjIlM0ElMjAlMjJodHRwcyUzQSUyRiUyRnd3dy5jZWNlcmVzYW50YW5hLmNvbSUyRndwLWNvbnRlbnQlMkZ1cGxvYWRzJTJGMjAxOSUyRjA0JTJGQ2VjZXJlLVNhbnRhbmEtTG9nby5wbmclMjIlMkMlMEElMjAlMjAlMjJzYW1lQXMlMjIlM0ElMjAlNUIlMEElMjAlMjAlMjAlMjAlMjJodHRwcyUzQSUyRiUyRnd3dy5mYWNlYm9vay5jb20lMkZjZWNlcmVzYW50YW5hJTIyJTJDJTBBJTIwJTIwJTIwJTIwJTIyaHR0cHMlM0ElMkYlMkZ0d2l0dGVyLmNvbSUyRkNlY2VyZVNhbnRhbmElMjIlMkMlMEElMjAlMjAlMjAlMjAlMjJodHRwcyUzQSUyRiUyRnd3dy5saW5rZWRpbi5jb20lMkZjb21wYW55JTJGY2VjZXJlLXNhbnRhbmEtcC1hLSUyMiUwQSUyMCUyMCU1RCUwQSU3RCUwQSUzQyUyRnNjcmlwdCUzRQ==[\/vc_raw_html][\/vc_column][\/vc_row]<\/p>\n<\/div><!-- AddThis Advanced Settings generic via filter on the_content --><!-- AddThis Share Buttons generic via filter on the_content -->","protected":false},"excerpt":{"rendered":"<p>[vc_row][vc_column][vc_column_text] Nuestro Equipo [\/vc_column_text][vc_column_text] Jennifer Cecere Yo trabajo con los abogados y gerentes de casos para finalizar los casos lo m\u00e1s pronto posible. [\/vc_column_text][vc_column_text] Laura Diaz Yo soy gerente de casos en el departamento de demandas. Yo trabajo con el cliente desde el primer d\u00eda y durante el proceso de su caso. Estoy aqu\u00ed para &hellip; <\/p>\n<p class=\"link-more\"><a href=\"https:\/\/www.ceceresantana.com\/es\/nuestro-equipo\/\" class=\"more-link\">Continue reading<span class=\"screen-reader-text\"> &#8220;Nuestro Equipo&#8221;<\/span><\/a><\/p>\n<p><!-- AddThis Advanced Settings generic via filter on get_the_excerpt --><!-- AddThis Share Buttons generic via filter on get_the_excerpt --><\/p>\n","protected":false},"author":1,"featured_media":0,"parent":0,"menu_order":0,"comment_status":"closed","ping_status":"closed","template":"","meta":{"_acf_changed":false,"footnotes":""},"class_list":["post-1637","page","type-page","status-publish"],"acf":[],"aioseo_notices":[],"_links":{"self":[{"href":"https:\/\/www.ceceresantana.com\/es\/wp-json\/wp\/v2\/pages\/1637","targetHints":{"allow":["GET"]}}],"collection":[{"href":"https:\/\/www.ceceresantana.com\/es\/wp-json\/wp\/v2\/pages"}],"about":[{"href":"https:\/\/www.ceceresantana.com\/es\/wp-json\/wp\/v2\/types\/page"}],"author":[{"embeddable":true,"href":"https:\/\/www.ceceresantana.com\/es\/wp-json\/wp\/v2\/users\/1"}],"replies":[{"embeddable":true,"href":"https:\/\/www.ceceresantana.com\/es\/wp-json\/wp\/v2\/comments?post=1637"}],"version-history":[{"count":0,"href":"https:\/\/www.ceceresantana.com\/es\/wp-json\/wp\/v2\/pages\/1637\/revisions"}],"wp:attachment":[{"href":"https:\/\/www.ceceresantana.com\/es\/wp-json\/wp\/v2\/media?parent=1637"}],"curies":[{"name":"wp","href":"https:\/\/api.w.org\/{rel}","templated":true}]}}