{"id":1615,"date":"2019-04-19T13:50:18","date_gmt":"2019-04-19T17:50:18","guid":{"rendered":"https:\/\/www.ceceresantana.com\/?page_id=1615"},"modified":"2023-04-01T19:40:00","modified_gmt":"2023-04-01T23:40:00","slug":"nuestra-firma","status":"publish","type":"page","link":"https:\/\/www.ceceresantana.com\/es\/nuestra-firma\/","title":{"rendered":"Nuestra Firma"},"content":{"rendered":"<div class=\"wpb-content-wrapper\"><p>[vc_row][vc_column][vc_column_text]<\/p>\n<h1>Nuestra Firma<\/h1>\n<p>Como su equipo de abogados, nos comprometemos a ayudarle y guiarle por cada paso de su caso. Nosotros le contestaremos todas sus preguntas en relaci\u00f3n a su caso. Adem\u00e1s, le ofreceremos orientaci\u00f3n y una explicaci\u00f3n clara y detallada de sus derechos legales. Basada en nuestra experiencia previa como tasadores de seguro, podemos ofrecerle una perspectiva \u00fanica de c\u00f3mo debe proceder en su reclamaci\u00f3n ante la compa\u00f1\u00eda de seguros, y de esta forma ayudarle a encaminarse lo m\u00e1s pronto posible. Adem\u00e1s de proveerle con asesoramiento legal y de luchar por sus derechos, nos comprometemos a ofrecerle un excelente servicio. Nuestra firma trabajar\u00e1 con diligencia y a la brevedad posible para obtener el mejor resultado en su caso. Cuando usted llame a esta firma, ser\u00e1 tratado con respeto y sus preguntas ser\u00e1n contestadas dej\u00e1ndolo con la seguridad y tranquilidad de que estamos trabajando arduamente a su favor.<\/p>\n<p>Para m\u00e1s informaci\u00f3n sobre el bufete de abogados Cecere Santana, PA y para solicitar una consulta gratis, favor de comunicarse con nosotros al tel\u00e9fono 800 75 FL LAW o llene nuestro formulario. Nuestra firma provee a nuestros clientes en Fort Lauderdale, Hollywood, Sunrise, Coral Springs, Pembroke Pines, Miami, Palm Beach, Fort Myers, Naples y \u00e1reas cercanas con extensa representaci\u00f3n legal en las ramas de da\u00f1os personales y da\u00f1os a la propiedad.[\/vc_column_text][\/vc_column][\/vc_row]<\/p>\n<\/div><!-- AddThis Advanced Settings generic via filter on the_content --><!-- AddThis Share Buttons generic via filter on the_content -->","protected":false},"excerpt":{"rendered":"<p>[vc_row][vc_column][vc_column_text] Nuestra Firma Como su equipo de abogados, nos comprometemos a ayudarle y guiarle por cada paso de su caso. Nosotros le contestaremos todas sus preguntas en relaci\u00f3n a su caso. Adem\u00e1s, le ofreceremos orientaci\u00f3n y una explicaci\u00f3n clara y detallada de sus derechos legales. Basada en nuestra experiencia previa como tasadores de seguro, podemos &hellip; <\/p>\n<p class=\"link-more\"><a href=\"https:\/\/www.ceceresantana.com\/es\/nuestra-firma\/\" class=\"more-link\">Continue reading<span class=\"screen-reader-text\"> &#8220;Nuestra Firma&#8221;<\/span><\/a><\/p>\n<p><!-- AddThis Advanced Settings generic via filter on get_the_excerpt --><!-- AddThis Share Buttons generic via filter on get_the_excerpt --><\/p>\n","protected":false},"author":1,"featured_media":0,"parent":0,"menu_order":0,"comment_status":"closed","ping_status":"closed","template":"","meta":{"_acf_changed":false,"footnotes":""},"class_list":["post-1615","page","type-page","status-publish"],"acf":[],"aioseo_notices":[],"_links":{"self":[{"href":"https:\/\/www.ceceresantana.com\/es\/wp-json\/wp\/v2\/pages\/1615","targetHints":{"allow":["GET"]}}],"collection":[{"href":"https:\/\/www.ceceresantana.com\/es\/wp-json\/wp\/v2\/pages"}],"about":[{"href":"https:\/\/www.ceceresantana.com\/es\/wp-json\/wp\/v2\/types\/page"}],"author":[{"embeddable":true,"href":"https:\/\/www.ceceresantana.com\/es\/wp-json\/wp\/v2\/users\/1"}],"replies":[{"embeddable":true,"href":"https:\/\/www.ceceresantana.com\/es\/wp-json\/wp\/v2\/comments?post=1615"}],"version-history":[{"count":0,"href":"https:\/\/www.ceceresantana.com\/es\/wp-json\/wp\/v2\/pages\/1615\/revisions"}],"wp:attachment":[{"href":"https:\/\/www.ceceresantana.com\/es\/wp-json\/wp\/v2\/media?parent=1615"}],"curies":[{"name":"wp","href":"https:\/\/api.w.org\/{rel}","templated":true}]}}